{"id":24618,"date":"2026-01-31T21:18:31","date_gmt":"2026-01-31T19:18:31","guid":{"rendered":"https:\/\/dev.garden.ee\/?post_type=product&#038;p=24618"},"modified":"2026-03-09T12:22:52","modified_gmt":"2026-03-09T10:22:52","slug":"biedermeier","status":"publish","type":"product","link":"https:\/\/dev.garden.ee\/en\/product\/biedermeier\/","title":{"rendered":"Biedermeier\u00ae UUS!"},"content":{"rendered":"<input class=\"fooboxshare_post_id\" type=\"hidden\" value=\"24618\"\/>","protected":false},"excerpt":{"rendered":"<p data-start=\"0\" data-end=\"383\">Madala ja kompaktse kasvukujuga v\u00e4ga k\u00fclmakindel sort, mida peetakse v\u00e4ga heaks terrassi ja r\u00f5du roosiks. 8 &#8211; 10 cm \u00f5ied avanevad v\u00e4ga aeglaselt ja ilmuvad suurtes, 3\u20135 \u00f5iest koosnevates, kimpudes \u00fchel varrel. Kahev\u00e4rvilised, kirjeldatud ka kirsipunase ja rohekasvalge tooniga, kerakujulised \u00f5ied p\u00fcsivad v\u00e4ga kaua. Ning peetakse \u00fcsna haruldaseks oma madala ja kompaktse kasvu kohta. Lehed on tumerohelised ja v\u00e4ga l\u00e4ikivad. Vaasis v\u00e4ga kaunis Biedermeieri stiilis kimpudena.<\/p>\n<p data-start=\"0\" data-end=\"383\">Sobib kasutamiseks pottides ja konteinerites, v\u00e4ikestes gruppides peenardel, l\u00f5ikelilleks.<\/p>\n<p><span style=\"color: #ff0000;\">ETTETELLIMINE, V\u00c4LJASTAMINE APRILLI TEISEST POOLEST<\/span><\/p>","protected":false},"featured_media":24687,"template":"","meta":[],"product_brand":[],"product_cat":[9637,4413,9550,4416,4402,4408,22],"product_tag":[9780],"class_list":{"0":"post-24618","1":"product","2":"type-product","3":"status-publish","4":"has-post-thumbnail","6":"product_cat-istutuskast","7":"product_cat-loikelilleaed","8":"product_cat-rodu-ja-terrass","9":"product_cat-roosiaed","10":"product_cat-roosid","11":"product_cat-vaike-aed","12":"product_cat-taimed","13":"product_tag-uus","14":"pa_aretus-rosen-tantau","15":"pa_avalikustamisaasta-saksamaa-2004","16":"pa_haiguskindlus-hea","17":"pa_kasvukorgus-30-50-cm","18":"pa_laius-35-40-cm","19":"pa_lisainfo-sobilik-istutuskasti-jaoks","20":"pa_lisainfo-sobib-loikelilleks","21":"pa_lohn-lohnatu","22":"pa_oie-suurus-suur","23":"pa_oie-varv-kahevarviline","24":"pa_oie-varv-kreemjas","25":"pa_oie-varv-rohekasvalge","26":"pa_oie-varv-roosakas","27":"pa_oietuup-taidisois","28":"pa_oitsemine-korduvalt-oitsev","29":"pa_sort-vaikepoosas","30":"pa_sort-patio-roos","31":"pa_sunonuum-laetitia-pujol-f","32":"pa_sunonuum-moonshine-uk","33":"pa_taimede-arvestus-ruutmeetri-6-8","34":"pa_talvekindlus-vaga-hea","35":"pa_variatsioon-potis-2l-kevadel","36":"pa_variatsioon-potis-4-6l","38":"first","39":"outofstock","40":"purchasable","41":"product-type-variable"},"acf":[],"_links":{"self":[{"href":"https:\/\/dev.garden.ee\/en\/wp-json\/wp\/v2\/product\/24618","targetHints":{"allow":["GET"]}}],"collection":[{"href":"https:\/\/dev.garden.ee\/en\/wp-json\/wp\/v2\/product"}],"about":[{"href":"https:\/\/dev.garden.ee\/en\/wp-json\/wp\/v2\/types\/product"}],"wp:featuredmedia":[{"embeddable":true,"href":"https:\/\/dev.garden.ee\/en\/wp-json\/wp\/v2\/media\/24687"}],"wp:attachment":[{"href":"https:\/\/dev.garden.ee\/en\/wp-json\/wp\/v2\/media?parent=24618"}],"wp:term":[{"taxonomy":"product_brand","embeddable":true,"href":"https:\/\/dev.garden.ee\/en\/wp-json\/wp\/v2\/product_brand?post=24618"},{"taxonomy":"product_cat","embeddable":true,"href":"https:\/\/dev.garden.ee\/en\/wp-json\/wp\/v2\/product_cat?post=24618"},{"taxonomy":"product_tag","embeddable":true,"href":"https:\/\/dev.garden.ee\/en\/wp-json\/wp\/v2\/product_tag?post=24618"}],"curies":[{"name":"wp","href":"https:\/\/api.w.org\/{rel}","templated":true}]}}