{"id":2461,"date":"2023-01-18T17:15:09","date_gmt":"2023-01-18T15:15:09","guid":{"rendered":"https:\/\/dev.zezz.ee\/garden\/toode\/hosta-tokudama-aureonebulosa\/"},"modified":"2026-02-27T16:34:16","modified_gmt":"2026-02-27T14:34:16","slug":"hosta-tokudama-aureonebulosa","status":"publish","type":"product","link":"https:\/\/dev.garden.ee\/en\/product\/hosta-tokudama-aureonebulosa\/","title":{"rendered":"Hosta tokudama &#8216;Aureonebulosa&#8217;"},"content":{"rendered":"<input class=\"fooboxshare_post_id\" type=\"hidden\" value=\"2461\"\/>","protected":false},"excerpt":{"rendered":"<p>Suured, kurrulised, peaaegu \u00fcmmargused lehed on kollakasrohelised. Lehtede \u00e4\u00e4ristus on hoopiski ebakorrap\u00e4raselt sinakasroheline. Suhteliselt aeglase kasvuga kompaktselt \u00fcmmargune p\u00f5\u00f5sas, mis muutub aasta-aastalt \u00fcha atraktiivsemaks, kollakasroheline lehev\u00e4rvus muutub j\u00e4rjest kuldsemaks. Suve algul ilmuvad helelillad, peaaegu valged, liiliakujulised \u00f5ied. Selle sordi kortsulisi lehti kiriteod ei armasta.\u00a0Hostad on v\u00e4hen\u00f5udlikud ja k\u00fcllaltki talvekindlad p\u00fcsililled, mis kasvavad h\u00e4sti haritud, v\u00e4etatud ja parasniiskel, neutraalsel v\u00f5i n\u00f5rgalt happelisel aiamullal. Kuival liivmullal v\u00f5ivad j\u00e4\u00e4da kiduraks. Soodsate tingimuste korral v\u00f5ivad samal kohal kasvada aastak\u00fcmneid. Sobivad h\u00e4sti p\u00fcsilillealadesse nii \u00fcksik taime kui ka r\u00fchmana.<\/p>","protected":false},"featured_media":25589,"template":"","meta":[],"product_brand":[],"product_cat":[4406,4401,4412,22],"product_tag":[],"class_list":{"0":"post-2461","1":"product","2":"type-product","3":"status-publish","4":"has-post-thumbnail","6":"product_cat-park","7":"product_cat-pusikud","8":"product_cat-varjuaed","9":"product_cat-taimed","10":"pa_haiguskindlus-vaga-hea","11":"pa_moodud-k-45-cm-l-90-cm","12":"pa_oie-varv-valge","13":"pa_oitsemise-aeg-juuni-juuli","14":"pa_talvekindlus-vaga-hea","15":"pa_tsoon-3-9","16":"pa_variatsioon-suurem-pott","17":"pa_variatsioon-vaiksem-pott","19":"first","20":"instock","21":"purchasable","22":"product-type-variable"},"acf":[],"_links":{"self":[{"href":"https:\/\/dev.garden.ee\/en\/wp-json\/wp\/v2\/product\/2461","targetHints":{"allow":["GET"]}}],"collection":[{"href":"https:\/\/dev.garden.ee\/en\/wp-json\/wp\/v2\/product"}],"about":[{"href":"https:\/\/dev.garden.ee\/en\/wp-json\/wp\/v2\/types\/product"}],"wp:featuredmedia":[{"embeddable":true,"href":"https:\/\/dev.garden.ee\/en\/wp-json\/wp\/v2\/media\/25589"}],"wp:attachment":[{"href":"https:\/\/dev.garden.ee\/en\/wp-json\/wp\/v2\/media?parent=2461"}],"wp:term":[{"taxonomy":"product_brand","embeddable":true,"href":"https:\/\/dev.garden.ee\/en\/wp-json\/wp\/v2\/product_brand?post=2461"},{"taxonomy":"product_cat","embeddable":true,"href":"https:\/\/dev.garden.ee\/en\/wp-json\/wp\/v2\/product_cat?post=2461"},{"taxonomy":"product_tag","embeddable":true,"href":"https:\/\/dev.garden.ee\/en\/wp-json\/wp\/v2\/product_tag?post=2461"}],"curies":[{"name":"wp","href":"https:\/\/api.w.org\/{rel}","templated":true}]}}