{"id":24609,"date":"2026-01-31T19:37:05","date_gmt":"2026-01-31T17:37:05","guid":{"rendered":"https:\/\/dev.garden.ee\/?post_type=product&#038;p=24609"},"modified":"2026-02-03T09:21:51","modified_gmt":"2026-02-03T07:21:51","slug":"bees-paradise-rose-bernstein","status":"publish","type":"product","link":"https:\/\/dev.garden.ee\/en\/product\/bees-paradise-rose-bernstein\/","title":{"rendered":"Bees Paradise Rose\u00ae Bernstein UUDIS!"},"content":{"rendered":"<input class=\"fooboxshare_post_id\" type=\"hidden\" value=\"24609\"\/>","protected":false},"excerpt":{"rendered":"<p>Tuntud ka nimega Bienenweide\u00ae Bernstein. See vapustav p\u00fcstise kasvuga tihe p\u00f5\u00f5sasroos on t\u00f5eline h\u00fcbriid kahe maailma vahel: Aprikoosiv\u00e4rv teeb temast esimese sooja tooni esindaja Tantau rooside seas. Ja vastab suurep\u00e4raselt Bees paradise roses\u00ae n\u00f5uetele: putukas\u00f5bralik, robustne, p\u00f5\u00f5sas-kompaktne ja lisaks veel ilmekate punaste m\u00e4rgistega kaunistatud! Praktiliselt Bees paradise rose\u00ae idamaises kleidis. V\u00e4ga hinnaline roos Bees paradise roses\u00ae kollektsioonis!<\/p>\n<p>Sobib kasutamiseks v\u00e4ikeste gruppidena, naturaalsetes aedades, romantilistes aedades koos p\u00fcsikutega, massistutusena, roosihekiks, avalikele haljasaladele, suurtesse peenardesse, kirikuaedadesse, terrassile, pottidesse.<\/p>\n<p>Auhind: Best groundcover rose Barcelona \/ Spain, 2024.<\/p>\n<p><span style=\"color: #ff0000;\">ETTETELLIMINE, V\u00c4LJASTAMINE APRILLI TEISEST POOLEST<\/span><\/p>","protected":false},"featured_media":24685,"template":"","meta":[],"product_brand":[],"product_cat":[4395,9637,9650,6934,9550,4416,4402,22],"product_tag":[],"class_list":{"0":"post-24609","1":"product","2":"type-product","3":"status-publish","4":"has-post-thumbnail","6":"product_cat-hekid","7":"product_cat-istutuskast","8":"product_cat-looduslik-aed","9":"product_cat-mesilassobralik-aed","10":"product_cat-rodu-ja-terrass","11":"product_cat-roosiaed","12":"product_cat-roosid","13":"product_cat-taimed","14":"pa_aretus-rosen-tantau","15":"pa_avalikustamisaasta-saksamaa-2023","16":"pa_haiguskindlus-vaga-hea","17":"pa_kasvukorgus-40-60-cm","18":"pa_laius-45-50-cm","19":"pa_lisainfo-ideaalne-heki-loomiseks","20":"pa_lisainfo-mesilaste-lemmik","21":"pa_lisainfo-sobilik-istutuskasti-jaoks","22":"pa_lohn-orn","23":"pa_oie-suurus-vaike","24":"pa_oie-varv-aprikoos","25":"pa_oietuup-pooltaidisois","26":"pa_oitsemine-korduvalt-oitsev","27":"pa_sort-pinnakatteroos","28":"pa_sort-vaikepoosas","29":"pa_sunonuum-bees-paradise-bernstein-uk","30":"pa_taimede-arvestus-ruutmeetri-4-5","31":"pa_talvekindlus-vaga-hea","32":"pa_variatsioon-potis-2l-kevadel","33":"pa_variatsioon-potis-4-6l","35":"first","36":"outofstock","37":"purchasable","38":"product-type-variable"},"acf":[],"_links":{"self":[{"href":"https:\/\/dev.garden.ee\/en\/wp-json\/wp\/v2\/product\/24609","targetHints":{"allow":["GET"]}}],"collection":[{"href":"https:\/\/dev.garden.ee\/en\/wp-json\/wp\/v2\/product"}],"about":[{"href":"https:\/\/dev.garden.ee\/en\/wp-json\/wp\/v2\/types\/product"}],"wp:featuredmedia":[{"embeddable":true,"href":"https:\/\/dev.garden.ee\/en\/wp-json\/wp\/v2\/media\/24685"}],"wp:attachment":[{"href":"https:\/\/dev.garden.ee\/en\/wp-json\/wp\/v2\/media?parent=24609"}],"wp:term":[{"taxonomy":"product_brand","embeddable":true,"href":"https:\/\/dev.garden.ee\/en\/wp-json\/wp\/v2\/product_brand?post=24609"},{"taxonomy":"product_cat","embeddable":true,"href":"https:\/\/dev.garden.ee\/en\/wp-json\/wp\/v2\/product_cat?post=24609"},{"taxonomy":"product_tag","embeddable":true,"href":"https:\/\/dev.garden.ee\/en\/wp-json\/wp\/v2\/product_tag?post=24609"}],"curies":[{"name":"wp","href":"https:\/\/api.w.org\/{rel}","templated":true}]}}