{"id":24602,"date":"2026-01-31T01:55:54","date_gmt":"2026-01-30T23:55:54","guid":{"rendered":"https:\/\/dev.garden.ee\/?post_type=product&#038;p=24602"},"modified":"2026-02-03T09:19:48","modified_gmt":"2026-02-03T07:19:48","slug":"bailando","status":"publish","type":"product","link":"https:\/\/dev.garden.ee\/en\/product\/bailando\/","title":{"rendered":"Bailando\u00ae UUS!"},"content":{"rendered":"<input class=\"fooboxshare_post_id\" type=\"hidden\" value=\"24602\"\/>","protected":false},"excerpt":{"rendered":"<p data-start=\"24\" data-end=\"214\">P\u00f5\u00f5sasjas kasvukuju ja p\u00fcstise kasvuga peenraroos, millel 4 &#8211; 6 cm suurused avatud \u00f5ied ning erakordselt tugev lehestik. Sobib kasvatamiseks segaroosipeenardes, suurtes peenardes, avalikel haljasaladel, romantilistes aedades koos p\u00fcsikutega, segapeenardes, pottides ja konteinerites, v\u00e4ikestes gruppides.<\/p>\n<p>Auhinnad: Certificate 2nd Class Den Haag, Certificate of Merit Adelaide Australia 2015.<\/p>\n<p><span style=\"color: #ff0000;\">ETTETELLIMINE, V\u00c4LJASTAMINE APRILLI TEISEST POOLEST<\/span><\/p>","protected":false},"featured_media":24682,"template":"","meta":[],"product_brand":[],"product_cat":[9637,4416,4402,22],"product_tag":[],"class_list":{"0":"post-24602","1":"product","2":"type-product","3":"status-publish","4":"has-post-thumbnail","6":"product_cat-istutuskast","7":"product_cat-roosiaed","8":"product_cat-roosid","9":"product_cat-taimed","10":"pa_aretus-rosen-tantau","11":"pa_avalikustamisaasta-saksamaa-2008","12":"pa_haiguskindlus-vaga-hea","13":"pa_kasvukorgus-50-80-cm","14":"pa_laius-40-50-cm","15":"pa_lisainfo-sobilik-istutuskasti-jaoks","16":"pa_lohn-orn","17":"pa_oie-suurus-keskmine","18":"pa_oie-varv-roosakas","19":"pa_oietuup-taidisois","20":"pa_oitsemine-korduvalt-oitsev","21":"pa_sort-peenraroos","22":"pa_sunonuum-marshmallow-delight-uk","23":"pa_taimede-arvestus-ruutmeetri-5-6","24":"pa_talvekindlus-vaga-hea","25":"pa_variatsioon-potis-2l-kevadel","26":"pa_variatsioon-potis-4-6l","27":"pa_variatsioon-potis-4-6l-suvel-ja-sugisel","29":"first","30":"outofstock","31":"purchasable","32":"product-type-variable"},"acf":[],"_links":{"self":[{"href":"https:\/\/dev.garden.ee\/en\/wp-json\/wp\/v2\/product\/24602","targetHints":{"allow":["GET"]}}],"collection":[{"href":"https:\/\/dev.garden.ee\/en\/wp-json\/wp\/v2\/product"}],"about":[{"href":"https:\/\/dev.garden.ee\/en\/wp-json\/wp\/v2\/types\/product"}],"wp:featuredmedia":[{"embeddable":true,"href":"https:\/\/dev.garden.ee\/en\/wp-json\/wp\/v2\/media\/24682"}],"wp:attachment":[{"href":"https:\/\/dev.garden.ee\/en\/wp-json\/wp\/v2\/media?parent=24602"}],"wp:term":[{"taxonomy":"product_brand","embeddable":true,"href":"https:\/\/dev.garden.ee\/en\/wp-json\/wp\/v2\/product_brand?post=24602"},{"taxonomy":"product_cat","embeddable":true,"href":"https:\/\/dev.garden.ee\/en\/wp-json\/wp\/v2\/product_cat?post=24602"},{"taxonomy":"product_tag","embeddable":true,"href":"https:\/\/dev.garden.ee\/en\/wp-json\/wp\/v2\/product_tag?post=24602"}],"curies":[{"name":"wp","href":"https:\/\/api.w.org\/{rel}","templated":true}]}}