{"id":24594,"date":"2026-01-31T00:59:49","date_gmt":"2026-01-30T22:59:49","guid":{"rendered":"https:\/\/dev.garden.ee\/?post_type=product&#038;p=24594"},"modified":"2026-02-03T09:18:44","modified_gmt":"2026-02-03T07:18:44","slug":"aphrodite","status":"publish","type":"product","link":"https:\/\/dev.garden.ee\/en\/product\/aphrodite\/","title":{"rendered":"Aphrodite\u00ae"},"content":{"rendered":"<input class=\"fooboxshare_post_id\" type=\"hidden\" value=\"24594\"\/>","protected":false},"excerpt":{"rendered":"<p>Kompaktne, p\u00fcstisekasvuga, ilus ja nostalgiline teeh\u00fcbriidp\u00f5\u00f5sas suurte (10-12cm) neljandikuliste \u00f5itega romantilises pehmes roosas toonis. \u00d5ied on v\u00fcrtsika l\u00f5hnaga, kauakestvad ja vastupidavad vihmale. Sobib kasutamiseks suurtes peenardes, l\u00f5hnaaedades, v\u00e4ikestes gruppides, romantilistes aedades koos p\u00fcsikutega, segapeenardes, l\u00f5ikelilleks.<\/p>\n<p>Auhinnad:\u00a0Gold (TH), Deutsche Rosenschau in Forst \/ Deutschland 2013; Goldmedaille Tollcross International Rose Trials Glasgow \/ Gro\u00df-Britannien 2009.<\/p>","protected":false},"featured_media":24679,"template":"","meta":[],"product_brand":[],"product_cat":[4414,4413,4416,4402,22],"product_tag":[],"class_list":{"0":"post-24594","1":"product","2":"type-product","3":"status-publish","4":"has-post-thumbnail","6":"product_cat-lohnaaed","7":"product_cat-loikelilleaed","8":"product_cat-roosiaed","9":"product_cat-roosid","10":"product_cat-taimed","11":"pa_aretus-rosen-tantau","12":"pa_avalikustamisaasta-saksamaa-2006","13":"pa_haiguskindlus-vaga-hea","14":"pa_kasvukorgus-90-110-cm","15":"pa_laius-40-50-cm","16":"pa_lisainfo-sobib-lohnaaeda","17":"pa_lisainfo-sobib-loikelilleks","18":"pa_lohn-keskmine","19":"pa_lohn-vurtsikas","20":"pa_oie-suurus-suur","21":"pa_oie-varv-loheroosa","22":"pa_oie-varv-roosakas","23":"pa_oietuup-taidisois","24":"pa_oitsemine-korduvalt-oitsev","25":"pa_sort-teehubriidroos","26":"pa_sunonuum-laurette-fugain","27":"pa_taimede-arvestus-ruutmeetri-5-6","28":"pa_talvekindlus-hea","29":"pa_variatsioon-potis-2l-kevadel","30":"pa_variatsioon-potis-4-6l","32":"first","33":"outofstock","34":"purchasable","35":"product-type-variable"},"acf":[],"_links":{"self":[{"href":"https:\/\/dev.garden.ee\/en\/wp-json\/wp\/v2\/product\/24594","targetHints":{"allow":["GET"]}}],"collection":[{"href":"https:\/\/dev.garden.ee\/en\/wp-json\/wp\/v2\/product"}],"about":[{"href":"https:\/\/dev.garden.ee\/en\/wp-json\/wp\/v2\/types\/product"}],"wp:featuredmedia":[{"embeddable":true,"href":"https:\/\/dev.garden.ee\/en\/wp-json\/wp\/v2\/media\/24679"}],"wp:attachment":[{"href":"https:\/\/dev.garden.ee\/en\/wp-json\/wp\/v2\/media?parent=24594"}],"wp:term":[{"taxonomy":"product_brand","embeddable":true,"href":"https:\/\/dev.garden.ee\/en\/wp-json\/wp\/v2\/product_brand?post=24594"},{"taxonomy":"product_cat","embeddable":true,"href":"https:\/\/dev.garden.ee\/en\/wp-json\/wp\/v2\/product_cat?post=24594"},{"taxonomy":"product_tag","embeddable":true,"href":"https:\/\/dev.garden.ee\/en\/wp-json\/wp\/v2\/product_tag?post=24594"}],"curies":[{"name":"wp","href":"https:\/\/api.w.org\/{rel}","templated":true}]}}