{"id":24591,"date":"2026-01-31T00:32:39","date_gmt":"2026-01-30T22:32:39","guid":{"rendered":"https:\/\/dev.garden.ee\/?post_type=product&#038;p=24591"},"modified":"2026-02-03T09:17:37","modified_gmt":"2026-02-03T07:17:37","slug":"amica","status":"publish","type":"product","link":"https:\/\/dev.garden.ee\/en\/product\/amica\/","title":{"rendered":"Amica\u00ae"},"content":{"rendered":"<input class=\"fooboxshare_post_id\" type=\"hidden\" value=\"24591\"\/>","protected":false},"excerpt":{"rendered":"<p>V\u00e4ikeste (4-5cm) topelt\u00f5itega ilmastikukindel kompaktne ja lai p\u00f5\u00f5sas, mis kasvab rikkalikes \u00f5iekobarates, on kombineeritud erakordse haiguskindlusega. V\u00e4ga mitmek\u00fclgslte kasutatav, v\u00e4ikestes aedades, pottides, terrassil v\u00f5i r\u00f5dul ja haljastuses.<\/p>","protected":false},"featured_media":24678,"template":"","meta":[],"product_brand":[],"product_cat":[9637,9550,4416,4402,4408,22],"product_tag":[9418],"class_list":{"0":"post-24591","1":"product","2":"type-product","3":"status-publish","4":"has-post-thumbnail","6":"product_cat-istutuskast","7":"product_cat-rodu-ja-terrass","8":"product_cat-roosiaed","9":"product_cat-roosid","10":"product_cat-vaike-aed","11":"product_cat-taimed","12":"product_tag-adr-roos","13":"pa_aretus-w-kordes-sohne","14":"pa_avalikustamisaasta-saksamaa-2019","15":"pa_haiguskindlus-vaga-hea","16":"pa_kasvukorgus-30-50-cm","17":"pa_laius-30-50-cm","18":"pa_lisainfo-sobilik-istutuskasti-jaoks","19":"pa_lisainfo-sobib-osalise-varjuga-kasvualale","20":"pa_lohn-orn","21":"pa_oie-suurus-vaike","22":"pa_oie-varv-roosa","23":"pa_oietuup-taidisois","24":"pa_oitsemine-korduvalt-oitsev","25":"pa_sort-vaikepoosas","26":"pa_taimede-arvestus-ruutmeetri-3-4","27":"pa_talvekindlus-hea","28":"pa_variatsioon-potis-2l-kevadel","29":"pa_variatsioon-potis-4-6l","31":"first","32":"outofstock","33":"purchasable","34":"product-type-variable"},"acf":[],"_links":{"self":[{"href":"https:\/\/dev.garden.ee\/en\/wp-json\/wp\/v2\/product\/24591","targetHints":{"allow":["GET"]}}],"collection":[{"href":"https:\/\/dev.garden.ee\/en\/wp-json\/wp\/v2\/product"}],"about":[{"href":"https:\/\/dev.garden.ee\/en\/wp-json\/wp\/v2\/types\/product"}],"wp:featuredmedia":[{"embeddable":true,"href":"https:\/\/dev.garden.ee\/en\/wp-json\/wp\/v2\/media\/24678"}],"wp:attachment":[{"href":"https:\/\/dev.garden.ee\/en\/wp-json\/wp\/v2\/media?parent=24591"}],"wp:term":[{"taxonomy":"product_brand","embeddable":true,"href":"https:\/\/dev.garden.ee\/en\/wp-json\/wp\/v2\/product_brand?post=24591"},{"taxonomy":"product_cat","embeddable":true,"href":"https:\/\/dev.garden.ee\/en\/wp-json\/wp\/v2\/product_cat?post=24591"},{"taxonomy":"product_tag","embeddable":true,"href":"https:\/\/dev.garden.ee\/en\/wp-json\/wp\/v2\/product_tag?post=24591"}],"curies":[{"name":"wp","href":"https:\/\/api.w.org\/{rel}","templated":true}]}}