{"id":24586,"date":"2026-01-30T23:54:45","date_gmt":"2026-01-30T21:54:45","guid":{"rendered":"https:\/\/dev.garden.ee\/?post_type=product&#038;p=24586"},"modified":"2026-02-03T09:16:18","modified_gmt":"2026-02-03T07:16:18","slug":"amber-bay-uudis","status":"publish","type":"product","link":"https:\/\/dev.garden.ee\/en\/product\/amber-bay-uudis\/","title":{"rendered":"Amber Bay UUDIS!"},"content":{"rendered":"<input class=\"fooboxshare_post_id\" type=\"hidden\" value=\"24586\"\/>","protected":false},"excerpt":{"rendered":"<p>Rikkalikult \u00f5itsev peenraroos erksas v\u00e4rvitoonis, mis \u00f5itseb pika perioodi v\u00e4ltel ja puhastab end h\u00e4sti. Sobib kasutamiseks<br data-start=\"23\" data-end=\"26\" \/>v\u00e4ikestes gruppides, massistutustes, pottides ja konteinerites, segapeenardes, suurtes peenardes, terrassidel, segaroosipeenardes ja romantilistes aedades koos p\u00fcsikutega.<\/p>\n<p>H\u00f5bemedal &amp; Coup de Coeur, Orleans\/Prantsusmaa 2025.<\/p>\n<p><span style=\"color: #ff0000;\">ETTETELLIMINE, V\u00c4LJASTAMINE APRILLI TEISEST POOLEST<\/span><\/p>","protected":false},"featured_media":24673,"template":"","meta":[],"product_brand":[],"product_cat":[9637,9550,4416,4402,4408,22],"product_tag":[],"class_list":{"0":"post-24586","1":"product","2":"type-product","3":"status-publish","4":"has-post-thumbnail","6":"product_cat-istutuskast","7":"product_cat-rodu-ja-terrass","8":"product_cat-roosiaed","9":"product_cat-roosid","10":"product_cat-vaike-aed","11":"product_cat-taimed","12":"pa_aretus-rosen-tantau","13":"pa_avalikustamisaasta-saksamaa-2025","14":"pa_haiguskindlus-vaga-hea","15":"pa_kasvukorgus-50-80-cm","16":"pa_laius-45-50-cm","17":"pa_lisainfo-sobilik-istutuskasti-jaoks","18":"pa_lohn-orn","19":"pa_oie-suurus-keskmine","20":"pa_oie-varv-aprikoosikarva","21":"pa_oie-varv-roosa","22":"pa_oietuup-pooltaidisois","23":"pa_oitsemine-korduvalt-oitsev","24":"pa_sort-peenraroos","25":"pa_taimede-arvestus-ruutmeetri-4-5","26":"pa_talvekindlus-hea","27":"pa_variatsioon-potis-2l-kevadel","28":"pa_variatsioon-potis-4-6l-suvel-ja-sugisel","30":"first","31":"outofstock","32":"purchasable","33":"product-type-variable"},"acf":[],"_links":{"self":[{"href":"https:\/\/dev.garden.ee\/en\/wp-json\/wp\/v2\/product\/24586","targetHints":{"allow":["GET"]}}],"collection":[{"href":"https:\/\/dev.garden.ee\/en\/wp-json\/wp\/v2\/product"}],"about":[{"href":"https:\/\/dev.garden.ee\/en\/wp-json\/wp\/v2\/types\/product"}],"wp:featuredmedia":[{"embeddable":true,"href":"https:\/\/dev.garden.ee\/en\/wp-json\/wp\/v2\/media\/24673"}],"wp:attachment":[{"href":"https:\/\/dev.garden.ee\/en\/wp-json\/wp\/v2\/media?parent=24586"}],"wp:term":[{"taxonomy":"product_brand","embeddable":true,"href":"https:\/\/dev.garden.ee\/en\/wp-json\/wp\/v2\/product_brand?post=24586"},{"taxonomy":"product_cat","embeddable":true,"href":"https:\/\/dev.garden.ee\/en\/wp-json\/wp\/v2\/product_cat?post=24586"},{"taxonomy":"product_tag","embeddable":true,"href":"https:\/\/dev.garden.ee\/en\/wp-json\/wp\/v2\/product_tag?post=24586"}],"curies":[{"name":"wp","href":"https:\/\/api.w.org\/{rel}","templated":true}]}}