{"id":24580,"date":"2026-01-30T21:28:12","date_gmt":"2026-01-30T19:28:12","guid":{"rendered":"https:\/\/dev.garden.ee\/?post_type=product&#038;p=24580"},"modified":"2026-02-03T09:15:28","modified_gmt":"2026-02-03T07:15:28","slug":"alliance","status":"publish","type":"product","link":"https:\/\/dev.garden.ee\/en\/product\/alliance\/","title":{"rendered":"Alliance\u00ae UUDIS!"},"content":{"rendered":"<input class=\"fooboxshare_post_id\" type=\"hidden\" value=\"24580\"\/>","protected":false},"excerpt":{"rendered":"<p>See sort on ideaalne lahendus igale aednikule, kes otsib vastupidavat, kergesti kasvatatavat ja v\u00f5luvat roosi. T\u00e4nu rikkalikule ja pidevale \u00f5itsemisele kevadest esimese \u00f6\u00f6k\u00fclmani toob see roos teie aeda romantilise puudutuse oma topeltroosade (7cm) \u00f5itega. Ideaalne r\u00f5dudele, terrassidele, hekkideks, v\u00e4ikestesse aedadesse, lillepeenardesse, peenra- ja tee\u00e4\u00e4rtesse. Vajab v\u00e4ga v\u00e4he hooldust, sobib algajatele aednikele v\u00f5i neile, kes otsivad kergesti kasvatatavat roosi.<\/p>\n<p>Kohandub k\u00f5ikidele hea drenaa\u017eiga ja viljakatele muldadele, et saavutada optimaalne kasv. Eelistab p\u00e4ikeselist v\u00f5i poolvarjulist kohta, kus on v\u00e4hemalt 6 tundi p\u00e4ikest p\u00e4evas. Roosi v\u00f5ib istutada otse maasse v\u00f5i potti, mis on v\u00e4hemalt 50 cm lai ja s\u00fcgav, et juured saaksid korralikult areneda.<\/p>\n<p>See sort sai nime 13. septembril 2024 ALLIANCE PAYSAGE maastikukujundusgrupi 30. aastap\u00e4eva auks. Roos t\u00e4histab koost\u00f6\u00f6d, mille eesm\u00e4rk on leida \u00fcha vastupidavamaid ja kergesti kasvatatavaid taimi, muutes need k\u00f5igile ja igat t\u00fc\u00fcpi ruumides k\u00e4ttesaadavaks.<\/p>\n<p><span style=\"color: #ff0000;\">ETTETELLIMINE, V\u00c4LJASTAMINE APRILLI KESKPAIGAST<\/span><\/p>","protected":false},"featured_media":24672,"template":"","meta":[],"product_brand":[],"product_cat":[9637,9550,4416,4402,4408,22],"product_tag":[],"class_list":{"0":"post-24580","1":"product","2":"type-product","3":"status-publish","4":"has-post-thumbnail","6":"product_cat-istutuskast","7":"product_cat-rodu-ja-terrass","8":"product_cat-roosiaed","9":"product_cat-roosid","10":"product_cat-vaike-aed","11":"product_cat-taimed","12":"pa_aretus-meilland","13":"pa_avalikustamisaasta-prantsusmaa-2024","14":"pa_haiguskindlus-vaga-hea","15":"pa_kasvukorgus-9635","16":"pa_laius-50-cm","17":"pa_lisainfo-sobilik-istutuskasti-jaoks","18":"pa_lisainfo-sobib-loikelilleks","19":"pa_lisainfo-sobib-osalise-varjuga-kasvualale","20":"pa_lohn-lohnatu","21":"pa_oie-suurus-keskmine","22":"pa_oie-varv-roosa","23":"pa_oietuup-taidisois","24":"pa_oitsemine-korduvalt-oitsev","25":"pa_sort-poosasroos","26":"pa_taimede-arvestus-ruutmeetri-9220","27":"pa_talvekindlus-vaga-hea","28":"pa_variatsioon-paljasjuurne-ainult-kevadel","29":"pa_variatsioon-potis-4-6l-suvel-ja-sugisel","31":"first","32":"outofstock","33":"purchasable","34":"product-type-variable"},"acf":[],"_links":{"self":[{"href":"https:\/\/dev.garden.ee\/en\/wp-json\/wp\/v2\/product\/24580","targetHints":{"allow":["GET"]}}],"collection":[{"href":"https:\/\/dev.garden.ee\/en\/wp-json\/wp\/v2\/product"}],"about":[{"href":"https:\/\/dev.garden.ee\/en\/wp-json\/wp\/v2\/types\/product"}],"wp:featuredmedia":[{"embeddable":true,"href":"https:\/\/dev.garden.ee\/en\/wp-json\/wp\/v2\/media\/24672"}],"wp:attachment":[{"href":"https:\/\/dev.garden.ee\/en\/wp-json\/wp\/v2\/media?parent=24580"}],"wp:term":[{"taxonomy":"product_brand","embeddable":true,"href":"https:\/\/dev.garden.ee\/en\/wp-json\/wp\/v2\/product_brand?post=24580"},{"taxonomy":"product_cat","embeddable":true,"href":"https:\/\/dev.garden.ee\/en\/wp-json\/wp\/v2\/product_cat?post=24580"},{"taxonomy":"product_tag","embeddable":true,"href":"https:\/\/dev.garden.ee\/en\/wp-json\/wp\/v2\/product_tag?post=24580"}],"curies":[{"name":"wp","href":"https:\/\/api.w.org\/{rel}","templated":true}]}}