{"id":24575,"date":"2026-01-30T19:40:43","date_gmt":"2026-01-30T17:40:43","guid":{"rendered":"https:\/\/dev.garden.ee\/?post_type=product&#038;p=24575"},"modified":"2026-02-03T09:14:38","modified_gmt":"2026-02-03T07:14:38","slug":"alabaster","status":"publish","type":"product","link":"https:\/\/dev.garden.ee\/en\/product\/alabaster\/","title":{"rendered":"Alabaster\u00ae"},"content":{"rendered":"<input class=\"fooboxshare_post_id\" type=\"hidden\" value=\"24575\"\/>","protected":false},"excerpt":{"rendered":"<p>J\u00f5ulise kasvuga, puhmjas sort moodustab pisemaid \u00f5itekobaraid, mis koosnevad 3-5 kreemjasvalgetest k\u00fcllaltki suurtest (8-10 cm) \u00f5itest. \u00d5ied p\u00fcsivad pikalt kaunid. Tihe, tumeroheline l\u00e4ikiv lehestik loob \u00f5itele suurep\u00e4rase kontrasti. P\u00f5\u00f5sa puhmjas vorm muudab sordi ideaalseks v\u00e4iksemate v\u00f5i suuremate klumpide loomisel. Sobib kasutamiseks pottides ja konteinerites, v\u00e4iestes ja suurtes peenardes, segaroosipeenardes, romantilistes aedades koos p\u00fcsikutega, segapeenardes, l\u00f5ikelilleks ning massistutustes.<\/p>","protected":false},"featured_media":24670,"template":"","meta":[],"product_brand":[],"product_cat":[4413,4416,4402,4408,22],"product_tag":[],"class_list":{"0":"post-24575","1":"product","2":"type-product","3":"status-publish","4":"has-post-thumbnail","6":"product_cat-loikelilleaed","7":"product_cat-roosiaed","8":"product_cat-roosid","9":"product_cat-vaike-aed","10":"product_cat-taimed","11":"pa_aretus-rosen-tantau","12":"pa_avalikustamisaasta-saksamaa-2007","13":"pa_haiguskindlus-vaga-hea","14":"pa_kasvukorgus-50-80-cm","15":"pa_laius-40-50-cm","16":"pa_lisainfo-sobilik-istutuskasti-jaoks","17":"pa_lisainfo-sobib-loikelilleks","18":"pa_lohn-orn","19":"pa_lohn-vurtsikas","20":"pa_oie-suurus-suur","21":"pa_oie-varv-kreemjas","22":"pa_oie-varv-valge","23":"pa_oietuup-taidisois","24":"pa_oitsemine-korduvalt-oitsev","25":"pa_sort-floribund-ehk-paljuoieline-roos","26":"pa_sunonuum-diamond-jubilee-uk","27":"pa_sunonuum-jean-francois-champollion-fr","28":"pa_taimede-arvestus-ruutmeetri-5-6","29":"pa_talvekindlus-hea","30":"pa_variatsioon-potis-2l-kevadel","31":"pa_variatsioon-potis-4-6l","33":"first","34":"outofstock","35":"purchasable","36":"product-type-variable"},"acf":[],"_links":{"self":[{"href":"https:\/\/dev.garden.ee\/en\/wp-json\/wp\/v2\/product\/24575","targetHints":{"allow":["GET"]}}],"collection":[{"href":"https:\/\/dev.garden.ee\/en\/wp-json\/wp\/v2\/product"}],"about":[{"href":"https:\/\/dev.garden.ee\/en\/wp-json\/wp\/v2\/types\/product"}],"wp:featuredmedia":[{"embeddable":true,"href":"https:\/\/dev.garden.ee\/en\/wp-json\/wp\/v2\/media\/24670"}],"wp:attachment":[{"href":"https:\/\/dev.garden.ee\/en\/wp-json\/wp\/v2\/media?parent=24575"}],"wp:term":[{"taxonomy":"product_brand","embeddable":true,"href":"https:\/\/dev.garden.ee\/en\/wp-json\/wp\/v2\/product_brand?post=24575"},{"taxonomy":"product_cat","embeddable":true,"href":"https:\/\/dev.garden.ee\/en\/wp-json\/wp\/v2\/product_cat?post=24575"},{"taxonomy":"product_tag","embeddable":true,"href":"https:\/\/dev.garden.ee\/en\/wp-json\/wp\/v2\/product_tag?post=24575"}],"curies":[{"name":"wp","href":"https:\/\/api.w.org\/{rel}","templated":true}]}}