{"id":2445,"date":"2023-01-18T17:14:49","date_gmt":"2023-01-18T15:14:49","guid":{"rendered":"https:\/\/dev.zezz.ee\/garden\/toode\/aralia-cordata-sun-king\/"},"modified":"2026-02-16T20:35:38","modified_gmt":"2026-02-16T18:35:38","slug":"aralia-cordata-sun-king","status":"publish","type":"product","link":"https:\/\/dev.garden.ee\/en\/product\/aralia-cordata-sun-king\/","title":{"rendered":"Aralia cordata &#8216;Sun King&#8217;"},"content":{"rendered":"<input class=\"fooboxshare_post_id\" type=\"hidden\" value=\"2445\"\/>","protected":false},"excerpt":{"rendered":"<p>V\u00e4ga atraktiivne, s\u00fcdamekujuliste ja suurte, kollakasroheliste lehtede ja punakaspruunide vartega, kiirekasvuline p\u00fcsik. Selleks, et taim s\u00e4ilitaks oma kuldkollase lehev\u00e4rvuse, peab ta saama p\u00e4evas minimaalselt 2 tundi p\u00e4ikest. T\u00e4isvarjus kasvava taime lehed j\u00e4\u00e4vadki laimiroheliseks. \u00d5ied \u00fcmmargused, v\u00e4iksed valged pallid. Viljad pisikesed mustad marjad.\u00a0Vajab kasvamiseks pidevalt niisket pinnast, soovitav ka tuulte eest kaitstud koht. Suurep\u00e4rane t\u00e4iendus hostadele, helmikp\u00f6\u00f6ristele ja metsaaia taimedele. Paljundamine juure jagamise teel. Sobib ka konteinertaimeks.\u00a0Meelitab aeda mesilasi. Taime k\u00f5ik osad on m\u00fcrgised ja v\u00f5ivad tekitada allergilisi reaktsioone nahal.<\/p>","protected":false},"featured_media":2446,"template":"","meta":[],"product_brand":[],"product_cat":[6934,4406,4401,4412,22],"product_tag":[],"class_list":{"0":"post-2445","1":"product","2":"type-product","3":"status-publish","4":"has-post-thumbnail","6":"product_cat-mesilassobralik-aed","7":"product_cat-park","8":"product_cat-pusikud","9":"product_cat-varjuaed","10":"product_cat-taimed","11":"pa_haiguskindlus-vaga-hea","12":"pa_kasvukorgus-80-90-cm","13":"pa_laius-80-90-cm","14":"pa_lehestikuvarv-kollakasroheline","15":"pa_lisainfo-dekoratiivne-lehestik","16":"pa_oie-varv-valge","17":"pa_oitsemise-aeg-juuli-august","18":"pa_talvekindlus-hea","19":"pa_tingimused-koik-mullatuubid","20":"pa_tingimused-neutraalne","21":"pa_tingimused-niiske","22":"pa_tsoon-3-8","23":"pa_valguse-tingimused-poolvari","24":"pa_valguse-tingimused-vari","25":"pa_variatsioon-suurem-pott","26":"pa_variatsioon-vaiksem-pott","28":"first","29":"instock","30":"purchasable","31":"product-type-variable"},"acf":[],"_links":{"self":[{"href":"https:\/\/dev.garden.ee\/en\/wp-json\/wp\/v2\/product\/2445","targetHints":{"allow":["GET"]}}],"collection":[{"href":"https:\/\/dev.garden.ee\/en\/wp-json\/wp\/v2\/product"}],"about":[{"href":"https:\/\/dev.garden.ee\/en\/wp-json\/wp\/v2\/types\/product"}],"wp:featuredmedia":[{"embeddable":true,"href":"https:\/\/dev.garden.ee\/en\/wp-json\/wp\/v2\/media\/2446"}],"wp:attachment":[{"href":"https:\/\/dev.garden.ee\/en\/wp-json\/wp\/v2\/media?parent=2445"}],"wp:term":[{"taxonomy":"product_brand","embeddable":true,"href":"https:\/\/dev.garden.ee\/en\/wp-json\/wp\/v2\/product_brand?post=2445"},{"taxonomy":"product_cat","embeddable":true,"href":"https:\/\/dev.garden.ee\/en\/wp-json\/wp\/v2\/product_cat?post=2445"},{"taxonomy":"product_tag","embeddable":true,"href":"https:\/\/dev.garden.ee\/en\/wp-json\/wp\/v2\/product_tag?post=2445"}],"curies":[{"name":"wp","href":"https:\/\/api.w.org\/{rel}","templated":true}]}}