{"id":24439,"date":"2023-08-18T10:12:08","date_gmt":"2023-08-18T07:12:08","guid":{"rendered":"https:\/\/dev.zezz.ee\/garden\/?post_type=product&#038;p=24439"},"modified":"2026-02-28T15:35:53","modified_gmt":"2026-02-28T13:35:53","slug":"iris-blissful","status":"publish","type":"product","link":"https:\/\/dev.garden.ee\/en\/product\/iris-blissful\/","title":{"rendered":"Iris &#8216;Blissful&#8217;"},"content":{"rendered":"<input class=\"fooboxshare_post_id\" type=\"hidden\" value=\"24439\"\/>","protected":false},"excerpt":{"rendered":"<p>R\u00f5\u00f5msameelne kollastes toonides aediiris &#8216;Blissful&#8217; on pika \u00f5itsemisajaga k\u00e4\u00e4bussort, mis kasvab vaid 35cm k\u00f5rguseks.<\/p>\n<p>\u00c4\u00e4rtest sidrunkollased \u00f5iekattelehed muutuvad neelu juurest hajusalt heledamaks, nii, et \u00f5ite mandariinikarva habe t\u00f5useb valkjal taustal kenasti esile.<\/p>\n<p>Kergelt muskusel\u00f5hnalised kollased \u00f5ied moodustavad taime hallikasroheliste m\u00f5\u00f5kjate lehtede taustal kena kontrasti.<\/p>\n<p>Aediiris &#8216;Blissful&#8217; on aretatud aastal 2016 Ameerika \u00dchendriikide tuntud iirisespetsialisti Paul Blacki poolt.<\/p>","protected":false},"featured_media":24440,"template":"","meta":[],"product_brand":[],"product_cat":[4398,4415,4414,4406,4401,4408,22],"product_tag":[],"class_list":{"0":"post-24439","1":"product","2":"type-product","3":"status-publish","4":"has-post-thumbnail","6":"product_cat-iirised","7":"product_cat-lilleaed","8":"product_cat-lohnaaed","9":"product_cat-park","10":"product_cat-pusikud","11":"product_cat-vaike-aed","12":"product_cat-taimed","13":"pa_aretus-paul-black","14":"pa_avalikustamisaasta-ameerika-uhendriigid-2016","15":"pa_lohn-orn","16":"pa_lohn-muskuselaadne","17":"pa_oie-varv-sidrunkollane","18":"pa_oie-varv-valge","19":"pa_oitsemise-aeg-varajane-keskmine-hiline","20":"pa_tsoon-3-8","21":"pa_variatsioon-suurem-pott-soodushind-70","23":"first","24":"instock","25":"sale","26":"taxable","27":"shipping-taxable","28":"purchasable","29":"product-type-variable"},"acf":[],"_links":{"self":[{"href":"https:\/\/dev.garden.ee\/en\/wp-json\/wp\/v2\/product\/24439","targetHints":{"allow":["GET"]}}],"collection":[{"href":"https:\/\/dev.garden.ee\/en\/wp-json\/wp\/v2\/product"}],"about":[{"href":"https:\/\/dev.garden.ee\/en\/wp-json\/wp\/v2\/types\/product"}],"wp:featuredmedia":[{"embeddable":true,"href":"https:\/\/dev.garden.ee\/en\/wp-json\/wp\/v2\/media\/24440"}],"wp:attachment":[{"href":"https:\/\/dev.garden.ee\/en\/wp-json\/wp\/v2\/media?parent=24439"}],"wp:term":[{"taxonomy":"product_brand","embeddable":true,"href":"https:\/\/dev.garden.ee\/en\/wp-json\/wp\/v2\/product_brand?post=24439"},{"taxonomy":"product_cat","embeddable":true,"href":"https:\/\/dev.garden.ee\/en\/wp-json\/wp\/v2\/product_cat?post=24439"},{"taxonomy":"product_tag","embeddable":true,"href":"https:\/\/dev.garden.ee\/en\/wp-json\/wp\/v2\/product_tag?post=24439"}],"curies":[{"name":"wp","href":"https:\/\/api.w.org\/{rel}","templated":true}]}}