{"id":24420,"date":"2023-05-16T15:51:09","date_gmt":"2023-05-16T12:51:09","guid":{"rendered":"https:\/\/dev.zezz.ee\/garden\/?post_type=product&#038;p=24420"},"modified":"2026-01-15T11:27:21","modified_gmt":"2026-01-15T09:27:21","slug":"fothergilla-major-uus","status":"publish","type":"product","link":"https:\/\/dev.garden.ee\/en\/product\/fothergilla-major-uus\/","title":{"rendered":"Fothergilla major"},"content":{"rendered":"<input class=\"fooboxshare_post_id\" type=\"hidden\" value=\"24420\"\/>","protected":false},"excerpt":{"rendered":"<p>M\u00e4gi-v\u00f5lup\u00f5\u00f5sas on aeglasekasvuline keskmise k\u00f5rguse ning p\u00fcstjaslaiuva kasvukujuga p\u00f5\u00f5sas, mis \u00f5itseb maikuus vahvate 5cm pikkuste meel\u00f5hnaliste \u00f5itega. Oma kuju poolest v\u00e4ikeseid pudeliharju meenutavad \u00f5ied moodustavad p\u00f5\u00f5sa nahkjate k\u00fclmroheliste lehtede kohal kauni kontrasti. \u00d5ied meelitavad aeda hulgaliselt liblikaid ja teisigi tolmeldajaid.<\/p>\n<p>S\u00fcgisel pakub <i>Fothergilla<\/i> lehestik vaimustavat vaatepilti v\u00e4rvudes erksaks kollase-, leekivaoran\u017ei- ja lillakaspunasekirjuks. Oma suurep\u00e4raste omaduste t\u00f5ttu on taim saanud mitmeid auhindu, sealhulgas ka Briti Kuningliku Aiandusseltsi <i>Garden Merit <\/i>auhinna.<\/p>\n<p>M\u00e4gi-v\u00f5lup\u00f5\u00f5sas saab hakkama ka poolvarjus, kuid eelistab kasvada siiski t\u00e4isp\u00e4ikeses, mis soodustab rikkalikku \u00f5itsemist ning tagab erksaimad s\u00fcgisv\u00e4rvid. Pinnase osas sobib p\u00f5\u00f5sale hea drenaa\u017eiga, viljakas, parasniiske ja happeline muld.<\/p>\n<p>M\u00e4gi-v\u00f5lup\u00f5\u00f5sast v\u00f5ib kasvatada soolotaimena, aga ka osana vabakujulisest hekist, samuti on ta ideaalne taim turbapeenrasse, rododendronte ja asaleade k\u00f5rvale.<\/p>\n<p><i>Fothergilla major<\/i> on saanud oma ladina nime 18. sajandi Inglise botaaniku ja kirjaniku, John Fothergilli j\u00e4rgi.<\/p>","protected":false},"featured_media":24421,"template":"","meta":[],"product_brand":[],"product_cat":[4403,4415,6934,4406,4396,22],"product_tag":[],"class_list":{"0":"post-24420","1":"product","2":"type-product","3":"status-publish","4":"has-post-thumbnail","6":"product_cat-kodu","7":"product_cat-lilleaed","8":"product_cat-mesilassobralik-aed","9":"product_cat-park","10":"product_cat-puud-ja-poosad","11":"product_cat-taimed","12":"pa_kasvukorgus-150-200-cm","13":"pa_laius-120-150-cm","14":"pa_oie-varv-valge","15":"pa_oitsemise-aeg-mai","16":"pa_tsoon-4-8","18":"first","19":"onbackorder","20":"taxable","21":"shipping-taxable","22":"product-type-simple"},"acf":[],"_links":{"self":[{"href":"https:\/\/dev.garden.ee\/en\/wp-json\/wp\/v2\/product\/24420","targetHints":{"allow":["GET"]}}],"collection":[{"href":"https:\/\/dev.garden.ee\/en\/wp-json\/wp\/v2\/product"}],"about":[{"href":"https:\/\/dev.garden.ee\/en\/wp-json\/wp\/v2\/types\/product"}],"wp:featuredmedia":[{"embeddable":true,"href":"https:\/\/dev.garden.ee\/en\/wp-json\/wp\/v2\/media\/24421"}],"wp:attachment":[{"href":"https:\/\/dev.garden.ee\/en\/wp-json\/wp\/v2\/media?parent=24420"}],"wp:term":[{"taxonomy":"product_brand","embeddable":true,"href":"https:\/\/dev.garden.ee\/en\/wp-json\/wp\/v2\/product_brand?post=24420"},{"taxonomy":"product_cat","embeddable":true,"href":"https:\/\/dev.garden.ee\/en\/wp-json\/wp\/v2\/product_cat?post=24420"},{"taxonomy":"product_tag","embeddable":true,"href":"https:\/\/dev.garden.ee\/en\/wp-json\/wp\/v2\/product_tag?post=24420"}],"curies":[{"name":"wp","href":"https:\/\/api.w.org\/{rel}","templated":true}]}}