{"id":24408,"date":"2023-05-11T16:54:26","date_gmt":"2023-05-11T13:54:26","guid":{"rendered":"https:\/\/dev.zezz.ee\/garden\/?post_type=product&#038;p=24408"},"modified":"2026-01-15T11:53:32","modified_gmt":"2026-01-15T09:53:32","slug":"cornus-sericea-kelseyi-uus","status":"publish","type":"product","link":"https:\/\/dev.garden.ee\/en\/product\/cornus-sericea-kelseyi-uus\/","title":{"rendered":"Cornus sericea &#8216;Kelseyi&#8217;"},"content":{"rendered":"<input class=\"fooboxshare_post_id\" type=\"hidden\" value=\"24408\"\/>","protected":false},"excerpt":{"rendered":"<p>V\u00f5sund-kontpuu \u2018Kelseyi\u2019 on huvitav madalakasvuline sort, mille \u00fcmarakujuline v\u00f5ra on kaetud suvel tiheda rohelise lehestikuga, mis loob punakate okste taustal kena kontrasti. Suve algul \u00f5itseb \u2018Kelseyi\u2019 tagasihoidlike valgete \u00f5itega, millest hiljem arenevad kaunid valged marjakobarad. \u00d5itsedes meelitab p\u00f5\u00f5sas ligi tolmeldajaid ja marjad pakuvad suurt huvi aialindudele.<\/p>\n<p>S\u00fcgisel muutuvad lehed k\u00f5igepealt oran\u017eikasroheliseks ja seej\u00e4rel punase-, oran\u017ei- ja purpurikirjuks. Talvel aga ilmestavad aeda \u2018Kelseyi\u2019 altpoolt kollakasrohelised ning tipupoolt oran\u017eikaspunased l\u00e4ikivad v\u00f5rsed, mis valge lume taustal suurep\u00e4raselt silma torkavad. Tagamaks v\u00e4rviliste v\u00f5sude olemasolu talveperioodil, v\u00f5iks p\u00f5\u00f5sast varakevadel, pungade puhkemise ajal, k\u00e4rpida kuni 1\/3 ulatuses ja v\u00e4lja l\u00f5igata vanad pruunid oksad.<\/p>\n<p>Kiirekasvuline ja k\u00fclmakartmatu v\u00f5sund-kontpuu \u2018Kelsey\u2019 ei ole n\u00f5udlik mullastiku suhtes ning teda v\u00f5ib istutada nii poolvarju kui ka p\u00e4ikese k\u00e4tte, viimasel juhul on ka v\u00f5rsete v\u00e4rv erksam.<\/p>\n<p>\u2018Kelseyi\u2019 on eriti efektne gruppides ja massistutuses (kus ta toimib kui pinnakattetaim); samuti sobib ta \u00e4\u00e4ristama ka n\u00e4iteks jalgradu v\u00f5i sisses\u00f5iduteid ning on hea taim madala heki moodustamiseks. Talub h\u00e4sti saastunud linna\u00f5hku ning on hirvekindel.<\/p>","protected":false},"featured_media":24409,"template":"","meta":[],"product_brand":[],"product_cat":[4403,9503,6934,4406,9200,4396,9550,4409,4408,22],"product_tag":[],"class_list":{"0":"post-24408","1":"product","2":"type-product","3":"status-publish","4":"has-post-thumbnail","6":"product_cat-kodu","7":"product_cat-kiviktaimla","8":"product_cat-mesilassobralik-aed","9":"product_cat-park","10":"product_cat-pinnakatjad","11":"product_cat-puud-ja-poosad","12":"product_cat-rodu-ja-terrass","13":"product_cat-tiigiaed","14":"product_cat-vaike-aed","15":"product_cat-taimed","16":"pa_kasvukorgus-60-90-cm","17":"pa_laius-60-90-cm","18":"pa_oie-varv-kreemjas","19":"pa_tsoon-z-3-9","21":"first","22":"outofstock","23":"taxable","24":"shipping-taxable","25":"product-type-variable"},"acf":[],"_links":{"self":[{"href":"https:\/\/dev.garden.ee\/en\/wp-json\/wp\/v2\/product\/24408","targetHints":{"allow":["GET"]}}],"collection":[{"href":"https:\/\/dev.garden.ee\/en\/wp-json\/wp\/v2\/product"}],"about":[{"href":"https:\/\/dev.garden.ee\/en\/wp-json\/wp\/v2\/types\/product"}],"wp:featuredmedia":[{"embeddable":true,"href":"https:\/\/dev.garden.ee\/en\/wp-json\/wp\/v2\/media\/24409"}],"wp:attachment":[{"href":"https:\/\/dev.garden.ee\/en\/wp-json\/wp\/v2\/media?parent=24408"}],"wp:term":[{"taxonomy":"product_brand","embeddable":true,"href":"https:\/\/dev.garden.ee\/en\/wp-json\/wp\/v2\/product_brand?post=24408"},{"taxonomy":"product_cat","embeddable":true,"href":"https:\/\/dev.garden.ee\/en\/wp-json\/wp\/v2\/product_cat?post=24408"},{"taxonomy":"product_tag","embeddable":true,"href":"https:\/\/dev.garden.ee\/en\/wp-json\/wp\/v2\/product_tag?post=24408"}],"curies":[{"name":"wp","href":"https:\/\/api.w.org\/{rel}","templated":true}]}}