{"id":24398,"date":"2023-05-11T11:51:05","date_gmt":"2023-05-11T08:51:05","guid":{"rendered":"https:\/\/dev.zezz.ee\/garden\/?post_type=product&#038;p=24398"},"modified":"2023-05-11T11:59:39","modified_gmt":"2023-05-11T08:59:39","slug":"cornus-amomum-blue-cloud-uus","status":"publish","type":"product","link":"https:\/\/dev.garden.ee\/en\/product\/cornus-amomum-blue-cloud-uus\/","title":{"rendered":"Cornus amomum \u2018Blue Cloud\u2019 UUS!"},"content":{"rendered":"<input class=\"fooboxshare_post_id\" type=\"hidden\" value=\"24398\"\/>","protected":false},"excerpt":{"rendered":"<p>Sinine kontpuu \u2018Blue Cloud\u2019 on suur p\u00f5\u00f5sas, mille kaunid ja v\u00e4rvilised, lillakaspunased v\u00f5rsed lisavad aedadesse meeldivaid v\u00e4rvin\u00fcansse kogu aasta v\u00e4ltel. Tumerohelised, veidi sametjad lehed moodustavad punakate okste taustal kena kontrasti. Kevadel ilmuvad p\u00f5\u00f5sale kreemikasvalged, nektaririkkad ja \u00f5rnalt l\u00f5hnavad \u00f5iekobarad, mis meeldivad paljudele tolmeldajatele. Hiljem arenevad \u00f5itest hallikassinised marjakobarad, mis pakuvad omakorda huvi mitmetele aialindudele.<\/p>\n<p>S\u00fcgise saabudes v\u00e4rvub \u2018Blue Cloud\u2019 kontpuu lehestik oran\u017ei-, punase- ja lillakirjuks ning talvel r\u00f5\u00f5mustavad aednikku p\u00f5\u00f5sa erksad punakaslillad oksad, mis tulevad valge lume taustal eriti h\u00e4sti esile.<\/p>\n<p>Kiirekasvuline, k\u00fclmakartmatu ja vastupidav \u2018Blue Cloud\u2019 vajab kasvamiseks ruumi, kuna ta sirgub 3m k\u00f5rguseks ja 4m laiuseks. Teda v\u00f5ib istutada aeda \u00fcksikult ja gruppidena, sobib h\u00e4sti nii vabakujulise kui ka p\u00fcgatava heki loomiseks.<\/p>\n<p>Kontpuud ei ole mullastiku suhtes n\u00f5udlikud ning kasvavad \u00fchtviisi h\u00e4sti nii p\u00e4ikeses kui ka poolvarjus, hea drenaa\u017eiga niiskes pinnases. P\u00e4ikselises kasvukohas on kontpuu \u2018Blue Cloud\u2019 v\u00f5rsed n\u00e4htavalt tugevama v\u00e4rvinguga, samuti aitab varakevadine k\u00e4rpimine kaasa noorte erksav\u00e4rviliste v\u00f5rsete tekkele.<\/p>","protected":false},"featured_media":24399,"template":"","meta":[],"product_brand":[],"product_cat":[4403,4395,6934,4406,4396,4409,22],"product_tag":[],"class_list":{"0":"post-24398","1":"product","2":"type-product","3":"status-publish","4":"has-post-thumbnail","6":"product_cat-kodu","7":"product_cat-hekid","8":"product_cat-mesilassobralik-aed","9":"product_cat-park","10":"product_cat-puud-ja-poosad","11":"product_cat-tiigiaed","12":"product_cat-taimed","13":"pa_kasvukorgus-250-300-cm","14":"pa_laius-300-400-cm","15":"pa_oie-varv-kreemjas","16":"pa_tsoon-z-4-9","18":"first","19":"instock","20":"taxable","21":"shipping-taxable","22":"product-type-simple"},"acf":[],"_links":{"self":[{"href":"https:\/\/dev.garden.ee\/en\/wp-json\/wp\/v2\/product\/24398","targetHints":{"allow":["GET"]}}],"collection":[{"href":"https:\/\/dev.garden.ee\/en\/wp-json\/wp\/v2\/product"}],"about":[{"href":"https:\/\/dev.garden.ee\/en\/wp-json\/wp\/v2\/types\/product"}],"wp:featuredmedia":[{"embeddable":true,"href":"https:\/\/dev.garden.ee\/en\/wp-json\/wp\/v2\/media\/24399"}],"wp:attachment":[{"href":"https:\/\/dev.garden.ee\/en\/wp-json\/wp\/v2\/media?parent=24398"}],"wp:term":[{"taxonomy":"product_brand","embeddable":true,"href":"https:\/\/dev.garden.ee\/en\/wp-json\/wp\/v2\/product_brand?post=24398"},{"taxonomy":"product_cat","embeddable":true,"href":"https:\/\/dev.garden.ee\/en\/wp-json\/wp\/v2\/product_cat?post=24398"},{"taxonomy":"product_tag","embeddable":true,"href":"https:\/\/dev.garden.ee\/en\/wp-json\/wp\/v2\/product_tag?post=24398"}],"curies":[{"name":"wp","href":"https:\/\/api.w.org\/{rel}","templated":true}]}}