{"id":24393,"date":"2023-05-09T14:50:47","date_gmt":"2023-05-09T11:50:47","guid":{"rendered":"https:\/\/dev.zezz.ee\/garden\/?post_type=product&#038;p=24393"},"modified":"2023-05-09T14:54:04","modified_gmt":"2023-05-09T11:54:04","slug":"carpinus-betulus-fastigiata-uus","status":"publish","type":"product","link":"https:\/\/dev.garden.ee\/en\/product\/carpinus-betulus-fastigiata-uus\/","title":{"rendered":"Carpinus betulus \u2018Fastigiata\u2019 UUS!"},"content":{"rendered":"<input class=\"fooboxshare_post_id\" type=\"hidden\" value=\"24393\"\/>","protected":false},"excerpt":{"rendered":"<p>Harilik valgep\u00f6\u00f6k \u2018Fastigiata\u2019 on vana sort, mida on kasutatud haljastamisel juba alates 19. sajandist. Tiheda lehestikuga puu on noorelt pigem sammasja kujuga, kuid hiljem omandab v\u00f5ra talle iseloomuliku kauni ja koonusja, veetilka meenutava kuju.<\/p>\n<p>\u2018Fastigiata\u2019 lehed on sakiliste servadega, ovaalsed, kuni 10cm pikkused, veidi l\u00e4ikivad ja erksat rohelist v\u00e4rvi, mis s\u00fcgise saabudes muutuvad oran\u017eikaskollaseks ja hiljem pruunikaskollaseks. Halli v\u00e4rvi t\u00fcvi on sileda koorega ning veidi sooniline. Hariliku valgep\u00f6\u00f6gi puit on \u00e4\u00e4rmiselt vastupidav ja tugev, mist\u00f5ttu meeldis muistsetele roomlastele v\u00e4idetavalt just sellest oma v\u00f5idukihutamise kaarikuid valmistada.<\/p>\n<p>T\u00e4nap\u00e4eval sobib \u2018Fastigiata\u2019 aga soolopuuks suuremasse aeda, parki v\u00f5i haljasalale aga ka hekipuuks, v\u00f5i hoopis palistama t\u00e4navaid, puiesteid v\u00f5i m\u00f5isateid. Oma tiheda v\u00f5ra t\u00f5ttu sobib h\u00e4sti ka tuulet\u00f5kkeks.<\/p>\n<p>Eelistab kasvada p\u00e4ikeses v\u00f5i poolvarjus hea drenaa\u017eiga parasniiskes pinnases. Sobivad k\u00f5ik mullat\u00fc\u00fcbid. Talub h\u00e4sti k\u00e4rpimist.<\/p>\n<p>Vastupidav ja k\u00fclmakartmatu harilik valgep\u00f6\u00f6k \u2018Fastigiata\u2019 on saanud Briti Kuninglikult Aiandusseltsilt ka tunnustatud <em>Garden Merit<\/em> auhinna.<\/p>","protected":false},"featured_media":24394,"template":"","meta":[],"product_brand":[],"product_cat":[22],"product_tag":[],"class_list":{"0":"post-24393","1":"product","2":"type-product","3":"status-publish","4":"has-post-thumbnail","6":"product_cat-taimed","7":"pa_kasvukorgus-9-15-m","8":"pa_laius-8-10-m","9":"pa_tsoon-999","11":"first","12":"instock","13":"taxable","14":"shipping-taxable","15":"product-type-simple"},"acf":[],"_links":{"self":[{"href":"https:\/\/dev.garden.ee\/en\/wp-json\/wp\/v2\/product\/24393","targetHints":{"allow":["GET"]}}],"collection":[{"href":"https:\/\/dev.garden.ee\/en\/wp-json\/wp\/v2\/product"}],"about":[{"href":"https:\/\/dev.garden.ee\/en\/wp-json\/wp\/v2\/types\/product"}],"wp:featuredmedia":[{"embeddable":true,"href":"https:\/\/dev.garden.ee\/en\/wp-json\/wp\/v2\/media\/24394"}],"wp:attachment":[{"href":"https:\/\/dev.garden.ee\/en\/wp-json\/wp\/v2\/media?parent=24393"}],"wp:term":[{"taxonomy":"product_brand","embeddable":true,"href":"https:\/\/dev.garden.ee\/en\/wp-json\/wp\/v2\/product_brand?post=24393"},{"taxonomy":"product_cat","embeddable":true,"href":"https:\/\/dev.garden.ee\/en\/wp-json\/wp\/v2\/product_cat?post=24393"},{"taxonomy":"product_tag","embeddable":true,"href":"https:\/\/dev.garden.ee\/en\/wp-json\/wp\/v2\/product_tag?post=24393"}],"curies":[{"name":"wp","href":"https:\/\/api.w.org\/{rel}","templated":true}]}}