{"id":24387,"date":"2023-05-08T14:41:54","date_gmt":"2023-05-08T11:41:54","guid":{"rendered":"https:\/\/dev.zezz.ee\/garden\/?post_type=product&#038;p=24387"},"modified":"2026-02-24T11:42:50","modified_gmt":"2026-02-24T09:42:50","slug":"geranium-pratense-midnight-reiter","status":"publish","type":"product","link":"https:\/\/dev.garden.ee\/en\/product\/geranium-pratense-midnight-reiter\/","title":{"rendered":"Geranium pratense &#8216;Midnight Reiter&#8217;"},"content":{"rendered":"<input class=\"fooboxshare_post_id\" type=\"hidden\" value=\"24387\"\/>","protected":false},"excerpt":{"rendered":"<p>\u00c4\u00e4rmiselt dekoratiivsete tumedate ja l\u00f5histunud lehtedega aas-kurereha sort, mis moodustab n\u00e4gusa, tiheda ja kompaktse puhma ning levib aeglaselt risoomide teel, sobides seega h\u00e4sti pinnakattetaimeks.<\/p>\n<p>Juunis avab \u2018Midnight Reiter\u2019 oma ploomililla alatooniga tumeroheliste l\u00e4ikivate lehtede kohal suured lavendlilillad \u00f5ied, mis meelitavad aeda hulgaliselt tolmeldajaid, eriti liblikaid ja mesilasi.<\/p>\n<p>V\u00e4hen\u00f5udlikku ja k\u00fclmakindlat, kuni 25cm k\u00f5rguseks kasvavat aas-kurereha v\u00f5ib istutada nii peenardesse kui ka kiviktaimlasse, samuti suuremate puude ja p\u00f5\u00f5saste alla. Sobib ideaalselt n\u00e4iteks elavaks mult\u0161iks roosip\u00f5\u00f5saste alla, aga ka sibullillepeenrasse, kus taime tihe roheline lehestik varjab edukalt koltunud sibullillelehti.<\/p>\n<p>Taim kasvab \u00fchtviisi h\u00e4sti nii p\u00e4ikeses, poolvarjus kui ka varjus. P\u00e4ikseline kasvukoht tagab lillaka lehestiku, varjus j\u00e4\u00e4vad lehed peamiselt tumeroheliseks.<\/p>\n<p>Aas-kurereha ei ole pinnase suhets n\u00f5udlik, peaasi, et see h\u00e4sti vett l\u00e4bi laseks. Hirve- ja j\u00e4nesekindel.<\/p>\n<p>Geranium \u2018Midnight Reiter\u2019 sobib h\u00e4sti naabriks h\u00f5bedalehistele taidelele, nagu n\u00e4iteks pujudele (<i>Artemisia<\/i>) v\u00f5i villastele n\u00f5ian\u00f5gestele (<i>Stachys byzantina<\/i>).<\/p>\n<p>Paljundamine kevadel, jagamise teel.<\/p>","protected":false},"featured_media":24388,"template":"","meta":[],"product_brand":[],"product_cat":[9503,4415,6934,4406,4401,9550,4408,4412,22],"product_tag":[],"class_list":{"0":"post-24387","1":"product","2":"type-product","3":"status-publish","4":"has-post-thumbnail","6":"product_cat-kiviktaimla","7":"product_cat-lilleaed","8":"product_cat-mesilassobralik-aed","9":"product_cat-park","10":"product_cat-pusikud","11":"product_cat-rodu-ja-terrass","12":"product_cat-vaike-aed","13":"product_cat-varjuaed","14":"product_cat-taimed","15":"pa_kasvukorgus-20-25-cm","16":"pa_laius-30-cm","17":"pa_lehestikuvarv-tumeroheline","18":"pa_lehestikuvarv-ploomililla","19":"pa_oie-varv-lilla","20":"pa_oitsemise-aeg-juunist-septembrini","21":"pa_tsoon-4-8","22":"pa_variatsioon-suurem-pott","23":"pa_variatsioon-vaiksem-pott","25":"first","26":"instock","27":"taxable","28":"shipping-taxable","29":"purchasable","30":"product-type-variable"},"acf":[],"_links":{"self":[{"href":"https:\/\/dev.garden.ee\/en\/wp-json\/wp\/v2\/product\/24387","targetHints":{"allow":["GET"]}}],"collection":[{"href":"https:\/\/dev.garden.ee\/en\/wp-json\/wp\/v2\/product"}],"about":[{"href":"https:\/\/dev.garden.ee\/en\/wp-json\/wp\/v2\/types\/product"}],"wp:featuredmedia":[{"embeddable":true,"href":"https:\/\/dev.garden.ee\/en\/wp-json\/wp\/v2\/media\/24388"}],"wp:attachment":[{"href":"https:\/\/dev.garden.ee\/en\/wp-json\/wp\/v2\/media?parent=24387"}],"wp:term":[{"taxonomy":"product_brand","embeddable":true,"href":"https:\/\/dev.garden.ee\/en\/wp-json\/wp\/v2\/product_brand?post=24387"},{"taxonomy":"product_cat","embeddable":true,"href":"https:\/\/dev.garden.ee\/en\/wp-json\/wp\/v2\/product_cat?post=24387"},{"taxonomy":"product_tag","embeddable":true,"href":"https:\/\/dev.garden.ee\/en\/wp-json\/wp\/v2\/product_tag?post=24387"}],"curies":[{"name":"wp","href":"https:\/\/api.w.org\/{rel}","templated":true}]}}