{"id":24379,"date":"2023-05-03T13:49:59","date_gmt":"2023-05-03T10:49:59","guid":{"rendered":"https:\/\/dev.zezz.ee\/garden\/?post_type=product&#038;p=24379"},"modified":"2026-02-24T10:58:23","modified_gmt":"2026-02-24T08:58:23","slug":"gaura-lindheimeri-whirling-butterflies","status":"publish","type":"product","link":"https:\/\/dev.garden.ee\/en\/product\/gaura-lindheimeri-whirling-butterflies\/","title":{"rendered":"Gaura lindheimeri &#8216;Whirling Butterflies&#8217;"},"content":{"rendered":"<input class=\"fooboxshare_post_id\" type=\"hidden\" value=\"24379\"\/>","protected":false},"excerpt":{"rendered":"<p><em>Gaura<\/em> \u2018Whirling Butterflies\u2019 on P\u00f5hja-Ameerikast p\u00e4rit dekoratiivne ja v\u00e4hen\u00f5udlik, kaunilt hapra v\u00e4limuse ja huvitava struktuuriga p\u00fcsik.<\/p>\n<p>Pehme, hallikasrohelise ja suhteliselt h\u00f5reda lehestikuga puhmiku kohale ilmuvad kevadel pikad lillakaspunased \u00f5ievarred. Nende tipus paiknevad roosad \u00f5iepungad, millest saavad peagi lumivalged, v\u00e4ikeseid valgeid liblikaid meenutavad harvad \u00f5ied, mis tantsisklevad pikkadel ja n\u00f5tketel \u00f5ievartel iga \u00f5rnemagi tuulehooga.<\/p>\n<p>Oma \u00f5hulise ja uduja v\u00e4limusega lisab <em>Gaura<\/em> \u2018White Butterflies\u2019 aeda pehmeid ja hajusaid vorme ning sobib ideaalselt kasvama kiviktaimlatesse, lilleniitudele ja looduslikesse aedadesse. Samuti v\u00f5ib teda lisada t\u00fchjadesse kohtadesse peenardes v\u00f5i erinevate taimegruppide vahele, luues n\u00f5nda aias huvitavaid kordusi, mis aitavad erinevaid taimekombinatsioone \u00fchtseks tervikuks liita. Efektne suurtes gruppides ja massistutuses, sobib kasvatamiseks ka sobiva suurusega aiapottides ning on hinnatud l\u00f5ikelillena.<\/p>\n<p>Kalevikepp \u00f5itseb pikalt, varasuvest s\u00fcgiseni ja meeldib v\u00e4ga liblikatele ja mesilastele, olles samal ajal nii j\u00e4nese- kui ka hirvekindel taim. Erinevalt looduslikest vormidest, ei levi \u2018Whirling Butterflies\u2019 isek\u00fclvi teel.<\/p>\n<p><em>Gaurale<\/em> meeldib kasvada soojas, t\u00e4isp\u00e4ikese v\u00f5i hajutatud valgusega aiaosas, v\u00e4ga hea drenaa\u017eiga pinnases. V\u00e4ltida tuleks liigniiskust, talvist seivat vett ja tihket, rasket pinnast. Liiga rammusas mullas kasvades kipuvad \u00f5ievarred lamanduma ja taim v\u00f5ib vajada toestust, kas k\u00f5rvalolevate p\u00fcsikute v\u00f5i spetsiaalsete taimetugede n\u00e4ol. Kuna tegemist on pika ja s\u00fcgavale ulatuva peajuurega taimega, talub ta h\u00e4sti ka p\u00f5uaseid olusid.<\/p>","protected":false},"featured_media":24380,"template":"","meta":[],"product_brand":[],"product_cat":[9637,9503,4415,4413,6934,4406,4401,22],"product_tag":[],"class_list":{"0":"post-24379","1":"product","2":"type-product","3":"status-publish","4":"has-post-thumbnail","6":"product_cat-istutuskast","7":"product_cat-kiviktaimla","8":"product_cat-lilleaed","9":"product_cat-loikelilleaed","10":"product_cat-mesilassobralik-aed","11":"product_cat-park","12":"product_cat-pusikud","13":"product_cat-taimed","14":"pa_kasvukorgus-60-90-cm","15":"pa_laius-45-50-cm","16":"pa_lisainfo-hirve-kahjustustele-vastupidav","17":"pa_lisainfo-janese-kahjustustele-vastupidav","18":"pa_lisainfo-mesilaste-lemmik","19":"pa_lisainfo-sobilik-istutuskasti-jaoks","20":"pa_lisainfo-sobib-loikelilleks","21":"pa_lisainfo-talub-pouda","22":"pa_oie-varv-valge","23":"pa_oitsemise-aeg-mai-september","24":"pa_talvekindlus-kulmaorn","25":"pa_tsoon-z-5-9","26":"pa_variatsioon-suurem-pott","27":"pa_variatsioon-vaiksem-pott","29":"first","30":"instock","31":"taxable","32":"shipping-taxable","33":"purchasable","34":"product-type-variable"},"acf":[],"_links":{"self":[{"href":"https:\/\/dev.garden.ee\/en\/wp-json\/wp\/v2\/product\/24379","targetHints":{"allow":["GET"]}}],"collection":[{"href":"https:\/\/dev.garden.ee\/en\/wp-json\/wp\/v2\/product"}],"about":[{"href":"https:\/\/dev.garden.ee\/en\/wp-json\/wp\/v2\/types\/product"}],"wp:featuredmedia":[{"embeddable":true,"href":"https:\/\/dev.garden.ee\/en\/wp-json\/wp\/v2\/media\/24380"}],"wp:attachment":[{"href":"https:\/\/dev.garden.ee\/en\/wp-json\/wp\/v2\/media?parent=24379"}],"wp:term":[{"taxonomy":"product_brand","embeddable":true,"href":"https:\/\/dev.garden.ee\/en\/wp-json\/wp\/v2\/product_brand?post=24379"},{"taxonomy":"product_cat","embeddable":true,"href":"https:\/\/dev.garden.ee\/en\/wp-json\/wp\/v2\/product_cat?post=24379"},{"taxonomy":"product_tag","embeddable":true,"href":"https:\/\/dev.garden.ee\/en\/wp-json\/wp\/v2\/product_tag?post=24379"}],"curies":[{"name":"wp","href":"https:\/\/api.w.org\/{rel}","templated":true}]}}