{"id":24376,"date":"2023-05-02T14:04:42","date_gmt":"2023-05-02T11:04:42","guid":{"rendered":"https:\/\/dev.zezz.ee\/garden\/?post_type=product&#038;p=24376"},"modified":"2023-05-02T14:09:45","modified_gmt":"2023-05-02T11:09:45","slug":"aedmaasikas-ruby-ann-uus","status":"publish","type":"product","link":"https:\/\/dev.garden.ee\/en\/product\/aedmaasikas-ruby-ann-uus\/","title":{"rendered":"Aedmaasikas \u2018Ruby Ann\u2019 UUS!"},"content":{"rendered":"<input class=\"fooboxshare_post_id\" type=\"hidden\" value=\"24376\"\/>","protected":false},"excerpt":{"rendered":"<p>\u2018Ruby Ann\u2019 on suurte tumeroosade \u00f5itega dekoratiivne ja pikalt viljuv aedmaasikasort. Peale \u00f5itsemist valmivad taimel keskmise suurusega, piklikuda ja v\u00e4ga maitsvad marjad. P\u00f5hisaagi v\u00f5ib korjata juunis, kuid erinevalt tavalisest aedmaasikast, j\u00e4tkavad taimed \u00f5itsemist ja viljumist s\u00fcgiseni v\u00e4lja.<\/p>\n<p>\u2018Ruby Ann\u2019 kasvab kuni 30cm k\u00f5rguseks ja 60-90 cm laiuseks. Tegemist on k\u00fclmakartmatu ja v\u00e4hen\u00f5udliku sordiga, mida v\u00f5ib istutada nii marjaaeda kui ka p\u00fcsikupeenardesse, samuti sobib kasvatamiseks pottides, amplites ja muudes istutusn\u00f5udes r\u00f5dudel ja terrassidel.<\/p>\n<p>\u2018Ruby Ann\u2019 vajab p\u00e4ikselist kasvukohta ning hea drenaa\u017eiga, huumusrikast ja parasniisket mulda. V\u00f5ib vajada kaitset lindude eest.<\/p>","protected":false},"featured_media":24377,"template":"","meta":[],"product_brand":[],"product_cat":[22],"product_tag":[],"class_list":{"0":"post-24376","1":"product","2":"type-product","3":"status-publish","4":"has-post-thumbnail","6":"product_cat-taimed","7":"pa_kasvukorgus-20-30-cm","8":"pa_ladina-nimi-fragaria-x-ananassa-ruby-ann","9":"pa_laius-60-90-cm","10":"pa_oie-varv-tumeroosa","11":"pa_oitsemise-aeg-juunist-sugiseni","12":"pa_tsoon-4-8","13":"pa_vili-keskmise-suurusega","14":"pa_vili-koonuse-kujuga","15":"pa_vili-magus","16":"pa_vilja-varvus-punane","18":"first","19":"instock","20":"taxable","21":"shipping-taxable","22":"product-type-simple"},"acf":[],"_links":{"self":[{"href":"https:\/\/dev.garden.ee\/en\/wp-json\/wp\/v2\/product\/24376","targetHints":{"allow":["GET"]}}],"collection":[{"href":"https:\/\/dev.garden.ee\/en\/wp-json\/wp\/v2\/product"}],"about":[{"href":"https:\/\/dev.garden.ee\/en\/wp-json\/wp\/v2\/types\/product"}],"wp:featuredmedia":[{"embeddable":true,"href":"https:\/\/dev.garden.ee\/en\/wp-json\/wp\/v2\/media\/24377"}],"wp:attachment":[{"href":"https:\/\/dev.garden.ee\/en\/wp-json\/wp\/v2\/media?parent=24376"}],"wp:term":[{"taxonomy":"product_brand","embeddable":true,"href":"https:\/\/dev.garden.ee\/en\/wp-json\/wp\/v2\/product_brand?post=24376"},{"taxonomy":"product_cat","embeddable":true,"href":"https:\/\/dev.garden.ee\/en\/wp-json\/wp\/v2\/product_cat?post=24376"},{"taxonomy":"product_tag","embeddable":true,"href":"https:\/\/dev.garden.ee\/en\/wp-json\/wp\/v2\/product_tag?post=24376"}],"curies":[{"name":"wp","href":"https:\/\/api.w.org\/{rel}","templated":true}]}}