{"id":24370,"date":"2023-05-02T12:34:20","date_gmt":"2023-05-02T09:34:20","guid":{"rendered":"https:\/\/dev.zezz.ee\/garden\/?post_type=product&#038;p=24370"},"modified":"2023-05-02T12:42:55","modified_gmt":"2023-05-02T09:42:55","slug":"rubus-x-loganobaccus-bounty-berry-uus","status":"publish","type":"product","link":"https:\/\/dev.garden.ee\/en\/product\/rubus-x-loganobaccus-bounty-berry-uus\/","title":{"rendered":"Vampel \u2018Bounty Berry\u2019 UUS!"},"content":{"rendered":"<input class=\"fooboxshare_post_id\" type=\"hidden\" value=\"24370\"\/>","protected":false},"excerpt":{"rendered":"<p>Vampel on vaarika ja pampli ristand ning maitselt meenutab ta vaarikat, kuid kasvuomadustelt p\u00f5ldmarja. P\u00f5\u00f5sas on kiirekasvuline ja k\u00e4itub nagu ronitaim, vajades seega toestust. Vertikaalsetele vaheseintele v\u00f5i s\u00f5restikele kinnitatud pikad ja okkalised v\u00f5rsed loovad toreda s\u00f6\u00f6davate marjadega kaetud vaheseina, mis varjab aeda kenasti ka v\u00f5\u00f5raste uudishimulike pilkude eest. Taime saab kasvatada ka suuremates konteinerites r\u00f5dudel, v\u00e4ikeaedades ja terrassidel.<\/p>\n<p>&#8216;Bounty Berry&#8217; \u00f5itseb juunis ning valgetest \u00f5itest arenevad peagi suured, piklikud ja aromaatsed tumepunased marjad, mida v\u00f5ib hakkata noppima juba juuli l\u00f5pus.<\/p>\n<p>Vampel eelistab p\u00e4ikselist, hea drenaa\u017eiga huumusrikast ja parasniisket pinnast.<\/p>","protected":false},"featured_media":24371,"template":"","meta":[],"product_brand":[],"product_cat":[4403,9550,4410,4408,4394,22],"product_tag":[],"class_list":{"0":"post-24370","1":"product","2":"type-product","3":"status-publish","4":"has-post-thumbnail","6":"product_cat-kodu","7":"product_cat-rodu-ja-terrass","8":"product_cat-tarbeaed","9":"product_cat-vaike-aed","10":"product_cat-viljad-ja-marjad","11":"product_cat-taimed","12":"pa_kasvukorgus-200-250-cm","13":"pa_ladina-nimi-rubus-x-loganobaccus-bounty-berry","14":"pa_laius-100-150-cm","15":"pa_oitsemise-aeg-juuni","16":"pa_tsoon-z-5-9","17":"pa_vili-aromaatne","18":"pa_vili-loodusliku-vaarika-sarnane","19":"pa_vili-magus","20":"pa_vili-pikliku-kujuga","21":"pa_vilja-varvus-tumepunane","23":"first","24":"instock","25":"taxable","26":"shipping-taxable","27":"product-type-simple"},"acf":[],"_links":{"self":[{"href":"https:\/\/dev.garden.ee\/en\/wp-json\/wp\/v2\/product\/24370","targetHints":{"allow":["GET"]}}],"collection":[{"href":"https:\/\/dev.garden.ee\/en\/wp-json\/wp\/v2\/product"}],"about":[{"href":"https:\/\/dev.garden.ee\/en\/wp-json\/wp\/v2\/types\/product"}],"wp:featuredmedia":[{"embeddable":true,"href":"https:\/\/dev.garden.ee\/en\/wp-json\/wp\/v2\/media\/24371"}],"wp:attachment":[{"href":"https:\/\/dev.garden.ee\/en\/wp-json\/wp\/v2\/media?parent=24370"}],"wp:term":[{"taxonomy":"product_brand","embeddable":true,"href":"https:\/\/dev.garden.ee\/en\/wp-json\/wp\/v2\/product_brand?post=24370"},{"taxonomy":"product_cat","embeddable":true,"href":"https:\/\/dev.garden.ee\/en\/wp-json\/wp\/v2\/product_cat?post=24370"},{"taxonomy":"product_tag","embeddable":true,"href":"https:\/\/dev.garden.ee\/en\/wp-json\/wp\/v2\/product_tag?post=24370"}],"curies":[{"name":"wp","href":"https:\/\/api.w.org\/{rel}","templated":true}]}}