{"id":2437,"date":"2023-01-18T17:14:44","date_gmt":"2023-01-18T15:14:44","guid":{"rendered":"https:\/\/dev.zezz.ee\/garden\/toode\/physostegia-virginiana-bouquet-rose\/"},"modified":"2026-03-06T12:51:50","modified_gmt":"2026-03-06T10:51:50","slug":"physostegia-virginiana-bouquet-rose","status":"publish","type":"product","link":"https:\/\/dev.garden.ee\/en\/product\/physostegia-virginiana-bouquet-rose\/","title":{"rendered":"Physostegia virginiana &#8216;Bouquet Rose&#8217;"},"content":{"rendered":"<input class=\"fooboxshare_post_id\" type=\"hidden\" value=\"2437\"\/>","protected":false},"excerpt":{"rendered":"<p>Taim moodustab tumeroheliste lehtedega \u00fcmbritsetud vartest tiheda puhma. Varte\u00a0tippe ehivad s\u00fcgavroosad \u00f5isikud, mis s\u00e4ravad suvest s\u00fcgiseni. Suurep\u00e4rane l\u00f5ikelillena.\u00a0Levib k\u00fcllaltki kiiresti, seega tuleks seda taime istutamisel meeles pidada. Talub ka t\u00e4itsa veekogu l\u00e4hedast kasvuala. 2 kuni 3 aasta tagant tuleks taime kevadeti jagada.\u00a0Meelitab liblikaid.<\/p>","protected":false},"featured_media":25920,"template":"","meta":[],"product_brand":[],"product_cat":[4415,4413,6934,4401,22],"product_tag":[],"class_list":{"0":"post-2437","1":"product","2":"type-product","3":"status-publish","4":"has-post-thumbnail","6":"product_cat-lilleaed","7":"product_cat-loikelilleaed","8":"product_cat-mesilassobralik-aed","9":"product_cat-pusikud","10":"product_cat-taimed","11":"pa_haiguskindlus-hea","12":"pa_moodud-k-60-80-cm-l-60-cm","13":"pa_oie-varv-roosa","14":"pa_oitsemise-aeg-juuli-september","15":"pa_talvekindlus-hea","16":"pa_tsoon-2-9","17":"pa_variatsioon-suurem-pott","18":"pa_variatsioon-vaiksem-pott","20":"first","21":"outofstock","22":"purchasable","23":"product-type-variable"},"acf":[],"_links":{"self":[{"href":"https:\/\/dev.garden.ee\/en\/wp-json\/wp\/v2\/product\/2437","targetHints":{"allow":["GET"]}}],"collection":[{"href":"https:\/\/dev.garden.ee\/en\/wp-json\/wp\/v2\/product"}],"about":[{"href":"https:\/\/dev.garden.ee\/en\/wp-json\/wp\/v2\/types\/product"}],"wp:featuredmedia":[{"embeddable":true,"href":"https:\/\/dev.garden.ee\/en\/wp-json\/wp\/v2\/media\/25920"}],"wp:attachment":[{"href":"https:\/\/dev.garden.ee\/en\/wp-json\/wp\/v2\/media?parent=2437"}],"wp:term":[{"taxonomy":"product_brand","embeddable":true,"href":"https:\/\/dev.garden.ee\/en\/wp-json\/wp\/v2\/product_brand?post=2437"},{"taxonomy":"product_cat","embeddable":true,"href":"https:\/\/dev.garden.ee\/en\/wp-json\/wp\/v2\/product_cat?post=2437"},{"taxonomy":"product_tag","embeddable":true,"href":"https:\/\/dev.garden.ee\/en\/wp-json\/wp\/v2\/product_tag?post=2437"}],"curies":[{"name":"wp","href":"https:\/\/api.w.org\/{rel}","templated":true}]}}