{"id":24359,"date":"2023-04-28T21:06:45","date_gmt":"2023-04-28T18:06:45","guid":{"rendered":"https:\/\/dev.zezz.ee\/garden\/?post_type=product&#038;p=24359"},"modified":"2026-02-20T21:35:42","modified_gmt":"2026-02-20T19:35:42","slug":"deschampsia-cespitosa-palava","status":"publish","type":"product","link":"https:\/\/dev.garden.ee\/en\/product\/deschampsia-cespitosa-palava\/","title":{"rendered":"Deschampsia cespitosa &#8216;Palava&#8217;"},"content":{"rendered":"<input class=\"fooboxshare_post_id\" type=\"hidden\" value=\"24359\"\/>","protected":false},"excerpt":{"rendered":"<p>Arhitektuurse v\u00e4limusega luht-kastevars \u2018Palava\u2019 on p\u00e4rit T\u0161ehhist. Sellele toredale k\u00f5rrelisele on omased kitsad ja karedad ning elegantselt kaardus tumerohelised lehed, mis lainetavad ja voogavad kergelt v\u00e4iksemagi tuule\u00f5hu k\u00e4es. Juulikuus ilmuvad puhmikule k\u00f5rged \u00f5ievarred, mille otsas olevad kohevad \u00f5isikud on algul rohelised, kuid muutuvad pikkam\u00f6\u00f6da sulgjaks h\u00f5bejas-valgeks ning s\u00fcgisel \u00f5lgkollaseks.<\/p>\n<p>V\u00e4hen\u00f5udlik ja dekoratiivne iluk\u00f5rreline eelistab p\u00e4ikselist kasvukohta huumusrikkas mullas, kuid saab hakkama ka poolvarjus. K\u00fclmakindel ja igihaljas \u2018Palava\u2019 sobib nii \u00fcksikult kui gruppidena peenardele ja ka sobiva suurusega istutusanumatesse. \u00c4\u00e4rmiselt efektne massistutuses.<\/p>\n<p><em>Deschampsia<\/em> tuleks tagasi l\u00f5igata kevadel, samuti on kevad hea aeg taime jagamiseks.<\/p>","protected":false},"featured_media":24361,"template":"","meta":[],"product_brand":[],"product_cat":[9637,4400,4415,4401,22],"product_tag":[],"class_list":{"0":"post-24359","1":"product","2":"type-product","3":"status-publish","4":"has-post-thumbnail","6":"product_cat-istutuskast","7":"product_cat-korrelised","8":"product_cat-lilleaed","9":"product_cat-pusikud","10":"product_cat-taimed","11":"pa_kasvukorgus-60-cm","12":"pa_laius-40-60-cm","13":"pa_lisainfo-sobilik-istutuskasti-jaoks","14":"pa_lisainfo-sobib-osalise-varjuga-kasvualale","15":"pa_oie-varv-hobedane","16":"pa_oitsemise-aeg-juuni-september","17":"pa_tingimused-hea-drenaaz","18":"pa_tingimused-huumusrikas","19":"pa_tingimused-niiske","20":"pa_tsoon-4-8","21":"pa_valguse-tingimused-paike","22":"pa_valguse-tingimused-poolvari","23":"pa_variatsioon-suurem-pott","24":"pa_variatsioon-vaiksem-pott","26":"first","27":"instock","28":"taxable","29":"shipping-taxable","30":"purchasable","31":"product-type-variable"},"acf":[],"_links":{"self":[{"href":"https:\/\/dev.garden.ee\/en\/wp-json\/wp\/v2\/product\/24359","targetHints":{"allow":["GET"]}}],"collection":[{"href":"https:\/\/dev.garden.ee\/en\/wp-json\/wp\/v2\/product"}],"about":[{"href":"https:\/\/dev.garden.ee\/en\/wp-json\/wp\/v2\/types\/product"}],"wp:featuredmedia":[{"embeddable":true,"href":"https:\/\/dev.garden.ee\/en\/wp-json\/wp\/v2\/media\/24361"}],"wp:attachment":[{"href":"https:\/\/dev.garden.ee\/en\/wp-json\/wp\/v2\/media?parent=24359"}],"wp:term":[{"taxonomy":"product_brand","embeddable":true,"href":"https:\/\/dev.garden.ee\/en\/wp-json\/wp\/v2\/product_brand?post=24359"},{"taxonomy":"product_cat","embeddable":true,"href":"https:\/\/dev.garden.ee\/en\/wp-json\/wp\/v2\/product_cat?post=24359"},{"taxonomy":"product_tag","embeddable":true,"href":"https:\/\/dev.garden.ee\/en\/wp-json\/wp\/v2\/product_tag?post=24359"}],"curies":[{"name":"wp","href":"https:\/\/api.w.org\/{rel}","templated":true}]}}