{"id":24347,"date":"2023-04-28T12:42:18","date_gmt":"2023-04-28T09:42:18","guid":{"rendered":"https:\/\/dev.zezz.ee\/garden\/?post_type=product&#038;p=24347"},"modified":"2026-02-19T19:53:15","modified_gmt":"2026-02-19T17:53:15","slug":"coreopsis-redshift","status":"publish","type":"product","link":"https:\/\/dev.garden.ee\/en\/product\/coreopsis-redshift\/","title":{"rendered":"Coreopsis &#8216;Redshift&#8217;"},"content":{"rendered":"<input class=\"fooboxshare_post_id\" type=\"hidden\" value=\"24347\"\/>","protected":false},"excerpt":{"rendered":"<p>Big Bang \u2122 sarja kuuluv <em>Coreopsis<\/em> \u2018Redshift\u2019 on \u00e4\u00e4rmiselt p\u00f5nev neiusilma sort, mis \u00f5itseb rikkalikult oma karikakrakujuliste korv\u00f5itega juulist septembrini.<\/p>\n<p>Tema erakordseks omaduseks on see, et \u00f5ied muudavad oma v\u00e4rvi vastavalt \u00f5hutemperatuurile. Need v\u00f5ivad olla nii kreemikaskollast, intensiivsemat kollast kui ka lausa peedipunast tooni, tihti ka triibulised. K\u00fclmema ilmaga avanevad heledamad ja kuumema ilmaga tumedamad \u00f5ied. K\u00f5igil \u00f5itel on veidi sakiliste tippudega \u00f5ielehed ja kaunid kuldkollased s\u00fcdamikud, mida \u00fcmbritseb tume pruunikaspunane s\u00f5\u00f5r ning piklikud ja peenikesed, kuni 7cm pikkused lehed on erkrohelised.<\/p>\n<p>Kuni 5cm l\u00e4bim\u00f5\u00f5duga \u00f5ied sobivad h\u00e4sti l\u00f5ikelilledeks. Sobib kasvama nii p\u00fcsikupeenardel, konteinerites kui ka kiviktaimlas. \u00c4\u00e4rmiselt efektne suurtes gruppides v\u00f5i massistutuses.<\/p>\n<p><em>Coreopsisele <\/em>sobivad k\u00f5ik aiamullad, peaasi, et pinnas oleks hea drenaa\u017eiga, ta kasvab meelsasti ka liivasegustes vaestes muldades ning on p\u00f5uakindel. Liiga niiskes ja rammusas mullas kipuvad varred lamanduma ning taim v\u00f5ib vajada toestust. Armastab kasvada t\u00e4isp\u00e4ikese k\u00e4es ning \u00f5ied meeldivad v\u00e4ga k\u00f5ikv\u00f5imalikele tolmeldajaile.<\/p>\n<p>Aretaja: Darrell Probst Ameerika \u00dchendriikidest.<\/p>","protected":false},"featured_media":24348,"template":"","meta":[],"product_brand":[],"product_cat":[9637,4415,9702,4413,6934,4401,9550,22],"product_tag":[],"class_list":{"0":"post-24347","1":"product","2":"type-product","3":"status-publish","4":"has-post-thumbnail","6":"product_cat-istutuskast","7":"product_cat-lilleaed","8":"product_cat-linnaaed","9":"product_cat-loikelilleaed","10":"product_cat-mesilassobralik-aed","11":"product_cat-pusikud","12":"product_cat-rodu-ja-terrass","13":"product_cat-taimed","14":"pa_kasvukorgus-30-50-cm","15":"pa_laius-30-50-cm","16":"pa_lisainfo-mesilaste-lemmik","17":"pa_lisainfo-pilgupuudja","18":"pa_lisainfo-sobilik-istutuskasti-jaoks","19":"pa_lisainfo-sobib-loikelilleks","20":"pa_lisainfo-talub-pouda","21":"pa_oie-varv-mahekollane","22":"pa_oie-varv-mitmevarviline","23":"pa_oie-varv-purpurne","24":"pa_oitsemise-aeg-juuli-september","25":"pa_tingimused-hea-drenaaz","26":"pa_tingimused-kuiv","27":"pa_tingimused-liivane","28":"pa_tingimused-parasniiske","29":"pa_tingimused-tavaline","30":"pa_tingimused-toitainetevaene","31":"pa_tsoon-4-9","32":"pa_valguse-tingimused-paike","33":"pa_variatsioon-suurem-pott","34":"pa_variatsioon-vaiksem-pott","36":"first","37":"instock","38":"taxable","39":"shipping-taxable","40":"purchasable","41":"product-type-variable"},"acf":[],"_links":{"self":[{"href":"https:\/\/dev.garden.ee\/en\/wp-json\/wp\/v2\/product\/24347","targetHints":{"allow":["GET"]}}],"collection":[{"href":"https:\/\/dev.garden.ee\/en\/wp-json\/wp\/v2\/product"}],"about":[{"href":"https:\/\/dev.garden.ee\/en\/wp-json\/wp\/v2\/types\/product"}],"wp:featuredmedia":[{"embeddable":true,"href":"https:\/\/dev.garden.ee\/en\/wp-json\/wp\/v2\/media\/24348"}],"wp:attachment":[{"href":"https:\/\/dev.garden.ee\/en\/wp-json\/wp\/v2\/media?parent=24347"}],"wp:term":[{"taxonomy":"product_brand","embeddable":true,"href":"https:\/\/dev.garden.ee\/en\/wp-json\/wp\/v2\/product_brand?post=24347"},{"taxonomy":"product_cat","embeddable":true,"href":"https:\/\/dev.garden.ee\/en\/wp-json\/wp\/v2\/product_cat?post=24347"},{"taxonomy":"product_tag","embeddable":true,"href":"https:\/\/dev.garden.ee\/en\/wp-json\/wp\/v2\/product_tag?post=24347"}],"curies":[{"name":"wp","href":"https:\/\/api.w.org\/{rel}","templated":true}]}}