{"id":24332,"date":"2023-04-26T12:16:17","date_gmt":"2023-04-26T09:16:17","guid":{"rendered":"https:\/\/dev.zezz.ee\/garden\/?post_type=product&#038;p=24332"},"modified":"2026-02-13T21:19:16","modified_gmt":"2026-02-13T19:19:16","slug":"amsonia-tabernaemontana-var-salicifolia","status":"publish","type":"product","link":"https:\/\/dev.garden.ee\/en\/product\/amsonia-tabernaemontana-var-salicifolia\/","title":{"rendered":"Amsonia tabernaemontana var. salicifolia"},"content":{"rendered":"<input class=\"fooboxshare_post_id\" type=\"hidden\" value=\"24332\"\/>","protected":false},"excerpt":{"rendered":"<p>Pikaealine, p\u00fcstise kujuga puhmaid moodustav p\u00fcsik, mis on p\u00e4rit P\u00f5hja-Ameerikast. Taime kitsad ja kuni 8cm pikad erkrohelised lehed meenutavad paju lehti. Mai l\u00f5pus, juuni alguses alustab pajulehine amsoonia oma pikka \u00f5itsemisaega, mis kestab 4-6 n\u00e4dalat ning avab oma v\u00e4ikesed, kahvatusinised, valge s\u00fcdamikuga t\u00e4hekujulised \u00f5ied, mis on koondunud h\u00f5redatesse \u00f5isikutesse.<br \/>\n\u00d5ied pakuvad huvi ka paljudele tolmeldajaile, ise\u00e4ranis liblikatele.<\/p>\n<p>S\u00fcgisel v\u00e4rvub taime sinit\u00e4he lehestik kuldkollaseks.<\/p>\n<p>Pajulehine amsoonia ei ole mullastiku suhtes valiv ning eelistab kasvada p\u00e4ikese k\u00e4es v\u00f5i poolvarjus, hea drenaa\u017eiga niiskemapoolsemas pinnases.<\/p>\n<p>V\u00e4hen\u00f5udlikku ja pikaealist sinit\u00e4hte v\u00f5ib istutada peenardele ja loodusl\u00e4hedastesse aedadesse. Ta on efekte massistutuses kui ka v\u00e4iksemates gruppides. \u00d5igel ettevalmistusel sobib ka l\u00f5ikelilleks. Hirvekindel.<\/p>","protected":false},"featured_media":24333,"template":"","meta":[],"product_brand":[],"product_cat":[4415,6934,4406,4401],"product_tag":[],"class_list":{"0":"post-24332","1":"product","2":"type-product","3":"status-publish","4":"has-post-thumbnail","6":"product_cat-lilleaed","7":"product_cat-mesilassobralik-aed","8":"product_cat-park","9":"product_cat-pusikud","10":"pa_kasvukorgus-60-90-cm","11":"pa_laius-45-60-cm","12":"pa_oie-varv-kahvatusinine","13":"pa_oitsemise-aeg-juuni-juuli","14":"pa_tingimused-hea-drenaaz","15":"pa_tingimused-parasniiske","16":"pa_tsoon-1047","17":"pa_valguse-tingimused-paike","18":"pa_valguse-tingimused-poolvari","19":"pa_variatsioon-suurem-pott","20":"pa_variatsioon-vaiksem-pott","22":"first","23":"instock","24":"taxable","25":"shipping-taxable","26":"purchasable","27":"product-type-variable"},"acf":[],"_links":{"self":[{"href":"https:\/\/dev.garden.ee\/en\/wp-json\/wp\/v2\/product\/24332","targetHints":{"allow":["GET"]}}],"collection":[{"href":"https:\/\/dev.garden.ee\/en\/wp-json\/wp\/v2\/product"}],"about":[{"href":"https:\/\/dev.garden.ee\/en\/wp-json\/wp\/v2\/types\/product"}],"wp:featuredmedia":[{"embeddable":true,"href":"https:\/\/dev.garden.ee\/en\/wp-json\/wp\/v2\/media\/24333"}],"wp:attachment":[{"href":"https:\/\/dev.garden.ee\/en\/wp-json\/wp\/v2\/media?parent=24332"}],"wp:term":[{"taxonomy":"product_brand","embeddable":true,"href":"https:\/\/dev.garden.ee\/en\/wp-json\/wp\/v2\/product_brand?post=24332"},{"taxonomy":"product_cat","embeddable":true,"href":"https:\/\/dev.garden.ee\/en\/wp-json\/wp\/v2\/product_cat?post=24332"},{"taxonomy":"product_tag","embeddable":true,"href":"https:\/\/dev.garden.ee\/en\/wp-json\/wp\/v2\/product_tag?post=24332"}],"curies":[{"name":"wp","href":"https:\/\/api.w.org\/{rel}","templated":true}]}}