{"id":24326,"date":"2023-04-25T13:48:16","date_gmt":"2023-04-25T10:48:16","guid":{"rendered":"https:\/\/dev.zezz.ee\/garden\/?post_type=product&#038;p=24326"},"modified":"2026-02-13T15:41:32","modified_gmt":"2026-02-13T13:41:32","slug":"agastache-foeniculum-blue-fortune","status":"publish","type":"product","link":"https:\/\/dev.garden.ee\/en\/product\/agastache-foeniculum-blue-fortune\/","title":{"rendered":"Agastache foeniculum &#8216;Blue Fortune&#8217;"},"content":{"rendered":"<input class=\"fooboxshare_post_id\" type=\"hidden\" value=\"24326\"\/>","protected":false},"excerpt":{"rendered":"<p>Aniisi-hiidiisop \u2018Blue Fortune\u2019 on armastatud p\u00fcsik, mida hinnatakse tema kauni v\u00e4limuse ja pika \u00f5itsemisaja t\u00f5ttu. Lavendlilillad pikad, kitsad ja p\u00fcstised, kuni 10cm pikkused \u00f5isikud alustavad \u00f5itsemist juulis ja meelitavad aeda hulgaliselt tolmeldajaid, eriti kimalasi, mesilasi ja liblikaid.<\/p>\n<p>Agastache moodustab p\u00fcstise puhmiku, mille lehestik on n\u00f5geselaadne, hallikasroheline ja veidi sametja struktuuriga. Kogu taim l\u00f5hnab aniisi-, piparm\u00fcndi- ja sidruniseguse aroomiga.<\/p>\n<p>\u2018Blue Fortune\u2019 armastab p\u00e4ikselist ja sooja kasvukohta, hea drenaa\u017eiga parasniisket pinnast. Saab hakkama ka kuivematel aiamuldadel, kuid seisev vesi ja tihked savimullad ei sobi talle \u00fcldse. \u00d5itsemisaja pikendamiseks soovitame eemaldada n\u00e4rbunud \u00f5ied. Sobib ka l\u00f5ikelilleks.<\/p>\n<p>\u2018Blue Fortune\u2019 on p\u00e4lvinud ka Briti Kuningliku Aiandusseltsi maineka <em>Garden Merit<\/em> auhinna.<\/p>\n<p>Tegemist on steriilse sordiga, taime saab paljundada varakevadel jagamise teel.<\/p>","protected":false},"featured_media":24328,"template":"","meta":[],"product_brand":[],"product_cat":[4415,4414,4413,6934,4401,4411,4393,22],"product_tag":[9209],"class_list":{"0":"post-24326","1":"product","2":"type-product","3":"status-publish","4":"has-post-thumbnail","6":"product_cat-lilleaed","7":"product_cat-lohnaaed","8":"product_cat-loikelilleaed","9":"product_cat-mesilassobralik-aed","10":"product_cat-pusikud","11":"product_cat-urdiaed","12":"product_cat-urdid","13":"product_cat-taimed","14":"product_tag-rhs-award-of-garden-merit","15":"pa_kasvukorgus-60-90-cm","16":"pa_laius-45-60-cm","17":"pa_lisainfo-hirve-kahjustustele-vastupidav","18":"pa_lohn-orn","19":"pa_oie-varv-helelilla","20":"pa_oitsemise-aeg-juuli-oktoober","21":"pa_tingimused-hea-drenaaz","22":"pa_tingimused-parasniiske","23":"pa_tsoon-5-9","24":"pa_valguse-tingimused-paike","25":"pa_valguse-tingimused-poolvari","26":"pa_variatsioon-suur-pott","27":"pa_variatsioon-vaike-pott","29":"first","30":"onbackorder","31":"taxable","32":"shipping-taxable","33":"purchasable","34":"product-type-variable"},"acf":[],"_links":{"self":[{"href":"https:\/\/dev.garden.ee\/en\/wp-json\/wp\/v2\/product\/24326","targetHints":{"allow":["GET"]}}],"collection":[{"href":"https:\/\/dev.garden.ee\/en\/wp-json\/wp\/v2\/product"}],"about":[{"href":"https:\/\/dev.garden.ee\/en\/wp-json\/wp\/v2\/types\/product"}],"wp:featuredmedia":[{"embeddable":true,"href":"https:\/\/dev.garden.ee\/en\/wp-json\/wp\/v2\/media\/24328"}],"wp:attachment":[{"href":"https:\/\/dev.garden.ee\/en\/wp-json\/wp\/v2\/media?parent=24326"}],"wp:term":[{"taxonomy":"product_brand","embeddable":true,"href":"https:\/\/dev.garden.ee\/en\/wp-json\/wp\/v2\/product_brand?post=24326"},{"taxonomy":"product_cat","embeddable":true,"href":"https:\/\/dev.garden.ee\/en\/wp-json\/wp\/v2\/product_cat?post=24326"},{"taxonomy":"product_tag","embeddable":true,"href":"https:\/\/dev.garden.ee\/en\/wp-json\/wp\/v2\/product_tag?post=24326"}],"curies":[{"name":"wp","href":"https:\/\/api.w.org\/{rel}","templated":true}]}}