{"id":24301,"date":"2023-04-20T12:09:25","date_gmt":"2023-04-20T09:09:25","guid":{"rendered":"https:\/\/dev.zezz.ee\/garden\/?post_type=product&#038;p=24301"},"modified":"2026-02-13T21:02:32","modified_gmt":"2026-02-13T19:02:32","slug":"amsonia-ciliata-uus","status":"publish","type":"product","link":"https:\/\/dev.garden.ee\/en\/product\/amsonia-ciliata-uus\/","title":{"rendered":"Amsonia ciliata"},"content":{"rendered":"<input class=\"fooboxshare_post_id\" type=\"hidden\" value=\"24301\"\/>","protected":false},"excerpt":{"rendered":"<p>Sinit\u00e4ht ehk amsoonia on p\u00e4rit P\u00f5hja-Ameerikast, kus ta kasvab looduslikult kergetel ja vett l\u00e4bilaskvatel liivmulla ja saviliivmulla aladel.<span class=\"Apple-converted-space\">\u00a0<\/span><\/p>\n<p>Amsoonia kasvab 60-90cm k\u00f5rguseks ja moodustab kena, korrap\u00e4rase puhma. P\u00fcstistele vartele, mis on tihedalt kaetud peenikeste kitsaste tehtedega ilmuvad maikuus h\u00f5redad helesinised kobar\u00f5isikud. Viie kroonlehega t\u00e4hekujulised \u00f5ied on 1,3cm l\u00e4bim\u00f5\u00f5duga; \u00f5rnsinised ja keskelt valged ning taim \u00f5itseb 3-4 n\u00e4dalat, r\u00f5\u00f5mustades kogu selle aja jooksul kasulikke tolmeldajaid, eriti aga liblikaid.<\/p>\n<p>Peale \u00f5itsemist moodustuvad pikad ja peenikesed (10-17cm) seemnekaunad, mis kuivades l\u00f5hkevad \u00fche k\u00fclje pealt ja paiskavad seemned peenrale.<\/p>\n<p>Sinit\u00e4ht pakub silmailu ka s\u00fcgisel, mil n\u00f5eljas lehestik muutub erksaks kuldkollaseks.<\/p>\n<p>See v\u00e4hen\u00f5udlik ja pikaaeline p\u00fcsik sobib istutamiseks nii p\u00fcsikupeenrasse kui ka kiviktaimlasse aga ka h\u00f5redasse, hajutatud valgusega parkmetsa. Visuaalse efekti annab massistutuses. Hirvekindel.<\/p>\n<p>Amsoonia ei ole mullastiku suhtes valiv, eelistades hea drenaa\u017eiga parasniisket pinnast. Peale korralikku juurdumist saab hakkama ka p\u00f5uasemal perioodil. Valgustingimustest sobib talle nii p\u00e4ike kui poolvari. Varjus kasvades kipub puhmik laiali vajuma.<\/p>\n<p>Paljundada saab sinit\u00e4hte jagamise ja seemnete teel. Peale \u00f5itsemist soovitame taime tagasi l\u00f5igata umbes 20-25cm k\u00f5rguseks, see tagab puhmale n\u00e4gusa kompaktse kuju.<\/p>","protected":false},"featured_media":24302,"template":"","meta":[],"product_brand":[],"product_cat":[4407,9503,4415,6934,4406,4401,22],"product_tag":[],"class_list":{"0":"post-24301","1":"product","2":"type-product","3":"status-publish","4":"has-post-thumbnail","6":"product_cat-aasad","7":"product_cat-kiviktaimla","8":"product_cat-lilleaed","9":"product_cat-mesilassobralik-aed","10":"product_cat-park","11":"product_cat-pusikud","12":"product_cat-taimed","13":"pa_kasvukorgus-60-90-cm","14":"pa_laius-60-90-cm","15":"pa_lisainfo-kaunis-sugisvarvus","16":"pa_oie-varv-helesinine","17":"pa_oitsemise-aeg-mai-juuni","18":"pa_tingimused-hea-drenaaz","19":"pa_tingimused-koik-mullatuubid","20":"pa_tingimused-liivane","21":"pa_tingimused-parasniiske","22":"pa_tsoon-5-9","23":"pa_valguse-tingimused-hajutatud-valgus","24":"pa_valguse-tingimused-paike","25":"pa_valguse-tingimused-poolvari","26":"pa_variatsioon-suur-pott","27":"pa_variatsioon-vaike-pott","29":"first","30":"instock","31":"taxable","32":"shipping-taxable","33":"purchasable","34":"product-type-variable"},"acf":[],"_links":{"self":[{"href":"https:\/\/dev.garden.ee\/en\/wp-json\/wp\/v2\/product\/24301","targetHints":{"allow":["GET"]}}],"collection":[{"href":"https:\/\/dev.garden.ee\/en\/wp-json\/wp\/v2\/product"}],"about":[{"href":"https:\/\/dev.garden.ee\/en\/wp-json\/wp\/v2\/types\/product"}],"wp:featuredmedia":[{"embeddable":true,"href":"https:\/\/dev.garden.ee\/en\/wp-json\/wp\/v2\/media\/24302"}],"wp:attachment":[{"href":"https:\/\/dev.garden.ee\/en\/wp-json\/wp\/v2\/media?parent=24301"}],"wp:term":[{"taxonomy":"product_brand","embeddable":true,"href":"https:\/\/dev.garden.ee\/en\/wp-json\/wp\/v2\/product_brand?post=24301"},{"taxonomy":"product_cat","embeddable":true,"href":"https:\/\/dev.garden.ee\/en\/wp-json\/wp\/v2\/product_cat?post=24301"},{"taxonomy":"product_tag","embeddable":true,"href":"https:\/\/dev.garden.ee\/en\/wp-json\/wp\/v2\/product_tag?post=24301"}],"curies":[{"name":"wp","href":"https:\/\/api.w.org\/{rel}","templated":true}]}}