{"id":24202,"date":"2023-04-12T12:00:10","date_gmt":"2023-04-12T09:00:10","guid":{"rendered":"https:\/\/dev.zezz.ee\/garden\/?post_type=product&#038;p=24202"},"modified":"2026-01-15T20:00:49","modified_gmt":"2026-01-15T18:00:49","slug":"lilium-daugmales-pilskalns-uus","status":"publish","type":"product","link":"https:\/\/dev.garden.ee\/en\/product\/lilium-daugmales-pilskalns-uus\/","title":{"rendered":"Lilium &#8216;Daugmales Pilskalns&#8217; UUS!"},"content":{"rendered":"<input class=\"fooboxshare_post_id\" type=\"hidden\" value=\"24202\"\/>","protected":false},"excerpt":{"rendered":"<p>OT h\u00fcbriidliilia, mille aretajaks on L\u00e4ti liiliaspetsialist Guntis Grants.<\/p>\n<p>Elegantsed trompetikujulised \u00f5ied on \u00e4\u00e4rtest valged ning seestpoolt lillakasroosad. \u2018Daugmales Pilskalns\u2019 on k\u00fcllaltki aeglasekasvuline, kuid aja m\u00f6\u00f6dudes kasvavad sibulad \u00fcsna suureks ning liilia v\u00f5ib kasvada inimese pikkuseks v\u00f5i k\u00f5rgemakski.<\/p>\n<p>Daugmales Pilskalns t\u00e4hendab t\u00f5lkes Daugmale muinaslinnus.<\/p>","protected":false},"featured_media":24203,"template":"","meta":[],"product_brand":[],"product_cat":[4403,4415,4413,4401,4391,22],"product_tag":[9452,9417],"class_list":{"0":"post-24202","1":"product","2":"type-product","3":"status-publish","4":"has-post-thumbnail","6":"product_cat-kodu","7":"product_cat-lilleaed","8":"product_cat-loikelilleaed","9":"product_cat-pusikud","10":"product_cat-sibullilled","11":"product_cat-taimed","12":"product_tag-ot-hubriid-liilia","13":"product_tag-soodushind-50","14":"pa_aretus-guntis-grants","15":"pa_aretus-lati","16":"pa_lisainfo-pilgupuudja","17":"pa_lisainfo-sobib-loikelilleks","18":"pa_oie-varv-lillakasroosa","19":"pa_oie-varv-valge","21":"first","22":"instock","23":"sale","24":"taxable","25":"shipping-taxable","26":"purchasable","27":"product-type-simple"},"acf":[],"_links":{"self":[{"href":"https:\/\/dev.garden.ee\/en\/wp-json\/wp\/v2\/product\/24202","targetHints":{"allow":["GET"]}}],"collection":[{"href":"https:\/\/dev.garden.ee\/en\/wp-json\/wp\/v2\/product"}],"about":[{"href":"https:\/\/dev.garden.ee\/en\/wp-json\/wp\/v2\/types\/product"}],"wp:featuredmedia":[{"embeddable":true,"href":"https:\/\/dev.garden.ee\/en\/wp-json\/wp\/v2\/media\/24203"}],"wp:attachment":[{"href":"https:\/\/dev.garden.ee\/en\/wp-json\/wp\/v2\/media?parent=24202"}],"wp:term":[{"taxonomy":"product_brand","embeddable":true,"href":"https:\/\/dev.garden.ee\/en\/wp-json\/wp\/v2\/product_brand?post=24202"},{"taxonomy":"product_cat","embeddable":true,"href":"https:\/\/dev.garden.ee\/en\/wp-json\/wp\/v2\/product_cat?post=24202"},{"taxonomy":"product_tag","embeddable":true,"href":"https:\/\/dev.garden.ee\/en\/wp-json\/wp\/v2\/product_tag?post=24202"}],"curies":[{"name":"wp","href":"https:\/\/api.w.org\/{rel}","templated":true}]}}