{"id":2409,"date":"2023-01-18T17:14:26","date_gmt":"2023-01-18T15:14:26","guid":{"rendered":"https:\/\/dev.zezz.ee\/garden\/toode\/mukdenia-rossii-karasuba\/"},"modified":"2026-03-03T16:55:11","modified_gmt":"2026-03-03T14:55:11","slug":"mukdenia-rossii-karasuba","status":"publish","type":"product","link":"https:\/\/dev.garden.ee\/en\/product\/mukdenia-rossii-karasuba\/","title":{"rendered":"Mukdenia rossii &#8216;Karasuba&#8217;"},"content":{"rendered":"<input class=\"fooboxshare_post_id\" type=\"hidden\" value=\"2409\"\/>","protected":false},"excerpt":{"rendered":"<p>Atraktiivne, heucherat meenutava\u00a0lehestikuga taim. T\u00f5usmed on kevadel pronksjas-punased, millest aegamisi saavad t\u00e4iesti rohelised l\u00f5histunud\u00a0lehed. S\u00fcgiseks muutuvad lehed servadest karmiinpunasteks. \u00d5itseb hiliskevadel valgete \u00f5itega. Aeglase kasvuga. Liigselt varju istutatud taimed ei pruugi s\u00fcgisel oma punast v\u00e4rvust saavutada. Hea pinnakattetaim,\u00a0sobib ka konteinerisse.<\/p>","protected":false},"featured_media":2410,"template":"","meta":[],"product_brand":[],"product_cat":[9637,4406,9200,4401,4412,22],"product_tag":[],"class_list":{"0":"post-2409","1":"product","2":"type-product","3":"status-publish","4":"has-post-thumbnail","6":"product_cat-istutuskast","7":"product_cat-park","8":"product_cat-pinnakatjad","9":"product_cat-pusikud","10":"product_cat-varjuaed","11":"product_cat-taimed","12":"pa_haiguskindlus-hea","13":"pa_lisainfo-hea-pinnakatja","14":"pa_lisainfo-sobilik-istutuskasti-jaoks","15":"pa_lisainfo-sobib-osalise-varjuga-kasvualale","16":"pa_moodud-k-30-cm-l-40-50-cm","17":"pa_oie-varv-valge","18":"pa_oitsemise-aeg-mai-juuni","19":"pa_talvekindlus-hea","20":"pa_tsoon-z4-9","21":"pa_variatsioon-suurem-pott","22":"pa_variatsioon-vaiksem-pott","24":"first","25":"outofstock","26":"purchasable","27":"product-type-variable"},"acf":[],"_links":{"self":[{"href":"https:\/\/dev.garden.ee\/en\/wp-json\/wp\/v2\/product\/2409","targetHints":{"allow":["GET"]}}],"collection":[{"href":"https:\/\/dev.garden.ee\/en\/wp-json\/wp\/v2\/product"}],"about":[{"href":"https:\/\/dev.garden.ee\/en\/wp-json\/wp\/v2\/types\/product"}],"wp:featuredmedia":[{"embeddable":true,"href":"https:\/\/dev.garden.ee\/en\/wp-json\/wp\/v2\/media\/2410"}],"wp:attachment":[{"href":"https:\/\/dev.garden.ee\/en\/wp-json\/wp\/v2\/media?parent=2409"}],"wp:term":[{"taxonomy":"product_brand","embeddable":true,"href":"https:\/\/dev.garden.ee\/en\/wp-json\/wp\/v2\/product_brand?post=2409"},{"taxonomy":"product_cat","embeddable":true,"href":"https:\/\/dev.garden.ee\/en\/wp-json\/wp\/v2\/product_cat?post=2409"},{"taxonomy":"product_tag","embeddable":true,"href":"https:\/\/dev.garden.ee\/en\/wp-json\/wp\/v2\/product_tag?post=2409"}],"curies":[{"name":"wp","href":"https:\/\/api.w.org\/{rel}","templated":true}]}}