{"id":2406,"date":"2023-01-18T17:14:24","date_gmt":"2023-01-18T15:14:24","guid":{"rendered":"https:\/\/dev.zezz.ee\/garden\/toode\/parthenocissus-quinquefolia-red-wall-troki\/"},"modified":"2023-03-21T13:22:44","modified_gmt":"2023-03-21T11:22:44","slug":"parthenocissus-quinquefolia-red-wall-troki","status":"publish","type":"product","link":"https:\/\/dev.garden.ee\/en\/product\/parthenocissus-quinquefolia-red-wall-troki\/","title":{"rendered":"Parthenocissus quinquefolia &#8216;Red Wall&#8217;\/ &#8216;Troki&#8217;"},"content":{"rendered":"<input class=\"fooboxshare_post_id\" type=\"hidden\" value=\"2406\"\/>","protected":false},"excerpt":{"rendered":"<p>Kiirekasvulise ronitaime tumeroheline lehestik muutub s\u00fcgisetulekul \u00e4\u00e4rmiselt kaunilt leekivpunaseks. S\u00fcgisel valmivad ka lindudele meelep\u00e4rased v\u00e4iksed sinised marjad. T\u00e4nu oma suurep\u00e4rasele lehestikule on taim \u00fcks parimaid v\u00f5imalusi, kuidas kaunistada m\u00fc\u00fcre v\u00f5i vaheaedu.<\/p>","protected":false},"featured_media":2407,"template":"","meta":[],"product_brand":[],"product_cat":[4403,4406,4397,22],"product_tag":[],"class_list":{"0":"post-2406","1":"product","2":"type-product","3":"status-publish","4":"has-post-thumbnail","6":"product_cat-kodu","7":"product_cat-park","8":"product_cat-ronitaimed","9":"product_cat-taimed","10":"pa_moodud-k-15-m","11":"pa_oie-varv-roheline","12":"pa_tsoon-3-9","13":"pa_variatsioon-ronitaim-h-150-cm","14":"pa_variatsioon-ronitaim-h-80-100-cm","16":"first","17":"outofstock","18":"taxable","19":"shipping-taxable","20":"purchasable","21":"product-type-variable"},"acf":[],"_links":{"self":[{"href":"https:\/\/dev.garden.ee\/en\/wp-json\/wp\/v2\/product\/2406","targetHints":{"allow":["GET"]}}],"collection":[{"href":"https:\/\/dev.garden.ee\/en\/wp-json\/wp\/v2\/product"}],"about":[{"href":"https:\/\/dev.garden.ee\/en\/wp-json\/wp\/v2\/types\/product"}],"wp:featuredmedia":[{"embeddable":true,"href":"https:\/\/dev.garden.ee\/en\/wp-json\/wp\/v2\/media\/2407"}],"wp:attachment":[{"href":"https:\/\/dev.garden.ee\/en\/wp-json\/wp\/v2\/media?parent=2406"}],"wp:term":[{"taxonomy":"product_brand","embeddable":true,"href":"https:\/\/dev.garden.ee\/en\/wp-json\/wp\/v2\/product_brand?post=2406"},{"taxonomy":"product_cat","embeddable":true,"href":"https:\/\/dev.garden.ee\/en\/wp-json\/wp\/v2\/product_cat?post=2406"},{"taxonomy":"product_tag","embeddable":true,"href":"https:\/\/dev.garden.ee\/en\/wp-json\/wp\/v2\/product_tag?post=2406"}],"curies":[{"name":"wp","href":"https:\/\/api.w.org\/{rel}","templated":true}]}}