{"id":24046,"date":"2026-02-25T19:01:18","date_gmt":"2026-02-25T17:01:18","guid":{"rendered":"https:\/\/dev.zezz.ee\/garden\/?post_type=product&#038;p=24046"},"modified":"2026-02-25T19:01:19","modified_gmt":"2026-02-25T17:01:19","slug":"hepatica-nobilis","status":"publish","type":"product","link":"https:\/\/dev.garden.ee\/en\/product\/hepatica-nobilis\/","title":{"rendered":"Hepatica nobilis"},"content":{"rendered":"<input class=\"fooboxshare_post_id\" type=\"hidden\" value=\"24046\"\/>","protected":false},"excerpt":{"rendered":"<p>Armastatud Eesti metsataim, mida saab edukalt kasvatada ka varjuaedades. Sinilill on \u00fcks esimesi kevadisi \u00f5itsejaid ning avab oma r\u00f5\u00f5msameelsed lillakassinised liht\u00f5ied juba aprillis. \u00d5ite rohekat s\u00fcdamikku \u00fcmbritseb 5-7 korrap\u00e4rast sinist (vahel ka roosat v\u00f5i valget) tupplehte ning need moodustavad kena kontrasti taime tumeroheliste igihaljaste veidi nahjkate lehtede taustal.<\/p>\n<p>Sinilill moodustab n\u00e4gusaid madalaid puhmaid ning paljuneb nii risoomide kui ka isek\u00fclvi teel.<br \/>\nTaim eelistab varjulist kasvukohta ning parasniisket huumusrikast pinnast. Harilik sinilill on tuntud taim ka rahvameditsiinis.<\/p>\n<p>NB! Taim on m\u00fcrgine ning tundlikel inimestel v\u00f5ib nahale sattunud taime mahl tekitada p\u00f5letust ja ville.<\/p>","protected":false},"featured_media":0,"template":"","meta":[],"product_brand":[],"product_cat":[4406,9200,4401,4408,4412,22],"product_tag":[],"class_list":{"0":"post-24046","1":"product","2":"type-product","3":"status-publish","5":"product_cat-park","6":"product_cat-pinnakatjad","7":"product_cat-pusikud","8":"product_cat-vaike-aed","9":"product_cat-varjuaed","10":"product_cat-taimed","11":"pa_kasvukorgus-10-15-cm","12":"pa_laius-15-20-cm","13":"pa_lisainfo-mesilaste-lemmik","14":"pa_lisainfo-murgine","15":"pa_lisainfo-pilgupuudja","16":"pa_lisainfo-sobib-osalise-varjuga-kasvualale","17":"pa_oie-varv-lillakassinine","18":"pa_oitsemise-aeg-aprill-mai","19":"pa_talvekindlus-vaga-hea","20":"pa_tingimused-huumusrikas","21":"pa_tingimused-parasniiske","22":"pa_tsoon-3-7","23":"pa_valguse-tingimused-poolvari","24":"pa_valguse-tingimused-vari","25":"pa_variatsioon-suurem-pott","26":"pa_variatsioon-vaiksem-pott","28":"first","29":"instock","30":"purchasable","31":"product-type-variable"},"acf":[],"_links":{"self":[{"href":"https:\/\/dev.garden.ee\/en\/wp-json\/wp\/v2\/product\/24046","targetHints":{"allow":["GET"]}}],"collection":[{"href":"https:\/\/dev.garden.ee\/en\/wp-json\/wp\/v2\/product"}],"about":[{"href":"https:\/\/dev.garden.ee\/en\/wp-json\/wp\/v2\/types\/product"}],"wp:attachment":[{"href":"https:\/\/dev.garden.ee\/en\/wp-json\/wp\/v2\/media?parent=24046"}],"wp:term":[{"taxonomy":"product_brand","embeddable":true,"href":"https:\/\/dev.garden.ee\/en\/wp-json\/wp\/v2\/product_brand?post=24046"},{"taxonomy":"product_cat","embeddable":true,"href":"https:\/\/dev.garden.ee\/en\/wp-json\/wp\/v2\/product_cat?post=24046"},{"taxonomy":"product_tag","embeddable":true,"href":"https:\/\/dev.garden.ee\/en\/wp-json\/wp\/v2\/product_tag?post=24046"}],"curies":[{"name":"wp","href":"https:\/\/api.w.org\/{rel}","templated":true}]}}