{"id":2403,"date":"2023-01-18T17:14:21","date_gmt":"2023-01-18T15:14:21","guid":{"rendered":"https:\/\/dev.zezz.ee\/garden\/toode\/perovskia-atriplicifolia-little-spire\/"},"modified":"2026-03-05T16:31:44","modified_gmt":"2026-03-05T14:31:44","slug":"perovskia-atriplicifolia-little-spire","status":"publish","type":"product","link":"https:\/\/dev.garden.ee\/en\/product\/perovskia-atriplicifolia-little-spire\/","title":{"rendered":"Perovskia atriplicifolia &#8216;Little Spire&#8217;"},"content":{"rendered":"<input class=\"fooboxshare_post_id\" type=\"hidden\" value=\"2403\"\/>","protected":false},"excerpt":{"rendered":"<p>Tegemist on taimega, millel erakordselt pika hooajalise huviga. V\u00e4ikeste hallikasroheliste lehekestega \u00fcmbritsetud v\u00f5rsetest moodustub kohev p\u00fcstine puhmas, mille tippe ehivad lavendlisinised v\u00e4ikesed \u00f5ied. Kompaktne taim sobib h\u00e4sti v\u00e4iksemasse aeda v\u00f5i ka peenra etteotsa. Kui taim on juba kohanenud pole ka p\u00f5ud talle mingiks probleemiks.<\/p>\n<p>Hooldus: Varakevadel l\u00f5igata taime korralikult tagasi kuni 15 cm-ni.<\/p>","protected":false},"featured_media":2404,"template":"","meta":[],"product_brand":[],"product_cat":[4401,22],"product_tag":[],"class_list":{"0":"post-2403","1":"product","2":"type-product","3":"status-publish","4":"has-post-thumbnail","6":"product_cat-pusikud","7":"product_cat-taimed","8":"pa_moodud-k-60-cm-l-50-cm","9":"pa_oie-varv-sinine","10":"pa_oitsemise-aeg-juuli-august","11":"pa_talvekindlus-vaga-hea","12":"pa_tsoon-z-4-9","13":"pa_variatsioon-suurem-pott","14":"pa_variatsioon-vaiksem-pott","16":"first","17":"outofstock","18":"purchasable","19":"product-type-variable"},"acf":[],"_links":{"self":[{"href":"https:\/\/dev.garden.ee\/en\/wp-json\/wp\/v2\/product\/2403","targetHints":{"allow":["GET"]}}],"collection":[{"href":"https:\/\/dev.garden.ee\/en\/wp-json\/wp\/v2\/product"}],"about":[{"href":"https:\/\/dev.garden.ee\/en\/wp-json\/wp\/v2\/types\/product"}],"wp:featuredmedia":[{"embeddable":true,"href":"https:\/\/dev.garden.ee\/en\/wp-json\/wp\/v2\/media\/2404"}],"wp:attachment":[{"href":"https:\/\/dev.garden.ee\/en\/wp-json\/wp\/v2\/media?parent=2403"}],"wp:term":[{"taxonomy":"product_brand","embeddable":true,"href":"https:\/\/dev.garden.ee\/en\/wp-json\/wp\/v2\/product_brand?post=2403"},{"taxonomy":"product_cat","embeddable":true,"href":"https:\/\/dev.garden.ee\/en\/wp-json\/wp\/v2\/product_cat?post=2403"},{"taxonomy":"product_tag","embeddable":true,"href":"https:\/\/dev.garden.ee\/en\/wp-json\/wp\/v2\/product_tag?post=2403"}],"curies":[{"name":"wp","href":"https:\/\/api.w.org\/{rel}","templated":true}]}}