{"id":2399,"date":"2023-01-18T17:14:19","date_gmt":"2023-01-18T15:14:19","guid":{"rendered":"https:\/\/dev.zezz.ee\/garden\/toode\/perovskia-atriplicifolia-blue-spire\/"},"modified":"2026-03-05T16:23:11","modified_gmt":"2026-03-05T14:23:11","slug":"perovskia-atriplicifolia-blue-spire","status":"publish","type":"product","link":"https:\/\/dev.garden.ee\/en\/product\/perovskia-atriplicifolia-blue-spire\/","title":{"rendered":"Perovskia atriplicifolia &#8216;Blue Spire&#8217;"},"content":{"rendered":"<input class=\"fooboxshare_post_id\" type=\"hidden\" value=\"2399\"\/>","protected":false},"excerpt":{"rendered":"<p>Heitlehine v\u00e4ikep\u00f5\u00f5sas, millel on h\u00f5behallid varred ja\u00a0hallikasrohelised lehed. P\u00fcstise kasvuga, kannab massina violetseid siniseid v\u00e4ikeseid \u00f5isi hilissuvest s\u00fcgiseni. Meenutab kaugelt veidi lavendlit. V\u00e4ga populaarne kaaslane p\u00fcsikutele, kasvata massina.<\/p>","protected":false},"featured_media":2400,"template":"","meta":[],"product_brand":[],"product_cat":[4401,22],"product_tag":[],"class_list":{"0":"post-2399","1":"product","2":"type-product","3":"status-publish","4":"has-post-thumbnail","6":"product_cat-pusikud","7":"product_cat-taimed","8":"pa_moodud-k-12-m-l-1-m","9":"pa_oie-varv-sinine","10":"pa_oitsemise-aeg-juuli-august","11":"pa_talvekindlus-vaga-hea","12":"pa_tsoon-4-9","13":"pa_variatsioon-suurem-pott","14":"pa_variatsioon-vaiksem-pott","16":"first","17":"outofstock","18":"purchasable","19":"product-type-variable"},"acf":[],"_links":{"self":[{"href":"https:\/\/dev.garden.ee\/en\/wp-json\/wp\/v2\/product\/2399","targetHints":{"allow":["GET"]}}],"collection":[{"href":"https:\/\/dev.garden.ee\/en\/wp-json\/wp\/v2\/product"}],"about":[{"href":"https:\/\/dev.garden.ee\/en\/wp-json\/wp\/v2\/types\/product"}],"wp:featuredmedia":[{"embeddable":true,"href":"https:\/\/dev.garden.ee\/en\/wp-json\/wp\/v2\/media\/2400"}],"wp:attachment":[{"href":"https:\/\/dev.garden.ee\/en\/wp-json\/wp\/v2\/media?parent=2399"}],"wp:term":[{"taxonomy":"product_brand","embeddable":true,"href":"https:\/\/dev.garden.ee\/en\/wp-json\/wp\/v2\/product_brand?post=2399"},{"taxonomy":"product_cat","embeddable":true,"href":"https:\/\/dev.garden.ee\/en\/wp-json\/wp\/v2\/product_cat?post=2399"},{"taxonomy":"product_tag","embeddable":true,"href":"https:\/\/dev.garden.ee\/en\/wp-json\/wp\/v2\/product_tag?post=2399"}],"curies":[{"name":"wp","href":"https:\/\/api.w.org\/{rel}","templated":true}]}}