{"id":23976,"date":"2023-03-17T16:24:35","date_gmt":"2023-03-17T14:24:35","guid":{"rendered":"https:\/\/dev.zezz.ee\/garden\/?post_type=product&#038;p=23976"},"modified":"2026-02-24T20:50:06","modified_gmt":"2026-02-24T18:50:06","slug":"helictotrichon-sempervirens","status":"publish","type":"product","link":"https:\/\/dev.garden.ee\/en\/product\/helictotrichon-sempervirens\/","title":{"rendered":"Helictotrichon sempervirens"},"content":{"rendered":"<input class=\"fooboxshare_post_id\" type=\"hidden\" value=\"23976\"\/>","protected":false},"excerpt":{"rendered":"<p>\u00c4\u00e4rmiselt dekoratiivne h\u00f5bejas-sinine keskmist kasvu k\u00f5rreline, mis moodustab kena, \u00fcrmaralt kompaktse ning h\u00e4sti vormi hoidva puhmiku. Kitsad hallikassinised lehed hoiavad oma kaunist v\u00e4rvi kuni hooaja l\u00f5puni. Suve teises pooles kerkivad lehestiku kohale pikad, kuni meetrised helepruunid \u00f5ievarred koos \u00f5rnade sulgjate \u00f5iep\u00e4hikutega. Igihaljas kaerand on suurep\u00e4raseks elemendiks moodsas aias, kuid sobib ideaalselt ka lilleniitudele, p\u00fcsikupeenardesse ja kiviktaimlasse.<\/p>\n<p>Taim eelistab kasvada t\u00e4isp\u00e4ikeses ning kuivemapoolses, hea drenaa\u017eiga pinnases ega talu liigniiskust. Igihaljas kaerand on oma kauni v\u00e4limuse ja vastupidavuse t\u00f5ttu p\u00e4lvinud ka Garden Merit auhinna Briti Kuninglikult Aiandusseltsilt.<\/p>","protected":false},"featured_media":25535,"template":"","meta":[],"product_brand":[],"product_cat":[4407,9503,4400,9650,4401,4408,22],"product_tag":[9209],"class_list":{"0":"post-23976","1":"product","2":"type-product","3":"status-publish","4":"has-post-thumbnail","6":"product_cat-aasad","7":"product_cat-kiviktaimla","8":"product_cat-korrelised","9":"product_cat-looduslik-aed","10":"product_cat-pusikud","11":"product_cat-vaike-aed","12":"product_cat-taimed","13":"product_tag-rhs-award-of-garden-merit","14":"pa_kasvukorgus-60-90-cm","15":"pa_laius-30-60-cm","16":"pa_lehestikuvarv-hobedane","17":"pa_lehestikuvarv-hallikassinine","18":"pa_lisainfo-dekoratiivne-lehestik","19":"pa_lisainfo-igihaljas","20":"pa_lisainfo-talub-ka-tuulisemat-kasvukohta","21":"pa_lisainfo-talub-pouda","22":"pa_oie-varv-beez","23":"pa_oitsemise-aeg-juuli-august","24":"pa_talvekindlus-hea","25":"pa_tingimused-hea-drenaaz","26":"pa_tingimused-kuivema-poolsem","27":"pa_tsoon-4-9","28":"pa_valguse-tingimused-paike","29":"pa_variatsioon-suurem-pott","30":"pa_variatsioon-vaiksem-pott","32":"first","33":"instock","34":"purchasable","35":"product-type-variable"},"acf":[],"_links":{"self":[{"href":"https:\/\/dev.garden.ee\/en\/wp-json\/wp\/v2\/product\/23976","targetHints":{"allow":["GET"]}}],"collection":[{"href":"https:\/\/dev.garden.ee\/en\/wp-json\/wp\/v2\/product"}],"about":[{"href":"https:\/\/dev.garden.ee\/en\/wp-json\/wp\/v2\/types\/product"}],"wp:featuredmedia":[{"embeddable":true,"href":"https:\/\/dev.garden.ee\/en\/wp-json\/wp\/v2\/media\/25535"}],"wp:attachment":[{"href":"https:\/\/dev.garden.ee\/en\/wp-json\/wp\/v2\/media?parent=23976"}],"wp:term":[{"taxonomy":"product_brand","embeddable":true,"href":"https:\/\/dev.garden.ee\/en\/wp-json\/wp\/v2\/product_brand?post=23976"},{"taxonomy":"product_cat","embeddable":true,"href":"https:\/\/dev.garden.ee\/en\/wp-json\/wp\/v2\/product_cat?post=23976"},{"taxonomy":"product_tag","embeddable":true,"href":"https:\/\/dev.garden.ee\/en\/wp-json\/wp\/v2\/product_tag?post=23976"}],"curies":[{"name":"wp","href":"https:\/\/api.w.org\/{rel}","templated":true}]}}