{"id":23892,"date":"2026-02-24T16:15:44","date_gmt":"2026-02-24T14:15:44","guid":{"rendered":"https:\/\/dev.zezz.ee\/garden\/?post_type=product&#038;p=23892"},"modified":"2026-02-24T16:15:44","modified_gmt":"2026-02-24T14:15:44","slug":"hakonechloa-macra-beni-kaze","status":"publish","type":"product","link":"https:\/\/dev.garden.ee\/en\/product\/hakonechloa-macra-beni-kaze\/","title":{"rendered":"Hakonechloa macra &#8216;Beni Kaze&#8217;"},"content":{"rendered":"<input class=\"fooboxshare_post_id\" type=\"hidden\" value=\"23892\"\/>","protected":false},"excerpt":{"rendered":"<p>Tegemist on aeglaselt laieneva kuhikuna kasvava, pool-igihalja k\u00f5rrelisega. Seda pilkup\u00fc\u00fcdvat dekoratiivset k\u00f5rrelist saab kasutada v\u00e4ga mitmel viisil&#8230; tee\u00e4\u00e4risena, kombineerituna julgete v\u00e4rviplokkidena v\u00f5i p\u00f5\u00f5saste alusistutusena. Tal on l\u00fchikesed laiad rohelised lehed, mis omandavad hooaja arenedes punase ja lilla tooni. Hilissuvel ilmuvad peenikesed, kahvaturohelised p\u00e4hikud, mis p\u00fcsivad h\u00e4sti talveni.<\/p>\n<p>Kasvupind v\u00f5iks olla huumusrikas ja niiskemapoolne, kasvukoht pigem poolvarjuline. Tagasi l\u00f5ika alles kevadel enne uusi kasve.<\/p>","protected":false},"featured_media":25528,"template":"","meta":[],"product_brand":[],"product_cat":[4400,4406,9200,4401,4408,4412,22],"product_tag":[],"class_list":{"0":"post-23892","1":"product","2":"type-product","3":"status-publish","4":"has-post-thumbnail","6":"product_cat-korrelised","7":"product_cat-park","8":"product_cat-pinnakatjad","9":"product_cat-pusikud","10":"product_cat-vaike-aed","11":"product_cat-varjuaed","12":"product_cat-taimed","13":"pa_kasvukorgus-30-50-cm","14":"pa_laius-50-60-cm","15":"pa_lisainfo-dekoratiivne-lehestik","16":"pa_lisainfo-hea-pinnakatja","17":"pa_lisainfo-sobib-osalise-varjuga-kasvualale","18":"pa_oitsemise-aeg-august-september","19":"pa_talvekindlus-vaga-hea","20":"pa_tingimused-huumusrikas","21":"pa_tingimused-jahe","22":"pa_tingimused-niiske","23":"pa_valguse-tingimused-poolvari","24":"pa_valguse-tingimused-vari","25":"pa_variatsioon-suurem-pott","26":"pa_variatsioon-vaiksem-pott","28":"first","29":"onbackorder","30":"purchasable","31":"product-type-variable"},"acf":[],"_links":{"self":[{"href":"https:\/\/dev.garden.ee\/en\/wp-json\/wp\/v2\/product\/23892","targetHints":{"allow":["GET"]}}],"collection":[{"href":"https:\/\/dev.garden.ee\/en\/wp-json\/wp\/v2\/product"}],"about":[{"href":"https:\/\/dev.garden.ee\/en\/wp-json\/wp\/v2\/types\/product"}],"wp:featuredmedia":[{"embeddable":true,"href":"https:\/\/dev.garden.ee\/en\/wp-json\/wp\/v2\/media\/25528"}],"wp:attachment":[{"href":"https:\/\/dev.garden.ee\/en\/wp-json\/wp\/v2\/media?parent=23892"}],"wp:term":[{"taxonomy":"product_brand","embeddable":true,"href":"https:\/\/dev.garden.ee\/en\/wp-json\/wp\/v2\/product_brand?post=23892"},{"taxonomy":"product_cat","embeddable":true,"href":"https:\/\/dev.garden.ee\/en\/wp-json\/wp\/v2\/product_cat?post=23892"},{"taxonomy":"product_tag","embeddable":true,"href":"https:\/\/dev.garden.ee\/en\/wp-json\/wp\/v2\/product_tag?post=23892"}],"curies":[{"name":"wp","href":"https:\/\/api.w.org\/{rel}","templated":true}]}}