{"id":2385,"date":"2023-01-18T17:14:12","date_gmt":"2023-01-18T15:14:12","guid":{"rendered":"https:\/\/dev.zezz.ee\/garden\/toode\/mentha-x-piperita-swiss\/"},"modified":"2026-03-02T21:25:39","modified_gmt":"2026-03-02T19:25:39","slug":"mentha-x-piperita-swiss","status":"publish","type":"product","link":"https:\/\/dev.garden.ee\/en\/product\/mentha-x-piperita-swiss\/","title":{"rendered":"Mentha x piperita &#8216;Swiss&#8217;"},"content":{"rendered":"<input class=\"fooboxshare_post_id\" type=\"hidden\" value=\"2385\"\/>","protected":false},"excerpt":{"rendered":"<p>See piparm\u00fcndi sort on teistest kergema ja v\u00e4rskema, sidrunit meenutava maitse ja l\u00f5hnaga. Lehed tumerohelised, saagja servaga, \u00f5isik pikem, p\u00fcstine, helelilla. V\u00e4ga dekoratiivne, v\u00e4hen\u00f5udlik taim. \u00d5itseb maist juunini, meelitab ohtralt liblikaid ja mesilasi. Paljuneb juurerisoomi abil, seemned on steriilsed. Kasutatakse v\u00e4ga palju erinevates valdkondades- meditsiinis, joogi- ja toiduainet\u00f6\u00f6stuses, aroomit\u00f6\u00f6stustes. Seda piparm\u00fcnti hakati kasutama \u0160veitsi kommit\u00f6\u00f6stustes, sellest ka piparm\u00fcndisordile &#8216;Swiss&#8217; nimi.<\/p>","protected":false},"featured_media":2386,"template":"","meta":[],"product_brand":[],"product_cat":[4401,4410,4411,4393,22],"product_tag":[],"class_list":{"0":"post-2385","1":"product","2":"type-product","3":"status-publish","4":"has-post-thumbnail","6":"product_cat-pusikud","7":"product_cat-tarbeaed","8":"product_cat-urdiaed","9":"product_cat-urdid","10":"product_cat-taimed","11":"pa_haiguskindlus-vaga-hea","12":"pa_lohn-lohnav","13":"pa_moodud-k-60-cm-l-60-cm","14":"pa_oie-varv-lilla","15":"pa_oitsemise-aeg-mai-juuni","16":"pa_talvekindlus-hea","17":"pa_tsoon-z-5-9","18":"pa_variatsioon-suurem-pott","19":"pa_variatsioon-suurem-pott-soodushind-50","20":"pa_variatsioon-vaiksem-pott","22":"first","23":"outofstock","24":"sale","25":"purchasable","26":"product-type-variable"},"acf":[],"_links":{"self":[{"href":"https:\/\/dev.garden.ee\/en\/wp-json\/wp\/v2\/product\/2385","targetHints":{"allow":["GET"]}}],"collection":[{"href":"https:\/\/dev.garden.ee\/en\/wp-json\/wp\/v2\/product"}],"about":[{"href":"https:\/\/dev.garden.ee\/en\/wp-json\/wp\/v2\/types\/product"}],"wp:featuredmedia":[{"embeddable":true,"href":"https:\/\/dev.garden.ee\/en\/wp-json\/wp\/v2\/media\/2386"}],"wp:attachment":[{"href":"https:\/\/dev.garden.ee\/en\/wp-json\/wp\/v2\/media?parent=2385"}],"wp:term":[{"taxonomy":"product_brand","embeddable":true,"href":"https:\/\/dev.garden.ee\/en\/wp-json\/wp\/v2\/product_brand?post=2385"},{"taxonomy":"product_cat","embeddable":true,"href":"https:\/\/dev.garden.ee\/en\/wp-json\/wp\/v2\/product_cat?post=2385"},{"taxonomy":"product_tag","embeddable":true,"href":"https:\/\/dev.garden.ee\/en\/wp-json\/wp\/v2\/product_tag?post=2385"}],"curies":[{"name":"wp","href":"https:\/\/api.w.org\/{rel}","templated":true}]}}