{"id":2382,"date":"2023-01-18T17:14:09","date_gmt":"2023-01-18T15:14:09","guid":{"rendered":"https:\/\/dev.zezz.ee\/garden\/toode\/mentha-x-piperita-granada\/"},"modified":"2026-03-02T21:28:04","modified_gmt":"2026-03-02T19:28:04","slug":"mentha-x-piperita-granada","status":"publish","type":"product","link":"https:\/\/dev.garden.ee\/en\/product\/mentha-x-piperita-granada\/","title":{"rendered":"Mentha x piperita &#8216;Granada&#8217;"},"content":{"rendered":"<input class=\"fooboxshare_post_id\" type=\"hidden\" value=\"2382\"\/>","protected":false},"excerpt":{"rendered":"<p style=\"text-align: justify;\">Apelsinil\u00f5hnaline piparm\u00fcnt! Vormilt puhmjas, kasvab kuni 60 cm k\u00f5rguseks. Lehed tumerohelised, siledamad, \u00fcmarama servaga. V\u00e4ikesed lillad huul\u00f5ied\u00a0paiknevad v\u00f5rse tippudes, \u00f5iem\u00e4nnastes, mis on \u00fclalehtede all. Meelitavad aeda liblikaid ja mesilasi. \u00d5itseb kaua, maist juulini. Sobib v\u00e4ga h\u00e4sti lillepeenrasse, dekoratiivtaimede kaaslaseks. Iga \u00fcrdiaia p\u00f5hikomponent. Lihtne kasvatada r\u00f5dul, konteineris, potis v\u00f5i v\u00e4iksemas aias. Erakordsete raviomadustega taim, leevendab n\u00e4iteks pea- v\u00f5i hambavalu, iiveldust, uneh\u00e4ireid. Suvel kasuta v\u00e4rskelt toitude ja jookide (mojito!) valmistamisel, talvel kuivatatult toob suvemeeleolu tagasi!<\/p>","protected":false},"featured_media":2383,"template":"","meta":[],"product_brand":[],"product_cat":[4401,4411,4393,22],"product_tag":[],"class_list":{"0":"post-2382","1":"product","2":"type-product","3":"status-publish","4":"has-post-thumbnail","6":"product_cat-pusikud","7":"product_cat-urdiaed","8":"product_cat-urdid","9":"product_cat-taimed","10":"pa_haiguskindlus-vaga-hea","11":"pa_lohn-lohnav","12":"pa_moodud-k-60-cm-l-60-cm","13":"pa_oie-varv-lilla","14":"pa_oitsemise-aeg-mai-juuni","15":"pa_talvekindlus-vaga-hea","16":"pa_tsoon-z-4-9","17":"pa_variatsioon-suurem-pott","18":"pa_variatsioon-vaiksem-pott","20":"first","21":"outofstock","22":"sale","23":"purchasable","24":"product-type-variable"},"acf":[],"_links":{"self":[{"href":"https:\/\/dev.garden.ee\/en\/wp-json\/wp\/v2\/product\/2382","targetHints":{"allow":["GET"]}}],"collection":[{"href":"https:\/\/dev.garden.ee\/en\/wp-json\/wp\/v2\/product"}],"about":[{"href":"https:\/\/dev.garden.ee\/en\/wp-json\/wp\/v2\/types\/product"}],"wp:featuredmedia":[{"embeddable":true,"href":"https:\/\/dev.garden.ee\/en\/wp-json\/wp\/v2\/media\/2383"}],"wp:attachment":[{"href":"https:\/\/dev.garden.ee\/en\/wp-json\/wp\/v2\/media?parent=2382"}],"wp:term":[{"taxonomy":"product_brand","embeddable":true,"href":"https:\/\/dev.garden.ee\/en\/wp-json\/wp\/v2\/product_brand?post=2382"},{"taxonomy":"product_cat","embeddable":true,"href":"https:\/\/dev.garden.ee\/en\/wp-json\/wp\/v2\/product_cat?post=2382"},{"taxonomy":"product_tag","embeddable":true,"href":"https:\/\/dev.garden.ee\/en\/wp-json\/wp\/v2\/product_tag?post=2382"}],"curies":[{"name":"wp","href":"https:\/\/api.w.org\/{rel}","templated":true}]}}