{"id":2379,"date":"2023-01-18T17:14:07","date_gmt":"2023-01-18T15:14:07","guid":{"rendered":"https:\/\/dev.zezz.ee\/garden\/toode\/mentha-species-almira\/"},"modified":"2026-03-02T21:38:03","modified_gmt":"2026-03-02T19:38:03","slug":"mentha-species-almira","status":"publish","type":"product","link":"https:\/\/dev.garden.ee\/en\/product\/mentha-species-almira\/","title":{"rendered":"Mentha &#8216;Almira&#8217;"},"content":{"rendered":"<input class=\"fooboxshare_post_id\" type=\"hidden\" value=\"2379\"\/>","protected":false},"excerpt":{"rendered":"<p>Tugeva maasika aroomiga piparm\u00fcnt! Kompaktne, madalakasvuline sort. Hinnatud ravim- ja maitsetaim. Lehed on kenad kaunistama magustoite- ja jooke. Sobib ka p\u00fcsilillepeenras ilutaimena kasvatamiseks. V\u00f5ib kasvatada ka r\u00f5dukastis, potis, konteineris. Uhke lisand \u00fcrdiaeda. Kasvamiseks sobib p\u00e4ikeseline koht, mulla suhtes pole n\u00f5udlik.<\/p>","protected":false},"featured_media":2380,"template":"","meta":[],"product_brand":[],"product_cat":[4401,4410,4411,4393,22],"product_tag":[],"class_list":{"0":"post-2379","1":"product","2":"type-product","3":"status-publish","4":"has-post-thumbnail","6":"product_cat-pusikud","7":"product_cat-tarbeaed","8":"product_cat-urdiaed","9":"product_cat-urdid","10":"product_cat-taimed","11":"pa_haiguskindlus-vaga-hea","12":"pa_moodud-k-25-cm-l-20-cm","13":"pa_talvekindlus-hea","14":"pa_variatsioon-suurem-pott","15":"pa_variatsioon-suurem-pott-soodushind-50","16":"pa_variatsioon-vaiksem-pott","18":"first","19":"outofstock","20":"sale","21":"purchasable","22":"product-type-variable"},"acf":[],"_links":{"self":[{"href":"https:\/\/dev.garden.ee\/en\/wp-json\/wp\/v2\/product\/2379","targetHints":{"allow":["GET"]}}],"collection":[{"href":"https:\/\/dev.garden.ee\/en\/wp-json\/wp\/v2\/product"}],"about":[{"href":"https:\/\/dev.garden.ee\/en\/wp-json\/wp\/v2\/types\/product"}],"wp:featuredmedia":[{"embeddable":true,"href":"https:\/\/dev.garden.ee\/en\/wp-json\/wp\/v2\/media\/2380"}],"wp:attachment":[{"href":"https:\/\/dev.garden.ee\/en\/wp-json\/wp\/v2\/media?parent=2379"}],"wp:term":[{"taxonomy":"product_brand","embeddable":true,"href":"https:\/\/dev.garden.ee\/en\/wp-json\/wp\/v2\/product_brand?post=2379"},{"taxonomy":"product_cat","embeddable":true,"href":"https:\/\/dev.garden.ee\/en\/wp-json\/wp\/v2\/product_cat?post=2379"},{"taxonomy":"product_tag","embeddable":true,"href":"https:\/\/dev.garden.ee\/en\/wp-json\/wp\/v2\/product_tag?post=2379"}],"curies":[{"name":"wp","href":"https:\/\/api.w.org\/{rel}","templated":true}]}}