{"id":2352,"date":"2023-01-18T17:13:47","date_gmt":"2023-01-18T15:13:47","guid":{"rendered":"https:\/\/dev.zezz.ee\/garden\/toode\/astilbe-chocolate-shogun\/"},"modified":"2026-02-17T13:19:02","modified_gmt":"2026-02-17T11:19:02","slug":"astilbe-chocolate-shogun","status":"publish","type":"product","link":"https:\/\/dev.garden.ee\/en\/product\/astilbe-chocolate-shogun\/","title":{"rendered":"Astilbe &#8216;Chocolate Shogun&#8217;"},"content":{"rendered":"<input class=\"fooboxshare_post_id\" type=\"hidden\" value=\"2352\"\/>","protected":false},"excerpt":{"rendered":"<p>Unikaalse, s\u00e4rava \u0161okolaadpruuni\u00a0lehestikuga p\u00fcsik. Varred tumedad ja p\u00fcstised, lehed saagjaservalised, \u00f5isikud roosakasvalged. Vajab kasvamiseks pigem poolvarju kui p\u00e4ikest ja viljakat niisket pinnast. Ei tohi lasta kuivada, ei talu p\u00f5uda ega lubjast pinnast. Kogu kasvuperioodi s\u00e4ilitavad lehed oma \u0161okolaadpruuni v\u00e4rvi. Paljundamine risoomi jagamise teel kevadel v\u00f5i s\u00fcgisel. Soodsate kasvutingimuste puhul v\u00f5ib kasvada \u00fchel kohal kuni 10 aastat. Sobilik kuivkompositsioonidesse. Meelitab aeda mesilasi.<\/p>","protected":false},"featured_media":2353,"template":"","meta":[],"product_brand":[],"product_cat":[4406,4401,4409,4392,4412,22],"product_tag":[],"class_list":{"0":"post-2352","1":"product","2":"type-product","3":"status-publish","4":"has-post-thumbnail","6":"product_cat-park","7":"product_cat-pusikud","8":"product_cat-tiigiaed","9":"product_cat-tiigitaimed","10":"product_cat-varjuaed","11":"product_cat-taimed","12":"pa_kasvukorgus-50-cm","13":"pa_laius-50-cm","14":"pa_lisainfo-mesilaste-lemmik","15":"pa_lisainfo-sobib-osalise-varjuga-kasvualale","16":"pa_oie-varv-roosakasvalge","17":"pa_oitsemise-aeg-juuli-september","18":"pa_talvekindlus-vaga-hea","19":"pa_tingimused-hea-drenaaz","20":"pa_tingimused-niiske","21":"pa_tingimused-v-a-lubjane","22":"pa_tingimused-viljakas","23":"pa_tsoon-3-9","24":"pa_valguse-tingimused-poolvari","25":"pa_valguse-tingimused-vari","26":"pa_variatsioon-suurem-pott","27":"pa_variatsioon-vaiksem-pott","29":"first","30":"instock","31":"purchasable","32":"product-type-variable"},"acf":[],"_links":{"self":[{"href":"https:\/\/dev.garden.ee\/en\/wp-json\/wp\/v2\/product\/2352","targetHints":{"allow":["GET"]}}],"collection":[{"href":"https:\/\/dev.garden.ee\/en\/wp-json\/wp\/v2\/product"}],"about":[{"href":"https:\/\/dev.garden.ee\/en\/wp-json\/wp\/v2\/types\/product"}],"wp:featuredmedia":[{"embeddable":true,"href":"https:\/\/dev.garden.ee\/en\/wp-json\/wp\/v2\/media\/2353"}],"wp:attachment":[{"href":"https:\/\/dev.garden.ee\/en\/wp-json\/wp\/v2\/media?parent=2352"}],"wp:term":[{"taxonomy":"product_brand","embeddable":true,"href":"https:\/\/dev.garden.ee\/en\/wp-json\/wp\/v2\/product_brand?post=2352"},{"taxonomy":"product_cat","embeddable":true,"href":"https:\/\/dev.garden.ee\/en\/wp-json\/wp\/v2\/product_cat?post=2352"},{"taxonomy":"product_tag","embeddable":true,"href":"https:\/\/dev.garden.ee\/en\/wp-json\/wp\/v2\/product_tag?post=2352"}],"curies":[{"name":"wp","href":"https:\/\/api.w.org\/{rel}","templated":true}]}}