{"id":23518,"date":"2026-02-13T16:29:36","date_gmt":"2026-02-13T14:29:36","guid":{"rendered":"https:\/\/dev.zezz.ee\/garden\/?post_type=product&#038;p=23518"},"modified":"2026-02-13T16:32:19","modified_gmt":"2026-02-13T14:32:19","slug":"agastache-rugosa-little-adder","status":"publish","type":"product","link":"https:\/\/dev.garden.ee\/en\/product\/agastache-rugosa-little-adder\/","title":{"rendered":"Agastache rugosa &#8216;Little Adder&#8217;"},"content":{"rendered":"<input class=\"fooboxshare_post_id\" type=\"hidden\" value=\"23518\"\/>","protected":false},"excerpt":{"rendered":"<p>Kompaktne ja \u00e4\u00e4rmiselt \u00f5iterikas sort \u2018Little Adder\u2019 on populaarse \u2018Black Adderi\u2019 v\u00e4iksem vend ning kasvab vaid 45 cm k\u00f5rguseks. Tugevatel p\u00fcstistel vartel asetsevad tihedad roosakaslillad \u00f5isikud moodustavad lagritsal\u00f5hnalise lehestiku kohal kauni kontrasti. Taim on muljetavaldavalt pika \u00f5itsemisajaga &#8211; varasuvest s\u00fcgiseni ning meeldib v\u00e4ga liblikatele, kimalastele ja mesilastele. Samas aga j\u00e4tavad nii kitsed kui ka j\u00e4nesed\u00a0<em>Agastache<\/em>\u00a0puutumata.<\/p>\n<p>Oma puhmja kuju ja madala kasvu t\u00f5ttu sobib \u2018Little Adder\u2019 ideaalselt kaunistama peenarde esiridasid kui ka kiviktaimlaid, teda v\u00f5ib kombineerida teiste p\u00fcsikutega v\u00f5i kasutada massistutuses. Samuti saab teda edukalt kasvatada lillepottides nii aias, r\u00f5dudel kui ka terrassidel. Hea l\u00f5ikelill.<\/p>\n<p>Kurd-hiidiisop \u2018Little Adder\u2019 on v\u00e4hen\u00f5udlik ja hooldusvaba. N\u00e4rbunud \u00f5isikute mahal\u00f5ikamine soodustab \u00f5itsemist.\u00a0<em>Agastachedele<\/em>\u00a0meeldib t\u00e4isp\u00e4ike ja hea drenaa\u017eiga keskmise niiskusega v\u00f5i kuivemapoolne muld. Taim saab hakkama ka p\u00f5uasemates oludes, kuid liigniisket kasvupinnast ei talu.<\/p>","protected":false},"featured_media":25213,"template":"","meta":[],"product_brand":[],"product_cat":[9637,4415,9702,4414,4413,9650,6934,4401,9550,22],"product_tag":[],"class_list":{"0":"post-23518","1":"product","2":"type-product","3":"status-publish","4":"has-post-thumbnail","6":"product_cat-istutuskast","7":"product_cat-lilleaed","8":"product_cat-linnaaed","9":"product_cat-lohnaaed","10":"product_cat-loikelilleaed","11":"product_cat-looduslik-aed","12":"product_cat-mesilassobralik-aed","13":"product_cat-pusikud","14":"product_cat-rodu-ja-terrass","15":"product_cat-taimed","16":"pa_kasvukorgus-45-cm","17":"pa_laius-55-cm","18":"pa_lisainfo-hirve-kahjustustele-vastupidav","19":"pa_lisainfo-janese-kahjustustele-vastupidav","20":"pa_lisainfo-mesilaste-lemmik","21":"pa_lisainfo-sobilik-istutuskasti-jaoks","22":"pa_lisainfo-sobib-lohnaaeda","23":"pa_lisainfo-sobib-loikelilleks","24":"pa_lisainfo-talub-ka-tuulisemat-kasvukohta","25":"pa_lisainfo-talub-pouda","26":"pa_lohn-lohnav","27":"pa_oie-varv-lilla","28":"pa_oitsemise-aeg-juuli-oktoober","29":"pa_talvekindlus-hea","30":"pa_tingimused-hea-drenaaz","31":"pa_tingimused-parasniiske","32":"pa_tsoon-5-9","33":"pa_valguse-tingimused-paike","34":"pa_variatsioon-suurem-pott","35":"pa_variatsioon-vaiksem-pott","37":"first","38":"instock","39":"taxable","40":"shipping-taxable","41":"purchasable","42":"product-type-variable"},"acf":[],"_links":{"self":[{"href":"https:\/\/dev.garden.ee\/en\/wp-json\/wp\/v2\/product\/23518","targetHints":{"allow":["GET"]}}],"collection":[{"href":"https:\/\/dev.garden.ee\/en\/wp-json\/wp\/v2\/product"}],"about":[{"href":"https:\/\/dev.garden.ee\/en\/wp-json\/wp\/v2\/types\/product"}],"wp:featuredmedia":[{"embeddable":true,"href":"https:\/\/dev.garden.ee\/en\/wp-json\/wp\/v2\/media\/25213"}],"wp:attachment":[{"href":"https:\/\/dev.garden.ee\/en\/wp-json\/wp\/v2\/media?parent=23518"}],"wp:term":[{"taxonomy":"product_brand","embeddable":true,"href":"https:\/\/dev.garden.ee\/en\/wp-json\/wp\/v2\/product_brand?post=23518"},{"taxonomy":"product_cat","embeddable":true,"href":"https:\/\/dev.garden.ee\/en\/wp-json\/wp\/v2\/product_cat?post=23518"},{"taxonomy":"product_tag","embeddable":true,"href":"https:\/\/dev.garden.ee\/en\/wp-json\/wp\/v2\/product_tag?post=23518"}],"curies":[{"name":"wp","href":"https:\/\/api.w.org\/{rel}","templated":true}]}}