{"id":2343,"date":"2023-01-18T17:13:41","date_gmt":"2023-01-18T15:13:41","guid":{"rendered":"https:\/\/dev.zezz.ee\/garden\/toode\/lilium-fusion\/"},"modified":"2026-01-15T20:26:24","modified_gmt":"2026-01-15T18:26:24","slug":"lilium-fusion","status":"publish","type":"product","link":"https:\/\/dev.garden.ee\/en\/product\/lilium-fusion\/","title":{"rendered":"Lilium &#8216;Fusion&#8217;"},"content":{"rendered":"<input class=\"fooboxshare_post_id\" type=\"hidden\" value=\"2343\"\/>","protected":false},"excerpt":{"rendered":"<p>Tegemist on longiflorum-h\u00fcbriid sordiga, kus aasia ning l\u00e4\u00e4ne maailm on omavahel kokku toodud. Nimelt on modernse ristamistehnoogia abil omavahel ristatud nii erinevaid sordid nagu seda on kaugest idast p\u00e4rit <em>Longiflorum<\/em>\u00a0ning l\u00e4\u00e4nest p\u00e4rit <em>Lilium pardalinium<\/em>. &#8216;Fusion&#8217; sordi puhul on tegemist esimese sellise ristandiga maailmas. Pikad varred kannavad laia vormiga allavaatavaid \u00f5isi. Suvel avanevad \u00f5ied on kollase s\u00fcdamikuga, mille sees p\u00f5nevad tumedad t\u00e4hnid, kroonlehtede \u00fcleskaarduv osa on aga s\u00fcgavoran\u017e.\u00a0Esimestel aastatel on ulatunud varte k\u00f5rgus \u00fcle meetri.<\/p>","protected":false},"featured_media":2344,"template":"","meta":[],"product_brand":[],"product_cat":[4403,4415,4413,4401,4391,22],"product_tag":[9453,9626],"class_list":{"0":"post-2343","1":"product","2":"type-product","3":"status-publish","4":"has-post-thumbnail","6":"product_cat-kodu","7":"product_cat-lilleaed","8":"product_cat-loikelilleaed","9":"product_cat-pusikud","10":"product_cat-sibullilled","11":"product_cat-taimed","12":"product_tag-la-longiflorum-asiatic-liilia","13":"product_tag-soodushind-70","14":"pa_moodud-k-1-m","15":"pa_oie-varv-punane","16":"pa_variatsioon-sibul-ainult-kevadel","17":"pa_variatsioon-suurem-pott","19":"first","20":"instock","21":"sale","22":"taxable","23":"shipping-taxable","24":"purchasable","25":"product-type-variable"},"acf":[],"_links":{"self":[{"href":"https:\/\/dev.garden.ee\/en\/wp-json\/wp\/v2\/product\/2343","targetHints":{"allow":["GET"]}}],"collection":[{"href":"https:\/\/dev.garden.ee\/en\/wp-json\/wp\/v2\/product"}],"about":[{"href":"https:\/\/dev.garden.ee\/en\/wp-json\/wp\/v2\/types\/product"}],"wp:featuredmedia":[{"embeddable":true,"href":"https:\/\/dev.garden.ee\/en\/wp-json\/wp\/v2\/media\/2344"}],"wp:attachment":[{"href":"https:\/\/dev.garden.ee\/en\/wp-json\/wp\/v2\/media?parent=2343"}],"wp:term":[{"taxonomy":"product_brand","embeddable":true,"href":"https:\/\/dev.garden.ee\/en\/wp-json\/wp\/v2\/product_brand?post=2343"},{"taxonomy":"product_cat","embeddable":true,"href":"https:\/\/dev.garden.ee\/en\/wp-json\/wp\/v2\/product_cat?post=2343"},{"taxonomy":"product_tag","embeddable":true,"href":"https:\/\/dev.garden.ee\/en\/wp-json\/wp\/v2\/product_tag?post=2343"}],"curies":[{"name":"wp","href":"https:\/\/api.w.org\/{rel}","templated":true}]}}