{"id":2336,"date":"2023-01-18T17:13:39","date_gmt":"2023-01-18T15:13:39","guid":{"rendered":"https:\/\/dev.zezz.ee\/garden\/toode\/lilium-forever-susan\/"},"modified":"2026-01-15T20:21:21","modified_gmt":"2026-01-15T18:21:21","slug":"lilium-forever-susan","status":"publish","type":"product","link":"https:\/\/dev.garden.ee\/en\/product\/lilium-forever-susan\/","title":{"rendered":"Lilium &#8216;Forever Susan&#8217;"},"content":{"rendered":"<input class=\"fooboxshare_post_id\" type=\"hidden\" value=\"2336\"\/>","protected":false},"excerpt":{"rendered":"<p>V\u00e4ga populaarsel sordil on 10 cm l\u00e4bim\u00f5\u00f5duga, tumepurpurse ning punakasroosakas- kirjude kroonlehtedega \u00f5ied. Esimesed tugevad varred v\u00f5ivad ulatuda u. 60 cm-ni. Kui taim on juba korralikult kohanenud, v\u00f5ivad varred ulatuda isegi 90 cm-ni. Taim v\u00f5ib vahel vajada ka kerget toestamist. \u00d5isi saab nautida juunist kuni juulini. Sibula suurus 16+ cm.<\/p>","protected":false},"featured_media":2337,"template":"","meta":[],"product_brand":[],"product_cat":[4403,4415,4413,4401,4391,22],"product_tag":[9450,9417],"class_list":{"0":"post-2336","1":"product","2":"type-product","3":"status-publish","4":"has-post-thumbnail","6":"product_cat-kodu","7":"product_cat-lilleaed","8":"product_cat-loikelilleaed","9":"product_cat-pusikud","10":"product_cat-sibullilled","11":"product_cat-taimed","12":"product_tag-aasia-liilia","13":"product_tag-soodushind-50","14":"pa_lohn-lohnatu","15":"pa_moodud-k-60-90-cm","16":"pa_oie-varv-mitmevarviline","17":"pa_oitsemise-aeg-juuni-juuli","18":"pa_variatsioon-sibul-ainult-kevadel","19":"pa_variatsioon-suurem-pott","21":"first","22":"instock","23":"sale","24":"taxable","25":"shipping-taxable","26":"purchasable","27":"product-type-variable"},"acf":[],"_links":{"self":[{"href":"https:\/\/dev.garden.ee\/en\/wp-json\/wp\/v2\/product\/2336","targetHints":{"allow":["GET"]}}],"collection":[{"href":"https:\/\/dev.garden.ee\/en\/wp-json\/wp\/v2\/product"}],"about":[{"href":"https:\/\/dev.garden.ee\/en\/wp-json\/wp\/v2\/types\/product"}],"wp:featuredmedia":[{"embeddable":true,"href":"https:\/\/dev.garden.ee\/en\/wp-json\/wp\/v2\/media\/2337"}],"wp:attachment":[{"href":"https:\/\/dev.garden.ee\/en\/wp-json\/wp\/v2\/media?parent=2336"}],"wp:term":[{"taxonomy":"product_brand","embeddable":true,"href":"https:\/\/dev.garden.ee\/en\/wp-json\/wp\/v2\/product_brand?post=2336"},{"taxonomy":"product_cat","embeddable":true,"href":"https:\/\/dev.garden.ee\/en\/wp-json\/wp\/v2\/product_cat?post=2336"},{"taxonomy":"product_tag","embeddable":true,"href":"https:\/\/dev.garden.ee\/en\/wp-json\/wp\/v2\/product_tag?post=2336"}],"curies":[{"name":"wp","href":"https:\/\/api.w.org\/{rel}","templated":true}]}}