{"id":2329,"date":"2023-01-18T17:13:34","date_gmt":"2023-01-18T15:13:34","guid":{"rendered":"https:\/\/dev.zezz.ee\/garden\/toode\/liriope-muscari-monroe-white\/"},"modified":"2026-03-02T11:18:34","modified_gmt":"2026-03-02T09:18:34","slug":"liriope-muscari-monroe-white","status":"publish","type":"product","link":"https:\/\/dev.garden.ee\/en\/product\/liriope-muscari-monroe-white\/","title":{"rendered":"Liriope muscari &#8216;Monroe White&#8217;"},"content":{"rendered":"<input class=\"fooboxshare_post_id\" type=\"hidden\" value=\"2329\"\/>","protected":false},"excerpt":{"rendered":"<p>Laiema, l\u00e4ikiva, tumerohelise lehestikuga \u00a0efektsete, p\u00fcstiste, piimvalgete kobar\u00f5isikutega p\u00fcsik. S\u00fcgiseks arenevad varrele eebenimustad marjad &#8211; seemikud. \u00d5itseb ja kasvab paremini viljakas, happelises, hea drenaa\u017eiga mullas. Sobib h\u00e4sti massistutuseks , n\u00e4iteks puude alla. Kaunis ja rahustava m\u00f5juga taim teede \u00e4\u00e4ristuseks v\u00f5i bord\u00fc\u00fcriks peenardele. Hea konteinertaim. Liblikalemb. V\u00e4ga hea haiguskindlusega.<\/p>","protected":false},"featured_media":2330,"template":"","meta":[],"product_brand":[],"product_cat":[4415,4406,9200,4401,4412,22],"product_tag":[],"class_list":{"0":"post-2329","1":"product","2":"type-product","3":"status-publish","4":"has-post-thumbnail","6":"product_cat-lilleaed","7":"product_cat-park","8":"product_cat-pinnakatjad","9":"product_cat-pusikud","10":"product_cat-varjuaed","11":"product_cat-taimed","12":"pa_haiguskindlus-vaga-hea","13":"pa_moodud-k-30-40-cm-l-30-40-cm","14":"pa_oie-varv-valge","15":"pa_oitsemise-aeg-august-september","16":"pa_talvekindlus-hea","17":"pa_tsoon-5-11","18":"pa_variatsioon-suurem-pott","19":"pa_variatsioon-vaiksem-pott","21":"first","22":"outofstock","23":"purchasable","24":"product-type-variable"},"acf":[],"_links":{"self":[{"href":"https:\/\/dev.garden.ee\/en\/wp-json\/wp\/v2\/product\/2329","targetHints":{"allow":["GET"]}}],"collection":[{"href":"https:\/\/dev.garden.ee\/en\/wp-json\/wp\/v2\/product"}],"about":[{"href":"https:\/\/dev.garden.ee\/en\/wp-json\/wp\/v2\/types\/product"}],"wp:featuredmedia":[{"embeddable":true,"href":"https:\/\/dev.garden.ee\/en\/wp-json\/wp\/v2\/media\/2330"}],"wp:attachment":[{"href":"https:\/\/dev.garden.ee\/en\/wp-json\/wp\/v2\/media?parent=2329"}],"wp:term":[{"taxonomy":"product_brand","embeddable":true,"href":"https:\/\/dev.garden.ee\/en\/wp-json\/wp\/v2\/product_brand?post=2329"},{"taxonomy":"product_cat","embeddable":true,"href":"https:\/\/dev.garden.ee\/en\/wp-json\/wp\/v2\/product_cat?post=2329"},{"taxonomy":"product_tag","embeddable":true,"href":"https:\/\/dev.garden.ee\/en\/wp-json\/wp\/v2\/product_tag?post=2329"}],"curies":[{"name":"wp","href":"https:\/\/api.w.org\/{rel}","templated":true}]}}