{"id":2325,"date":"2023-01-18T17:13:31","date_gmt":"2023-01-18T15:13:31","guid":{"rendered":"https:\/\/dev.zezz.ee\/garden\/toode\/echinacea-purpurea-green-jewel\/"},"modified":"2026-02-23T13:37:28","modified_gmt":"2026-02-23T11:37:28","slug":"echinacea-purpurea-green-jewel","status":"publish","type":"product","link":"https:\/\/dev.garden.ee\/en\/product\/echinacea-purpurea-green-jewel\/","title":{"rendered":"Echinacea purpurea &#8216;Green Jewel&#8217;"},"content":{"rendered":"<input class=\"fooboxshare_post_id\" type=\"hidden\" value=\"2325\"\/>","protected":false},"excerpt":{"rendered":"<p>S\u00e4rvhelerohelised kroonlehed \u00fcmbritsevad tumerohelist \u00f5ies\u00fcdamikku. Sordi avastas 2005 aastal Hollandlasest aednik Piet Oudolf. Mahe magus aroomsed \u00f5ied meelitavad liblikaid. Suurep\u00e4rane l\u00f5ikelilleks ning ka s\u00fcgisesi kuivanud seemnekupraid saab kasutada bukettidele efekti lisamiseks.<\/p>\n<p>Hooldus: Jaga iga nelja aasta j\u00e4rel.<\/p>","protected":false},"featured_media":2326,"template":"","meta":[],"product_brand":[],"product_cat":[4415,4413,6934,4401,22],"product_tag":[],"class_list":{"0":"post-2325","1":"product","2":"type-product","3":"status-publish","4":"has-post-thumbnail","6":"product_cat-lilleaed","7":"product_cat-loikelilleaed","8":"product_cat-mesilassobralik-aed","9":"product_cat-pusikud","10":"product_cat-taimed","11":"pa_kasvukorgus-50-60-cm","12":"pa_laius-30-45-cm-2","13":"pa_lisainfo-hirve-kahjustustele-vastupidav","14":"pa_lisainfo-mesilaste-lemmik","15":"pa_lisainfo-sobib-loikelilleks","16":"pa_lisainfo-sobib-osalise-varjuga-kasvualale","17":"pa_oie-varv-roheline","18":"pa_oitsemise-aeg-juuli-august","19":"pa_talvekindlus-hea","20":"pa_tingimused-hea-drenaaz","21":"pa_tingimused-parasniiske","22":"pa_tsoon-4-9","23":"pa_valguse-tingimused-paike","24":"pa_valguse-tingimused-poolvari","25":"pa_variatsioon-suurem-pott","26":"pa_variatsioon-vaiksem-pott","28":"first","29":"instock","30":"purchasable","31":"product-type-variable"},"acf":[],"_links":{"self":[{"href":"https:\/\/dev.garden.ee\/en\/wp-json\/wp\/v2\/product\/2325","targetHints":{"allow":["GET"]}}],"collection":[{"href":"https:\/\/dev.garden.ee\/en\/wp-json\/wp\/v2\/product"}],"about":[{"href":"https:\/\/dev.garden.ee\/en\/wp-json\/wp\/v2\/types\/product"}],"wp:featuredmedia":[{"embeddable":true,"href":"https:\/\/dev.garden.ee\/en\/wp-json\/wp\/v2\/media\/2326"}],"wp:attachment":[{"href":"https:\/\/dev.garden.ee\/en\/wp-json\/wp\/v2\/media?parent=2325"}],"wp:term":[{"taxonomy":"product_brand","embeddable":true,"href":"https:\/\/dev.garden.ee\/en\/wp-json\/wp\/v2\/product_brand?post=2325"},{"taxonomy":"product_cat","embeddable":true,"href":"https:\/\/dev.garden.ee\/en\/wp-json\/wp\/v2\/product_cat?post=2325"},{"taxonomy":"product_tag","embeddable":true,"href":"https:\/\/dev.garden.ee\/en\/wp-json\/wp\/v2\/product_tag?post=2325"}],"curies":[{"name":"wp","href":"https:\/\/api.w.org\/{rel}","templated":true}]}}