{"id":2311,"date":"2023-01-18T17:13:22","date_gmt":"2023-01-18T15:13:22","guid":{"rendered":"https:\/\/dev.zezz.ee\/garden\/toode\/echinacea-purpurea-hot-summer\/"},"modified":"2026-02-23T13:25:50","modified_gmt":"2026-02-23T11:25:50","slug":"echinacea-purpurea-hot-summer","status":"publish","type":"product","link":"https:\/\/dev.garden.ee\/en\/product\/echinacea-purpurea-hot-summer\/","title":{"rendered":"Echinacea purpurea &#8216;Hot Summer&#8217;"},"content":{"rendered":"<input class=\"fooboxshare_post_id\" type=\"hidden\" value=\"2311\"\/>","protected":false},"excerpt":{"rendered":"<p>P\u00fcstise vormiga siilk\u00fcbar, mille \u00f5ite v\u00e4rv muutub vastavalt viimaste vanusele. Algselt avanenud \u00f5ied on kollakasoran\u017eid, hiljem muutuvad need tumedamaks oran\u017eiks ning viimases j\u00e4rgus v\u00e4rvuvad tumepunaseks. Tulemus on meeldivalt v\u00e4rvik\u00fcllane, kus \u00fchel taimel on nii heledamaid kui ka tumedamaid \u00f5isi. Aromaatsed \u00f5ied pakuvad oma jahmatavat v\u00e4rvik\u00fcllust suvest s\u00fcgiseni. Tegemist on 2007. aastal Hollandis aretatud sordiga.<\/p>\n<p>Hoidmaks taime laialivalgumist, tuleks teostada jagamist peale iga nelja aastat.<\/p>","protected":false},"featured_media":2312,"template":"","meta":[],"product_brand":[],"product_cat":[4415,4413,6934,4401,22],"product_tag":[],"class_list":{"0":"post-2311","1":"product","2":"type-product","3":"status-publish","4":"has-post-thumbnail","6":"product_cat-lilleaed","7":"product_cat-loikelilleaed","8":"product_cat-mesilassobralik-aed","9":"product_cat-pusikud","10":"product_cat-taimed","11":"pa_kasvukorgus-80-90-cm","12":"pa_laius-50-60-cm","13":"pa_lisainfo-hirve-kahjustustele-vastupidav","14":"pa_lisainfo-mesilaste-lemmik","15":"pa_lisainfo-sobib-loikelilleks","16":"pa_lisainfo-sobib-osalise-varjuga-kasvualale","17":"pa_lohn-orn","18":"pa_oie-varv-punane","19":"pa_oie-varv-mitmevarviline","20":"pa_oie-varv-oranz","21":"pa_oitsemise-aeg-juuli-september","22":"pa_talvekindlus-hea","23":"pa_tingimused-tavaline","24":"pa_tsoon-4-9","25":"pa_valguse-tingimused-paike","26":"pa_valguse-tingimused-poolvari","27":"pa_variatsioon-suurem-pott","28":"pa_variatsioon-vaiksem-pott","30":"first","31":"onbackorder","32":"purchasable","33":"product-type-variable"},"acf":[],"_links":{"self":[{"href":"https:\/\/dev.garden.ee\/en\/wp-json\/wp\/v2\/product\/2311","targetHints":{"allow":["GET"]}}],"collection":[{"href":"https:\/\/dev.garden.ee\/en\/wp-json\/wp\/v2\/product"}],"about":[{"href":"https:\/\/dev.garden.ee\/en\/wp-json\/wp\/v2\/types\/product"}],"wp:featuredmedia":[{"embeddable":true,"href":"https:\/\/dev.garden.ee\/en\/wp-json\/wp\/v2\/media\/2312"}],"wp:attachment":[{"href":"https:\/\/dev.garden.ee\/en\/wp-json\/wp\/v2\/media?parent=2311"}],"wp:term":[{"taxonomy":"product_brand","embeddable":true,"href":"https:\/\/dev.garden.ee\/en\/wp-json\/wp\/v2\/product_brand?post=2311"},{"taxonomy":"product_cat","embeddable":true,"href":"https:\/\/dev.garden.ee\/en\/wp-json\/wp\/v2\/product_cat?post=2311"},{"taxonomy":"product_tag","embeddable":true,"href":"https:\/\/dev.garden.ee\/en\/wp-json\/wp\/v2\/product_tag?post=2311"}],"curies":[{"name":"wp","href":"https:\/\/api.w.org\/{rel}","templated":true}]}}