{"id":22837,"date":"2023-02-02T09:54:50","date_gmt":"2023-02-02T07:54:50","guid":{"rendered":"https:\/\/dev.zezz.ee\/garden\/?post_type=product&#038;p=22837"},"modified":"2023-02-02T17:03:22","modified_gmt":"2023-02-02T15:03:22","slug":"verbena-hastata-f-rosea-pink-spires","status":"publish","type":"product","link":"https:\/\/dev.garden.ee\/en\/product\/verbena-hastata-f-rosea-pink-spires\/","title":{"rendered":"Verbena hastata f. rosea \u2018Pink Spires\u2019"},"content":{"rendered":"<input class=\"fooboxshare_post_id\" type=\"hidden\" value=\"22837\"\/>","protected":false},"excerpt":{"rendered":"<p>K\u00fclmakartmatu, vastupidav ja k\u00f5rgekasvuline odajas raud\u00fcrt on kitsa ja p\u00fcstise kasvukujuga ning v\u00f5ib sirguda kuni 120cm k\u00f5rguseks. J\u00e4ikadele neljakandilistele ja veidi karvastele vartele kinnituvad pikliku kuju ja sakilise servaga tumerohelised lehed. Juulis ilmuvad taimele teravatipulised lillakasroosad haralised \u00f5isikud, mis koosnevad tillukestest piklikest tihedalt \u00fcksteise k\u00f5rval paiknevatest \u00f5itest. <\/p>\n<p>Odajat raud\u00fcrti v\u00f5ib kasutada huvitavate vertikaalsete n\u00fcansside lisamiseks peenardele pakkudes talle aias hea drenaa\u017eiga p\u00e4ikeselist kasvukohta. Nektaririkkad \u00f5ied meelitavad kohale rohkesti igat liiki tolmeldajaid ning s\u00e4ilivad pikalt l\u00f5ikelillena vaasis. Verbena hastata sobib h\u00e4sti n\u00e4iteks romantilise taluaia konteksti ja m\u00f5jub efektselt ka k\u00f5rgete k\u00f5rreliste seltsis. <\/p>","protected":false},"featured_media":0,"template":"","meta":[],"product_brand":[],"product_cat":[4403,4415,4413,6934,4401,22],"product_tag":[],"class_list":{"0":"post-22837","1":"product","2":"type-product","3":"status-publish","5":"product_cat-kodu","6":"product_cat-lilleaed","7":"product_cat-loikelilleaed","8":"product_cat-mesilassobralik-aed","9":"product_cat-pusikud","10":"product_cat-taimed","11":"pa_variatsioon-suurem-pott","12":"pa_variatsioon-vaiksem-pott","14":"first","15":"outofstock","16":"taxable","17":"shipping-taxable","18":"purchasable","19":"product-type-variable"},"acf":[],"_links":{"self":[{"href":"https:\/\/dev.garden.ee\/en\/wp-json\/wp\/v2\/product\/22837","targetHints":{"allow":["GET"]}}],"collection":[{"href":"https:\/\/dev.garden.ee\/en\/wp-json\/wp\/v2\/product"}],"about":[{"href":"https:\/\/dev.garden.ee\/en\/wp-json\/wp\/v2\/types\/product"}],"wp:attachment":[{"href":"https:\/\/dev.garden.ee\/en\/wp-json\/wp\/v2\/media?parent=22837"}],"wp:term":[{"taxonomy":"product_brand","embeddable":true,"href":"https:\/\/dev.garden.ee\/en\/wp-json\/wp\/v2\/product_brand?post=22837"},{"taxonomy":"product_cat","embeddable":true,"href":"https:\/\/dev.garden.ee\/en\/wp-json\/wp\/v2\/product_cat?post=22837"},{"taxonomy":"product_tag","embeddable":true,"href":"https:\/\/dev.garden.ee\/en\/wp-json\/wp\/v2\/product_tag?post=22837"}],"curies":[{"name":"wp","href":"https:\/\/api.w.org\/{rel}","templated":true}]}}