{"id":22821,"date":"2023-02-02T09:02:18","date_gmt":"2023-02-02T07:02:18","guid":{"rendered":"https:\/\/dev.zezz.ee\/garden\/?post_type=product&#038;p=22821"},"modified":"2026-02-24T11:50:27","modified_gmt":"2026-02-24T09:50:27","slug":"geranium-endressii-wargrave-pink","status":"publish","type":"product","link":"https:\/\/dev.garden.ee\/en\/product\/geranium-endressii-wargrave-pink\/","title":{"rendered":"Geranium endressii &#8216;Wargrave Pink&#8217;"},"content":{"rendered":"<input class=\"fooboxshare_post_id\" type=\"hidden\" value=\"22821\"\/>","protected":false},"excerpt":{"rendered":"<p>Tiheda puhmikulise kasvukujuga kurereha \u2018Wargrave Pink\u2019 v\u00f5ib kasvada 45-60cm k\u00f5rguseks ning avab oma 2,5cm l\u00e4bim\u00f5\u00f5duga roosad liht\u00f5ied varasuvel ning \u00f5itseb pikalt ja k\u00fclluslikult kuni septembrini. Kurereha \u2018Wargrave Pink\u2019 meelitab aeda rohkelt mesilasi, liblikaid ja muid tolmeldajaid, kuid ei paku v\u00e4himatki huvi j\u00e4nestele ega kitselistele. See v\u00e4hen\u00f5udlik ja k\u00fclmakartmatu ning v\u00e4simatult \u00f5itsev kurereha sort sobib kaunistama nii p\u00fcsilillepeenraid kui ka kiviktaimlat ja tunneb end h\u00e4sti \u00fchtviisi t\u00e4isp\u00e4ikeses kui ka poolvarjus. Talle sobivad igat t\u00fc\u00fcpi, kuid hea drenaa\u017eiga aiamullad. Oma tiheda padjandilise kasvukuju t\u00f5ttu sobib kurereha \u2018Wargrave Pink\u2019 ka pinnakattetaimeks ja elavaks mult\u0161iks, kuna v\u00e4hesed umbrohud suudavad tema tiheda lehestiku all ellu j\u00e4\u00e4da. Sobib kasvatamiseks rooside ning p\u00f5\u00f5saste all ning on suurep\u00e4raseks kaaslaseks n\u00e4iteks lupiinidele v\u00f5i lavendlitele. Suureks kasvanud puhmaid v\u00f5ib jagada kevadel v\u00f5i s\u00fcgisel.<\/p>","protected":false},"featured_media":23838,"template":"","meta":[],"product_brand":[],"product_cat":[4415,6934,9200,4401,4408,22],"product_tag":[],"class_list":{"0":"post-22821","1":"product","2":"type-product","3":"status-publish","4":"has-post-thumbnail","6":"product_cat-lilleaed","7":"product_cat-mesilassobralik-aed","8":"product_cat-pinnakatjad","9":"product_cat-pusikud","10":"product_cat-vaike-aed","11":"product_cat-taimed","12":"pa_lisainfo-hea-pinnakatja","13":"pa_lisainfo-hirve-kahjustustele-vastupidav","14":"pa_lisainfo-janese-kahjustustele-vastupidav","15":"pa_lisainfo-sobib-osalise-varjuga-kasvualale","16":"pa_moodud-k-40-60-cm-l-60-80-cm","17":"pa_oie-varv-roosa","18":"pa_oitsemise-aeg-juuni-august","19":"pa_talvekindlus-vaga-hea","20":"pa_tsoon-999","21":"pa_variatsioon-suurem-pott","22":"pa_variatsioon-vaiksem-pott","24":"first","25":"onbackorder","26":"purchasable","27":"product-type-variable"},"acf":[],"_links":{"self":[{"href":"https:\/\/dev.garden.ee\/en\/wp-json\/wp\/v2\/product\/22821","targetHints":{"allow":["GET"]}}],"collection":[{"href":"https:\/\/dev.garden.ee\/en\/wp-json\/wp\/v2\/product"}],"about":[{"href":"https:\/\/dev.garden.ee\/en\/wp-json\/wp\/v2\/types\/product"}],"wp:featuredmedia":[{"embeddable":true,"href":"https:\/\/dev.garden.ee\/en\/wp-json\/wp\/v2\/media\/23838"}],"wp:attachment":[{"href":"https:\/\/dev.garden.ee\/en\/wp-json\/wp\/v2\/media?parent=22821"}],"wp:term":[{"taxonomy":"product_brand","embeddable":true,"href":"https:\/\/dev.garden.ee\/en\/wp-json\/wp\/v2\/product_brand?post=22821"},{"taxonomy":"product_cat","embeddable":true,"href":"https:\/\/dev.garden.ee\/en\/wp-json\/wp\/v2\/product_cat?post=22821"},{"taxonomy":"product_tag","embeddable":true,"href":"https:\/\/dev.garden.ee\/en\/wp-json\/wp\/v2\/product_tag?post=22821"}],"curies":[{"name":"wp","href":"https:\/\/api.w.org\/{rel}","templated":true}]}}