{"id":22815,"date":"2023-02-02T08:18:54","date_gmt":"2023-02-02T06:18:54","guid":{"rendered":"https:\/\/dev.zezz.ee\/garden\/?post_type=product&#038;p=22815"},"modified":"2026-02-16T20:31:17","modified_gmt":"2026-02-16T18:31:17","slug":"aquilegia-vulgaris-var-stellata-nora-barlow","status":"publish","type":"product","link":"https:\/\/dev.garden.ee\/en\/product\/aquilegia-vulgaris-var-stellata-nora-barlow\/","title":{"rendered":"Aquilegia vulgaris var. stellata \u2018Nora Barlow\u2019"},"content":{"rendered":"<input class=\"fooboxshare_post_id\" type=\"hidden\" value=\"22815\"\/>","protected":false},"excerpt":{"rendered":"<p>Barlow sarja kuuluvad spetsiaalselt l\u00f5ikelilledeks aretatud ilma kannusteta t\u00e4idis\u00f5ielised kurekellad. \u2018Nora Barlow\u2019 \u00f5ied on huvitava kahev\u00e4rvilise mustriga &#8211; tihedate kihtidena asetsevad kroonlehed on \u00fclalt lillakasroosad ning otstest kontrastset rohekas-kreemikat tooni. Kuni 75cm k\u00f5rgustel vartel astesevad roosakad, 2-3cm l\u00e4bim\u00f5\u00f5duga puhvis t\u00e4idis\u00f5ied kaunistavad aeda mais ja juunis ning k\u00f5rguvad n\u00f5tkete ja graatsilistena taime madalama hallikasrohelise lehestiku kohal. Aquilegia vulgaris var. stellata ei kuulu just k\u00f5ige pikemaealiste p\u00fcsikute hulka, kuid see-eest paljuneb soodsates kasvutingimustes j\u00f5udsasti isek\u00fclvi teel. Hooldusvaba ja v\u00e4hen\u00f5udliku taimena tunneb ta end h\u00e4sti nii p\u00e4ikeses kui ka poolvarjus; \u00f5itsedes meelitab aeda rohkelt liblikaid ja mesilasi ning ei paku huvi ei j\u00e4nestele ega kitsedele. Armastatud l\u00f5ikelill.<\/p>","protected":false},"featured_media":23145,"template":"","meta":[],"product_brand":[],"product_cat":[4415,4413,6934,4401,22],"product_tag":[],"class_list":{"0":"post-22815","1":"product","2":"type-product","3":"status-publish","4":"has-post-thumbnail","6":"product_cat-lilleaed","7":"product_cat-loikelilleaed","8":"product_cat-mesilassobralik-aed","9":"product_cat-pusikud","10":"product_cat-taimed","11":"pa_kasvukorgus-70-80-cm","12":"pa_laius-40-cm","13":"pa_lisainfo-hirve-kahjustustele-vastupidav","14":"pa_lisainfo-janese-kahjustustele-vastupidav","15":"pa_lisainfo-mesilaste-lemmik","16":"pa_lisainfo-murgine","17":"pa_lisainfo-sobib-loikelilleks","18":"pa_lisainfo-sobib-osalise-varjuga-kasvualale","19":"pa_oie-varv-mitmevarviline","20":"pa_oie-varv-rohekasvalge","21":"pa_oie-varv-roosa","22":"pa_oie-varv-valge","23":"pa_oitsemise-aeg-mai-juuni","24":"pa_talvekindlus-vaga-hea","25":"pa_tingimused-hea-drenaaz","26":"pa_tingimused-parasniiske","27":"pa_tsoon-3-8","28":"pa_valguse-tingimused-paike","29":"pa_valguse-tingimused-poolvari","30":"pa_variatsioon-suurem-pott","31":"pa_variatsioon-vaiksem-pott","33":"first","34":"onbackorder","35":"taxable","36":"shipping-taxable","37":"purchasable","38":"product-type-variable"},"acf":[],"_links":{"self":[{"href":"https:\/\/dev.garden.ee\/en\/wp-json\/wp\/v2\/product\/22815","targetHints":{"allow":["GET"]}}],"collection":[{"href":"https:\/\/dev.garden.ee\/en\/wp-json\/wp\/v2\/product"}],"about":[{"href":"https:\/\/dev.garden.ee\/en\/wp-json\/wp\/v2\/types\/product"}],"wp:featuredmedia":[{"embeddable":true,"href":"https:\/\/dev.garden.ee\/en\/wp-json\/wp\/v2\/media\/23145"}],"wp:attachment":[{"href":"https:\/\/dev.garden.ee\/en\/wp-json\/wp\/v2\/media?parent=22815"}],"wp:term":[{"taxonomy":"product_brand","embeddable":true,"href":"https:\/\/dev.garden.ee\/en\/wp-json\/wp\/v2\/product_brand?post=22815"},{"taxonomy":"product_cat","embeddable":true,"href":"https:\/\/dev.garden.ee\/en\/wp-json\/wp\/v2\/product_cat?post=22815"},{"taxonomy":"product_tag","embeddable":true,"href":"https:\/\/dev.garden.ee\/en\/wp-json\/wp\/v2\/product_tag?post=22815"}],"curies":[{"name":"wp","href":"https:\/\/api.w.org\/{rel}","templated":true}]}}