{"id":22771,"date":"2023-02-01T11:19:47","date_gmt":"2023-02-01T09:19:47","guid":{"rendered":"https:\/\/dev.zezz.ee\/garden\/?post_type=product&#038;p=22771"},"modified":"2026-03-05T18:30:41","modified_gmt":"2026-03-05T16:30:41","slug":"petasites-japonicus-nishiki-buki","status":"publish","type":"product","link":"https:\/\/dev.garden.ee\/en\/product\/petasites-japonicus-nishiki-buki\/","title":{"rendered":"Petasites japonicus &#8216;Nishiki-Buki&#8217;"},"content":{"rendered":"<input class=\"fooboxshare_post_id\" type=\"hidden\" value=\"22771\"\/>","protected":false},"excerpt":{"rendered":"<p>Jaapani katkujuure tagasihoidlikud valge-rohelisekirjud \u00f5ied avanevad kevadel &#8211; aprillis, mais &#8211; enne lehti. \u00d5ite n\u00e4rtsides aga ilmuvad peagi suured, dekoratiivsed kreemikas-rohelisekirju marmoreeringuga lehed, mille l\u00e4bim\u00f5\u00f5t v\u00f5ib ulatuda kuni 30 sentimeetrini. Petasites japonicus armastab niisket pinnast ja sobib istutamiseks m\u00e4rgaladele v\u00f5i tiikide ja kraavide kallastele. Ta saab hakkama ka kehvemas ja kuivemas pinnases, kuid lehed on siis v\u00e4iksemad ning pikemal kuival perioodil tahab lisakastmist. \u2018Nishiki-Buki\u2019 on k\u00fcllaltki vitaalne taim ning soodsates kasvutingimustes paljuneb j\u00f5udsasti. Teda v\u00f5ib istutada nii t\u00e4isp\u00e4ikesesse kui ka varjulisematesse aiaosadesse ning ta on kenaks kaaslaseks n\u00e4iteks iiristele v\u00f5i astilbedele.<\/p>","protected":false},"featured_media":25886,"template":"","meta":[],"product_brand":[],"product_cat":[9200,4401,4409,4392,22],"product_tag":[],"class_list":{"0":"post-22771","1":"product","2":"type-product","3":"status-publish","4":"has-post-thumbnail","6":"product_cat-pinnakatjad","7":"product_cat-pusikud","8":"product_cat-tiigiaed","9":"product_cat-tiigitaimed","10":"product_cat-taimed","11":"pa_kasvukorgus-40-60-cm","12":"pa_laius-60-90-cm","13":"pa_lisainfo-dekoratiivne-lehestik","14":"pa_lisainfo-hea-pinnakatja","15":"pa_lisainfo-kaldataim","16":"pa_lisainfo-sobib-osalise-varjuga-kasvualale","17":"pa_oie-varv-kreemjas","18":"pa_oie-varv-roheline","19":"pa_oitsemise-aeg-aprill-mai","20":"pa_tingimused-koik-mullatuubid","21":"pa_tingimused-niiske","22":"pa_tsoon-999","23":"pa_valguse-tingimused-paike","24":"pa_valguse-tingimused-poolvari","25":"pa_valguse-tingimused-vari","26":"pa_variatsioon-suurem-pott","27":"pa_variatsioon-vaiksem-pott","29":"first","30":"instock","31":"taxable","32":"shipping-taxable","33":"purchasable","34":"product-type-variable"},"acf":[],"_links":{"self":[{"href":"https:\/\/dev.garden.ee\/en\/wp-json\/wp\/v2\/product\/22771","targetHints":{"allow":["GET"]}}],"collection":[{"href":"https:\/\/dev.garden.ee\/en\/wp-json\/wp\/v2\/product"}],"about":[{"href":"https:\/\/dev.garden.ee\/en\/wp-json\/wp\/v2\/types\/product"}],"wp:featuredmedia":[{"embeddable":true,"href":"https:\/\/dev.garden.ee\/en\/wp-json\/wp\/v2\/media\/25886"}],"wp:attachment":[{"href":"https:\/\/dev.garden.ee\/en\/wp-json\/wp\/v2\/media?parent=22771"}],"wp:term":[{"taxonomy":"product_brand","embeddable":true,"href":"https:\/\/dev.garden.ee\/en\/wp-json\/wp\/v2\/product_brand?post=22771"},{"taxonomy":"product_cat","embeddable":true,"href":"https:\/\/dev.garden.ee\/en\/wp-json\/wp\/v2\/product_cat?post=22771"},{"taxonomy":"product_tag","embeddable":true,"href":"https:\/\/dev.garden.ee\/en\/wp-json\/wp\/v2\/product_tag?post=22771"}],"curies":[{"name":"wp","href":"https:\/\/api.w.org\/{rel}","templated":true}]}}