{"id":22684,"date":"2023-02-01T15:28:04","date_gmt":"2023-02-01T13:28:04","guid":{"rendered":"https:\/\/dev.zezz.ee\/garden\/?post_type=product&#038;p=22684"},"modified":"2026-02-17T17:00:19","modified_gmt":"2026-02-17T15:00:19","slug":"astilbe-chinensis-visions","status":"publish","type":"product","link":"https:\/\/dev.garden.ee\/en\/product\/astilbe-chinensis-visions\/","title":{"rendered":"Astilbe chinensis &#8216;Visions&#8217;"},"content":{"rendered":"<input class=\"fooboxshare_post_id\" type=\"hidden\" value=\"22684\"\/>","protected":false},"excerpt":{"rendered":"<p>Kesksuvel ilmuvad l\u00f5hikulise ja kareda pronksjas-rohelise lehestiku kohale vaarikroosad ning l\u00f5hnavad sulgjad \u00f5isikud, mis meeldivad nii mesilastele kui ka teistele tolmeldajatele. Astilbed on v\u00e4hen\u00f5udlikud ja vastupidavad taimed, mis kasvavad k\u00f5ige meelsamini niiskes, hea drenaa\u017eiga huumusrikkas mullas ning hajutatud valgusega kasvukohas, ehkki saavad h\u00e4sti hakkama ka t\u00e4isvarjus, kuid ei pruugi seal nii rikkalikult \u00f5itseda. J\u00e4rjepidevat niiskust vajab taim lehestiku ja \u00f5ite ilmumise ajal. Kr\u00f5bepruuniks kuivanud leheservad annavad m\u00e4rku ebapiisavast kastmisest.<\/p>\n<p>Oma korrap\u00e4rase p\u00fcramiidja kuju ja k\u00fcllaltki madala kasvu t\u00f5ttu sobib taim ideaalselt kasvatamiseks v\u00e4ikeaedades ja ka sobiva suurusega istutuskastides r\u00f5dul v\u00f5i terrassil ning loob huvitava pehme v\u00e4rviefekti massistutusel. Kauniks kaaslaseks teistele poolvarju armastavatele taimedele, nagu brunnerad, hostad ja kobarpead (Ligularia).<\/p>\n<p>Astilbe kuivanud lehed tuleks tagasi l\u00f5igata alles kevadel ning siis v\u00f5ib taimele lisada ka rammusat komposti.<\/p>","protected":false},"featured_media":25315,"template":"","meta":[],"product_brand":[],"product_cat":[9637,6934,4401,4408,4412,22],"product_tag":[],"class_list":{"0":"post-22684","1":"product","2":"type-product","3":"status-publish","4":"has-post-thumbnail","6":"product_cat-istutuskast","7":"product_cat-mesilassobralik-aed","8":"product_cat-pusikud","9":"product_cat-vaike-aed","10":"product_cat-varjuaed","11":"product_cat-taimed","12":"pa_kasvukorgus-40-50-cm","13":"pa_laius-30-50-cm","14":"pa_lisainfo-hirve-kahjustustele-vastupidav","15":"pa_lisainfo-janese-kahjustustele-vastupidav","16":"pa_lisainfo-mesilaste-lemmik","17":"pa_lisainfo-sobilik-istutuskasti-jaoks","18":"pa_lisainfo-sobib-osalise-varjuga-kasvualale","19":"pa_lohn-lohnav","20":"pa_oie-varv-roosa","21":"pa_oitsemise-aeg-juuli","22":"pa_talvekindlus-hea","23":"pa_tingimused-hea-drenaaz","24":"pa_tingimused-parasniiske","25":"pa_tingimused-viljakas","26":"pa_valguse-tingimused-paike","27":"pa_valguse-tingimused-poolvari","28":"pa_variatsioon-suurem-pott","29":"pa_variatsioon-vaike-pott","31":"first","32":"instock","33":"taxable","34":"shipping-taxable","35":"purchasable","36":"product-type-variable"},"acf":[],"_links":{"self":[{"href":"https:\/\/dev.garden.ee\/en\/wp-json\/wp\/v2\/product\/22684","targetHints":{"allow":["GET"]}}],"collection":[{"href":"https:\/\/dev.garden.ee\/en\/wp-json\/wp\/v2\/product"}],"about":[{"href":"https:\/\/dev.garden.ee\/en\/wp-json\/wp\/v2\/types\/product"}],"wp:featuredmedia":[{"embeddable":true,"href":"https:\/\/dev.garden.ee\/en\/wp-json\/wp\/v2\/media\/25315"}],"wp:attachment":[{"href":"https:\/\/dev.garden.ee\/en\/wp-json\/wp\/v2\/media?parent=22684"}],"wp:term":[{"taxonomy":"product_brand","embeddable":true,"href":"https:\/\/dev.garden.ee\/en\/wp-json\/wp\/v2\/product_brand?post=22684"},{"taxonomy":"product_cat","embeddable":true,"href":"https:\/\/dev.garden.ee\/en\/wp-json\/wp\/v2\/product_cat?post=22684"},{"taxonomy":"product_tag","embeddable":true,"href":"https:\/\/dev.garden.ee\/en\/wp-json\/wp\/v2\/product_tag?post=22684"}],"curies":[{"name":"wp","href":"https:\/\/api.w.org\/{rel}","templated":true}]}}