{"id":2261,"date":"2023-01-18T17:12:51","date_gmt":"2023-01-18T15:12:51","guid":{"rendered":"https:\/\/dev.zezz.ee\/garden\/toode\/james-galway\/"},"modified":"2026-02-04T21:22:23","modified_gmt":"2026-02-04T19:22:23","slug":"james-galway","status":"publish","type":"product","link":"https:\/\/dev.garden.ee\/en\/product\/james-galway\/","title":{"rendered":"James Galway"},"content":{"rendered":"<input class=\"fooboxshare_post_id\" type=\"hidden\" value=\"2261\"\/>","protected":false},"excerpt":{"rendered":"<p>J\u00f5ulise ja p\u00fcstise kasvuga sort, mis kujuneb l\u00fchikese ajaga suurep\u00e4raseks roniroosiks. Kaunil p\u00f5\u00f5sasroosil on kergelt kaarduvad ja peaaegu ogadeta pikad varred. Tugev haiguskindel roos sobib ideaalselt taimeala tagumisse ossa. \u00d5ied on suured ja t\u00e4idetud. Arvukad, korrap\u00e4raselt paiknevad kroonlehed annavad \u00f5iele kergelt kumera kuju. Keskmes soe roosa, mis l\u00e4heb \u00e4\u00e4rtes \u00fcle \u00f5rnroosaks. Meeldiva vanaroosi aroomiga. Kasvab ka poolvarjus (min. 4 tundi p\u00e4ikest).<\/p>\n<p data-start=\"281\" data-end=\"498\" data-is-last-node=\"\" data-is-only-node=\"\">Sort on nimetatud rahvusvaheliselt tunnustatud Briti fl\u00f6tisti James Galway auks, t\u00e4histamaks tema 60. s\u00fcnnip\u00e4eva. Roosi tutvustamisel r\u00f5\u00f5mustas James Galway Chelsea Flower Show k\u00fclastajaid oma fl\u00f6\u00f6dimuusikaga.<\/p>","protected":false},"featured_media":24828,"template":"","meta":[],"product_brand":[],"product_cat":[4415,4414,4397,4416,4402,4412,22],"product_tag":[],"class_list":{"0":"post-2261","1":"product","2":"type-product","3":"status-publish","4":"has-post-thumbnail","6":"product_cat-lilleaed","7":"product_cat-lohnaaed","8":"product_cat-ronitaimed","9":"product_cat-roosiaed","10":"product_cat-roosid","11":"product_cat-varjuaed","12":"product_cat-taimed","13":"pa_aretus-david-austin","14":"pa_avalikustamisaasta-uhendkuningriik-2000","15":"pa_haiguskindlus-hea","16":"pa_kasvukorgus-200-250-cm","17":"pa_laius-1-m","18":"pa_lisainfo-ronitaim","19":"pa_lisainfo-sobib-lohnaaeda","20":"pa_lisainfo-sobib-osalise-varjuga-kasvualale","21":"pa_lohn-keskmine","22":"pa_oie-suurus-keskmine","23":"pa_oie-varv-ornroosa","24":"pa_oie-varv-roosa","25":"pa_oietuup-taidisois","26":"pa_oitsemine-korduvalt-oitsev","27":"pa_sort-roniroos","28":"pa_talvekindlus-hea","29":"pa_variatsioon-paljasjuurne-ainult-kevadel","30":"pa_variatsioon-potis-4-6l","31":"pa_variatsioon-potis-4-6l-suvel-ja-sugisel","33":"first","34":"instock","35":"purchasable","36":"product-type-variable"},"acf":[],"_links":{"self":[{"href":"https:\/\/dev.garden.ee\/en\/wp-json\/wp\/v2\/product\/2261","targetHints":{"allow":["GET"]}}],"collection":[{"href":"https:\/\/dev.garden.ee\/en\/wp-json\/wp\/v2\/product"}],"about":[{"href":"https:\/\/dev.garden.ee\/en\/wp-json\/wp\/v2\/types\/product"}],"wp:featuredmedia":[{"embeddable":true,"href":"https:\/\/dev.garden.ee\/en\/wp-json\/wp\/v2\/media\/24828"}],"wp:attachment":[{"href":"https:\/\/dev.garden.ee\/en\/wp-json\/wp\/v2\/media?parent=2261"}],"wp:term":[{"taxonomy":"product_brand","embeddable":true,"href":"https:\/\/dev.garden.ee\/en\/wp-json\/wp\/v2\/product_brand?post=2261"},{"taxonomy":"product_cat","embeddable":true,"href":"https:\/\/dev.garden.ee\/en\/wp-json\/wp\/v2\/product_cat?post=2261"},{"taxonomy":"product_tag","embeddable":true,"href":"https:\/\/dev.garden.ee\/en\/wp-json\/wp\/v2\/product_tag?post=2261"}],"curies":[{"name":"wp","href":"https:\/\/api.w.org\/{rel}","templated":true}]}}