{"id":2245,"date":"2023-01-18T17:12:40","date_gmt":"2023-01-18T15:12:40","guid":{"rendered":"https:\/\/dev.zezz.ee\/garden\/toode\/gertrude-jekyll\/"},"modified":"2026-02-10T15:48:02","modified_gmt":"2026-02-10T13:48:02","slug":"gertrude-jekyll","status":"publish","type":"product","link":"https:\/\/dev.garden.ee\/en\/product\/gertrude-jekyll\/","title":{"rendered":"Gertrude Jekyll\u00ae"},"content":{"rendered":"<input class=\"fooboxshare_post_id\" type=\"hidden\" value=\"2245\"\/>","protected":false},"excerpt":{"rendered":"<p><span style=\"color: #000000;\">Alati \u00fcks esimesi \u00f5itsema hakkavaid Inglise roose. V\u00e4ikestest \u00fcmmargustest keerduvatest \u00f5ienuppudest saavad kaunid, suured, rosetjad \u00f5ied, millel rikkalik s\u00e4ravroosa toon. Meeldiva, tasakaalustatud, eheda vanaroosi l\u00f5hnaga. \u00d5itest v\u00f5ib keeta roosimoosi. P\u00f5\u00f5sas ise on p\u00fcstise kasvuga ja igati heade n\u00e4itajatega.<\/span><\/p>\n<p><span style=\"color: #000000;\">Sobib kasvatamiseks nii p\u00f5\u00f5sana kui ka roniroosina &#8211; v\u00f5ib kasvada 200-300cm k\u00f5rguseks. Sobib ka hekkideks ja aedade spaleerimiseks.<\/span><\/p>\n<p><span style=\"color: #000000;\">Gertrude Jekyll oli kuulus aiakujundaja ja kirjanik, kellel on olnud s\u00fcgav m\u00f5ju t\u00e4nap\u00e4eva Inglise aedade stiilile. Ta propageeris rooside lisamist segaistutustesse ja l\u00f5i \u00fcle 400 maalilise aia Suurbritannias, Euroopas ja Ameerikas. Ta p\u00e4lvis Veitchi m\u00e4lestusmedali ja RHS Victoria aumedali.<\/span><\/p>\n<p><span style=\"color: #ff0000;\">ETTETELLIMINE, V\u00c4LJASTAMINE APRILLI KESKPAIGAST<\/span><\/p>","protected":false},"featured_media":2246,"template":"","meta":[],"product_brand":[],"product_cat":[4395,9637,4415,4414,4413,4397,4416,4402,22],"product_tag":[],"class_list":{"0":"post-2245","1":"product","2":"type-product","3":"status-publish","4":"has-post-thumbnail","6":"product_cat-hekid","7":"product_cat-istutuskast","8":"product_cat-lilleaed","9":"product_cat-lohnaaed","10":"product_cat-loikelilleaed","11":"product_cat-ronitaimed","12":"product_cat-roosiaed","13":"product_cat-roosid","14":"product_cat-taimed","15":"pa_aretus-david-austin","16":"pa_avalikustamisaasta-uhendkuningriik-1986","17":"pa_haiguskindlus-vaga-hea","18":"pa_kasvukorgus-200-250-cm","19":"pa_kasvukorgus-125-cm","20":"pa_laius-90-cm","21":"pa_lisainfo-ideaalne-heki-loomiseks","22":"pa_lisainfo-sobilik-istutuskasti-jaoks","23":"pa_lisainfo-sobib-kasutamiseks-roniroosina","24":"pa_lisainfo-sobib-loikelilleks","25":"pa_lisainfo-sobib-osalise-varjuga-kasvualale","26":"pa_lohn-tugev","27":"pa_lohn-vana-roos","28":"pa_oie-suurus-suur","29":"pa_oie-varv-roosa","30":"pa_oietuup-taidisois","31":"pa_oitsemine-korduvalt-oitsev","32":"pa_sort-poosasroos","33":"pa_sort-roniroos","34":"pa_taimede-arvestus-ruutmeetri-9220","35":"pa_talvekindlus-hea","36":"pa_variatsioon-paljasjuurne-ainult-kevadel","37":"pa_variatsioon-potis-4-6l","38":"pa_variatsioon-potis-4-6l-suvel-ja-sugisel","40":"first","41":"onbackorder","42":"taxable","43":"shipping-taxable","44":"purchasable","45":"product-type-variable"},"acf":[],"_links":{"self":[{"href":"https:\/\/dev.garden.ee\/en\/wp-json\/wp\/v2\/product\/2245","targetHints":{"allow":["GET"]}}],"collection":[{"href":"https:\/\/dev.garden.ee\/en\/wp-json\/wp\/v2\/product"}],"about":[{"href":"https:\/\/dev.garden.ee\/en\/wp-json\/wp\/v2\/types\/product"}],"wp:featuredmedia":[{"embeddable":true,"href":"https:\/\/dev.garden.ee\/en\/wp-json\/wp\/v2\/media\/2246"}],"wp:attachment":[{"href":"https:\/\/dev.garden.ee\/en\/wp-json\/wp\/v2\/media?parent=2245"}],"wp:term":[{"taxonomy":"product_brand","embeddable":true,"href":"https:\/\/dev.garden.ee\/en\/wp-json\/wp\/v2\/product_brand?post=2245"},{"taxonomy":"product_cat","embeddable":true,"href":"https:\/\/dev.garden.ee\/en\/wp-json\/wp\/v2\/product_cat?post=2245"},{"taxonomy":"product_tag","embeddable":true,"href":"https:\/\/dev.garden.ee\/en\/wp-json\/wp\/v2\/product_tag?post=2245"}],"curies":[{"name":"wp","href":"https:\/\/api.w.org\/{rel}","templated":true}]}}